{"id":11242,"date":"2020-10-18T12:34:13","date_gmt":"2020-10-18T12:34:13","guid":{"rendered":"https:\/\/sarahandbendrix.com\/datenschutzbestimmungen\/"},"modified":"2026-02-07T01:36:24","modified_gmt":"2026-02-07T01:36:24","slug":"datenschutzbestimmungen","status":"publish","type":"page","link":"https:\/\/fillersupplies.vip\/de\/datenschutzbestimmungen\/","title":{"rendered":"Datenschutz- und Cookie-Richtlinie"},"content":{"rendered":"\t\t<div data-elementor-type=\"wp-page\" data-elementor-id=\"11242\" class=\"elementor elementor-11242 elementor-3\">\n\t\t\t\t\t\t<section class=\"elementor-section elementor-top-section elementor-element elementor-element-2005d0eb elementor-section-boxed elementor-section-height-default elementor-section-height-default\" data-id=\"2005d0eb\" data-element_type=\"section\" data-e-type=\"section\">\n\t\t\t\t\t\t<div class=\"elementor-container elementor-column-gap-default\">\n\t\t\t\t\t<div class=\"elementor-column elementor-col-100 elementor-top-column elementor-element elementor-element-ff398de\" data-id=\"ff398de\" data-element_type=\"column\" data-e-type=\"column\">\n\t\t\t<div class=\"elementor-widget-wrap elementor-element-populated\">\n\t\t\t\t\t\t<div class=\"elementor-element elementor-element-5d850c97 elementor-widget elementor-widget-text-editor\" data-id=\"5d850c97\" data-element_type=\"widget\" data-e-type=\"widget\" data-widget_type=\"text-editor.default\">\n\t\t\t\t<div class=\"elementor-widget-container\">\n\t\t\t\t\t\t\t\t\t<p data-path-to-node=\"6\"><b data-path-to-node=\"6\" data-index-in-node=\"0\">Wirksamkeitsdatum:<\/b> Februar 2026<\/p><h3 data-path-to-node=\"7\">1. Einf\u00fchrung und Datencontroller<\/h3><p data-path-to-node=\"8\">SarahandBendrix.com (die &#8222;Website&#8220;, &#8222;wir&#8220;, &#8222;uns&#8220; oder &#8222;uns&#8220;) verpflichtet sich, die Privatsph\u00e4re ihrer Besucher und professionellen Kunden weltweit zu sch\u00fctzen. Diese Richtlinie beschreibt, wie wir mit personenbezogenen Daten in \u00dcbereinstimmung mit globalen Standards umgehen, einschlie\u00dflich <b data-path-to-node=\"8\" data-index-in-node=\"252\">DSGVO<\/b> (EU) und <b data-path-to-node=\"8\" data-index-in-node=\"266\">CCPA\/CPRA<\/b> (USA). <\/p><p data-path-to-node=\"9\"><b data-path-to-node=\"9\" data-index-in-node=\"0\">Datenverantwortlicher:<\/b> Fillersupplies 120 Madeira Dr NE, <b data-path-to-node=\"9\" data-index-in-node=\"56\">Suite 219<\/b>, Albuquerque, NM 87108, USA. Datenschutz-Kontakt-E-Mail: <b data-path-to-node=\"9\" data-index-in-node=\"118\">info@fillersupplies.vip<\/b><\/p><h3 data-path-to-node=\"10\">2. Welche personenbezogenen Daten wir sammeln<\/h3><p data-path-to-node=\"11\">Wir sammeln Informationen, die notwendig sind, um \u00e4sthetische Gro\u00dfhandelsl\u00f6sungen anzubieten und die Einhaltung gesetzlicher Vorschriften sicherzustellen:<\/p><ul data-path-to-node=\"12\"><li><p data-path-to-node=\"12,0,0\"><b data-path-to-node=\"12,0,0\" data-index-in-node=\"0\">Identifikation und berufliche Daten:<\/b> Name, E-Mail, Telefonnummer und <b data-path-to-node=\"12,0,0\" data-index-in-node=\"64\">professionelle medizinische Lizenzen\/Zertifikate<\/b> (erforderlich f\u00fcr die B2B-Verifizierung).<\/p><\/li><li><p data-path-to-node=\"12,1,0\"><b data-path-to-node=\"12,1,0\" data-index-in-node=\"0\">Versand- und Abrechnungsdaten:<\/b> Physische Adressen f\u00fcr internationalen Export und Rechnungsstellung.<\/p><\/li><li><p data-path-to-node=\"12,2,0\"><b data-path-to-node=\"12,2,0\" data-index-in-node=\"0\">Zahlungsdaten:<\/b> Verarbeitet \u00fcber sichere Drittanbieter-Gateways (z. B. Stripe, PayPal). Wir speichern keine vollst\u00e4ndigen Kreditkartendaten auf unseren Servern. <\/p><\/li><li><p data-path-to-node=\"12,3,0\"><b data-path-to-node=\"12,3,0\" data-index-in-node=\"0\">Technische Daten:<\/b> IP-Adresse, Browsertyp und Navigationsmuster mittels Cookies.<\/p><\/li><\/ul><h3 data-path-to-node=\"13\">3. Rechtsgrundlage f\u00fcr die Verarbeitung (DSGVO-Konformit\u00e4t)<\/h3><p data-path-to-node=\"14\">F\u00fcr Nutzer im Europ\u00e4ischen Wirtschaftsraum (EWR) verarbeiten wir die Daten unter folgenden Kriterien:<\/p><ul data-path-to-node=\"15\"><li><p data-path-to-node=\"15,0,0\"><b data-path-to-node=\"15,0,0\" data-index-in-node=\"0\">Vertragliche Notwendigkeit:<\/b> Um Ihre medizinischen Vorr\u00e4te zu verarbeiten und zu verschicken.<\/p><\/li><li><p data-path-to-node=\"15,1,0\"><b data-path-to-node=\"15,1,0\" data-index-in-node=\"0\">Rechtliche Verpflichtung:<\/b> Um professionelle Lizenzen zu \u00fcberpr\u00fcfen und die Einhaltung der Export- und Steuergesetze zu gew\u00e4hrleisten.<\/p><\/li><li><p data-path-to-node=\"15,2,0\"><b data-path-to-node=\"15,2,0\" data-index-in-node=\"0\">Rechtm\u00e4\u00dfiges Interesse:<\/b> Die Sicherheit der Website zu verbessern und B2B-Markttrends zu analysieren.<\/p><\/li><li><p data-path-to-node=\"15,3,0\"><b data-path-to-node=\"15,3,0\" data-index-in-node=\"0\">Einwilligung:<\/b> F\u00fcr Marketingkommunikation (Newsletter), der jederzeit zur\u00fcckgezogen werden kann.<\/p><\/li><\/ul><h3 data-path-to-node=\"16\">4. Internationale Daten\u00fcbertragungen (USA &amp; S\u00fcdkorea)<\/h3><p data-path-to-node=\"17\">Durch die Nutzung unserer Website best\u00e4tigen Sie, dass Ihre pers\u00f6nlichen Daten \u00fcbertragen und in folgender Transaktionen \u00fcbertragen und verarbeitet werden:<\/p><ol start=\"1\" data-path-to-node=\"18\"><li><p data-path-to-node=\"18,0,0\"><b data-path-to-node=\"18,0,0\" data-index-in-node=\"0\">Die Vereinigten Staaten:<\/b> Wo sich unser Verwaltungsb\u00fcro und unsere Server befinden.<\/p><\/li><li><p data-path-to-node=\"18,1,0\"><b data-path-to-node=\"18,1,0\" data-index-in-node=\"0\">S\u00fcdkorea:<\/b> Dort befindet sich unser Fulfillment-Center, zum Zweck der Kommissionierung, Verpackung und weltweiten Versands. Wir implementieren <b data-path-to-node=\"18,1,0\" data-index-in-node=\"125\">Standardvertragsklauseln (SCCs),<\/b> um sicherzustellen, dass Ihre Daten unabh\u00e4ngig vom Verarbeitungsort einen angemessenen Schutz erhalten. <\/p><\/li><\/ol><h3 data-path-to-node=\"19\">5. Ihre Rechte<\/h3><ul data-path-to-node=\"20\"><li><p data-path-to-node=\"20,0,0\"><b data-path-to-node=\"20,0,0\" data-index-in-node=\"0\">EWR-Einwohner (DSGVO):<\/b> Sie haben das Recht, auf Ihre Daten zuzugreifen, zu korrigieren, zu l\u00f6schen (&#8222;Recht auf Vergessenwerden&#8220;) oder die Verarbeitung Ihrer Daten einzuschr\u00e4nken. Sie k\u00f6nnen auch gegen Profiling Einw\u00e4nde haben und Datenportabilit\u00e4t beantragen. <\/p><\/li><li><p data-path-to-node=\"20,1,0\"><b data-path-to-node=\"20,1,0\" data-index-in-node=\"0\">Einwohner Kaliforniens (CCPA):<\/b> Sie haben das Recht, &#8222;zu wissen&#8220;, welche Daten gesammelt werden, Ihre Daten zu &#8222;l\u00f6schen&#8220; und sich vom Verkauf oder der Weitergabe pers\u00f6nlicher Daten abzumelden.<\/p><\/li><li><p data-path-to-node=\"20,2,0\"><b data-path-to-node=\"20,2,0\" data-index-in-node=\"0\">\u00dcben Sie Ihre Rechte aus:<\/b> Schreiben Sie uns eine E-Mail an <b data-path-to-node=\"20,2,0\" data-index-in-node=\"34\">info@fillersupplies.vip<\/b>.<\/p><\/li><\/ul><h3 data-path-to-node=\"21\">6. Cookie-Richtlinie<\/h3><p data-path-to-node=\"22\">Wir verwenden Cookies, um Ihr B2B-Erlebnis zu verbessern.<\/p><ul data-path-to-node=\"23\"><li><p data-path-to-node=\"23,0,0\"><b data-path-to-node=\"23,0,0\" data-index-in-node=\"0\">Wichtige Cookies:<\/b> Erforderlich f\u00fcr Login und Warenkorbfunktionalit\u00e4t (keine Zustimmung erforderlich).<\/p><\/li><li><p data-path-to-node=\"23,1,0\"><b data-path-to-node=\"23,1,0\" data-index-in-node=\"0\">Analytische Cookies:<\/b> Helfen Sie uns, den Seitenverkehr zu verstehen (anonymisiert).<\/p><\/li><li><p data-path-to-node=\"23,2,0\"><b data-path-to-node=\"23,2,0\" data-index-in-node=\"0\">Marketing-Cookies:<\/b> Verwendet f\u00fcr gezielte professionelle Angebote (Zustimmung \u00fcber ein Banner erforderlich).<\/p><\/li><\/ul><p data-path-to-node=\"24\">Sie k\u00f6nnen Ihre <b data-path-to-node=\"24\" data-index-in-node=\"44\">Einstellungen \u00fcber unser Cookie-Banner<\/b> oder Ihre Browsereinstellungen verwalten.<\/p><h3 data-path-to-node=\"25\">7. Datenspeicherung und -sicherheit<\/h3><p data-path-to-node=\"26\">Wir bewahren professionelle Verifizierungsdokumente (medizinische Lizenzen) nur so lange auf, wie es notwendig ist, um Ihren Status &#8222;Verifizierter Fachmann&#8220; aufrechtzuerhalten. Wir verwenden branchen\u00fcbliche Verschl\u00fcsselung (SSL\/TLS), um alle Daten\u00fcbertragungen zu sch\u00fctzen. <\/p><p data-path-to-node=\"26\"> <\/p>\t\t\t\t\t\t\t\t<\/div>\n\t\t\t\t<\/div>\n\t\t\t\t\t<\/div>\n\t\t<\/div>\n\t\t\t\t\t<\/div>\n\t\t<\/section>\n\t\t<div class=\"elementor-element elementor-element-f708eec e-flex e-con-boxed e-con e-parent\" data-id=\"f708eec\" data-element_type=\"container\" data-e-type=\"container\">\n\t\t\t\t\t<div class=\"e-con-inner\">\n\t\t\t\t<div class=\"elementor-element elementor-element-1a763e6 elementor-widget elementor-widget-html\" data-id=\"1a763e6\" data-element_type=\"widget\" data-e-type=\"widget\" data-widget_type=\"html.default\">\n\t\t\t\t<div class=\"elementor-widget-container\">\n\t\t\t\t\t<script type=\"application\/ld+json\">{\r\n  \"@context\": \"https:\/\/schema.org\",\r\n  \/\/ UTILIT\u00c0: Dimostra trasparenza nel trattamento dei dati tra USA e Corea\r\n  \"@type\": \"PrivacyPolicy\",\r\n  \"name\": \"Privacy and Cookie Policy - Fillersupplies \",\r\n  \"description\": \"Privacy protocols for professional data and international data transfers between USA and South Korea.\",\r\n  \"publisher\": {\r\n    \"@type\": \"Organization\",\r\n    \"name\": \"Fillersupplies\"\r\n  }\r\n}\r\n<\/script><script type=\"application\/ld+json\">{\r\n  \"@context\": \"https:\/\/schema.org\",\r\n  \/\/ UTILIT\u00c0: Stabilisce la giurisdizione legale (New Mexico), essenziale per la protezione della LLC\r\n  \"@type\": \"WebPage\",\r\n  \"name\": \"Terms and Conditions - Fillersupplies \",\r\n  \"description\": \"B2B Terms of Service for international medical export and professional procurement.\",\r\n  \"publisher\": {\r\n    \"@type\": \"Organization\",\r\n    \"name\": \"Fillersupplies\"\r\n  }\r\n}\r\n<\/script>\t\t\t\t<\/div>\n\t\t\t\t<\/div>\n\t\t\t\t\t<\/div>\n\t\t\t\t<\/div>\n\t\t\t\t<\/div>\n\t\t","protected":false},"excerpt":{"rendered":"<p>Wirksamkeitsdatum: Februar 2026 1. Einf\u00fchrung und Datencontroller SarahandBendrix.com (die &#8222;Website&#8220;, &#8222;wir&#8220;, &#8222;uns&#8220; oder &#8222;uns&#8220;) verpflichtet sich, die Privatsph\u00e4re ihrer Besucher und professionellen&hellip;<\/p>\n","protected":false},"author":1,"featured_media":0,"parent":0,"menu_order":0,"comment_status":"open","ping_status":"open","template":"","meta":{"footnotes":""},"class_list":["post-11242","page","type-page","status-publish","hentry"],"yoast_head":"<!-- This site is optimized with the Yoast SEO plugin v27.3 - https:\/\/yoast.com\/product\/yoast-seo-wordpress\/ -->\n<title>Datenschutz- und Cookie-Richtlinie - Kaufen Sie Hautf\u00fcller-Injektionen Fillersupplies.vip<\/title>\n<meta name=\"robots\" content=\"index, nofollow, max-snippet:-1, max-image-preview:large, max-video-preview:-1\" \/>\n<link rel=\"canonical\" href=\"https:\/\/fillersupplies.vip\/de\/datenschutzbestimmungen\/\" \/>\n<meta property=\"og:locale\" content=\"de_DE\" \/>\n<meta property=\"og:type\" content=\"article\" \/>\n<meta property=\"og:title\" content=\"Datenschutz- und Cookie-Richtlinie - Kaufen Sie Hautf\u00fcller-Injektionen Fillersupplies.vip\" \/>\n<meta property=\"og:description\" content=\"Wirksamkeitsdatum: Februar 2026 1. Einf\u00fchrung und Datencontroller SarahandBendrix.com (die &#8222;Website&#8220;, &#8222;wir&#8220;, &#8222;uns&#8220; oder &#8222;uns&#8220;) verpflichtet sich, die Privatsph\u00e4re ihrer Besucher und professionellen&hellip;\" \/>\n<meta property=\"og:url\" content=\"https:\/\/fillersupplies.vip\/de\/datenschutzbestimmungen\/\" \/>\n<meta property=\"og:site_name\" content=\"Fillersupplies.vip\" \/>\n<meta property=\"article:modified_time\" content=\"2026-02-07T01:36:24+00:00\" \/>\n<meta name=\"twitter:card\" content=\"summary_large_image\" \/>\n<meta name=\"twitter:label1\" content=\"Gesch\u00e4tzte Lesezeit \" \/>\n\t<meta name=\"twitter:data1\" content=\"5 Minuten\" \/>\n<script type=\"application\/ld+json\" class=\"yoast-schema-graph\">{\"@context\":\"https:\\\/\\\/schema.org\",\"@graph\":[{\"@type\":\"WebPage\",\"@id\":\"https:\\\/\\\/fillersupplies.vip\\\/de\\\/datenschutzbestimmungen\\\/\",\"url\":\"https:\\\/\\\/fillersupplies.vip\\\/de\\\/datenschutzbestimmungen\\\/\",\"name\":\"Datenschutz- und Cookie-Richtlinie - Kaufen Sie Hautf\u00fcller-Injektionen Fillersupplies.vip\",\"isPartOf\":{\"@id\":\"https:\\\/\\\/fillersupplies.vip\\\/de\\\/#website\"},\"datePublished\":\"2020-10-18T12:34:13+00:00\",\"dateModified\":\"2026-02-07T01:36:24+00:00\",\"breadcrumb\":{\"@id\":\"https:\\\/\\\/fillersupplies.vip\\\/de\\\/datenschutzbestimmungen\\\/#breadcrumb\"},\"inLanguage\":\"de\",\"potentialAction\":[{\"@type\":\"ReadAction\",\"target\":[\"https:\\\/\\\/fillersupplies.vip\\\/de\\\/datenschutzbestimmungen\\\/\"]}]},{\"@type\":\"BreadcrumbList\",\"@id\":\"https:\\\/\\\/fillersupplies.vip\\\/de\\\/datenschutzbestimmungen\\\/#breadcrumb\",\"itemListElement\":[{\"@type\":\"ListItem\",\"position\":1,\"name\":\"Heim\",\"item\":\"https:\\\/\\\/fillersupplies.vip\\\/de\\\/\"},{\"@type\":\"ListItem\",\"position\":2,\"name\":\"Datenschutz- und Cookie-Richtlinie\"}]},{\"@type\":\"WebSite\",\"@id\":\"https:\\\/\\\/fillersupplies.vip\\\/de\\\/#website\",\"url\":\"https:\\\/\\\/fillersupplies.vip\\\/de\\\/\",\"name\":\"Sarahandbendrix\",\"description\":\"Besuchen Sie unseren Shop, wo Sie Hautf\u00fcller, Botox- und Mesotherapie-Produkte der besten Marken kaufen k\u00f6nnen\",\"potentialAction\":[{\"@type\":\"SearchAction\",\"target\":{\"@type\":\"EntryPoint\",\"urlTemplate\":\"https:\\\/\\\/fillersupplies.vip\\\/de\\\/?s={search_term_string}\"},\"query-input\":{\"@type\":\"PropertyValueSpecification\",\"valueRequired\":true,\"valueName\":\"search_term_string\"}}],\"inLanguage\":\"de\"}]}<\/script>\n<!-- \/ Yoast SEO plugin. -->","yoast_head_json":{"title":"Datenschutz- und Cookie-Richtlinie - Kaufen Sie Hautf\u00fcller-Injektionen Fillersupplies.vip","robots":{"index":"index","follow":"nofollow","max-snippet":"max-snippet:-1","max-image-preview":"max-image-preview:large","max-video-preview":"max-video-preview:-1"},"canonical":"https:\/\/fillersupplies.vip\/de\/datenschutzbestimmungen\/","og_locale":"de_DE","og_type":"article","og_title":"Datenschutz- und Cookie-Richtlinie - Kaufen Sie Hautf\u00fcller-Injektionen Fillersupplies.vip","og_description":"Wirksamkeitsdatum: Februar 2026 1. Einf\u00fchrung und Datencontroller SarahandBendrix.com (die &#8222;Website&#8220;, &#8222;wir&#8220;, &#8222;uns&#8220; oder &#8222;uns&#8220;) verpflichtet sich, die Privatsph\u00e4re ihrer Besucher und professionellen&hellip;","og_url":"https:\/\/fillersupplies.vip\/de\/datenschutzbestimmungen\/","og_site_name":"Fillersupplies.vip","article_modified_time":"2026-02-07T01:36:24+00:00","twitter_card":"summary_large_image","twitter_misc":{"Gesch\u00e4tzte Lesezeit ":"5 Minuten"},"schema":{"@context":"https:\/\/schema.org","@graph":[{"@type":"WebPage","@id":"https:\/\/fillersupplies.vip\/de\/datenschutzbestimmungen\/","url":"https:\/\/fillersupplies.vip\/de\/datenschutzbestimmungen\/","name":"Datenschutz- und Cookie-Richtlinie - Kaufen Sie Hautf\u00fcller-Injektionen Fillersupplies.vip","isPartOf":{"@id":"https:\/\/fillersupplies.vip\/de\/#website"},"datePublished":"2020-10-18T12:34:13+00:00","dateModified":"2026-02-07T01:36:24+00:00","breadcrumb":{"@id":"https:\/\/fillersupplies.vip\/de\/datenschutzbestimmungen\/#breadcrumb"},"inLanguage":"de","potentialAction":[{"@type":"ReadAction","target":["https:\/\/fillersupplies.vip\/de\/datenschutzbestimmungen\/"]}]},{"@type":"BreadcrumbList","@id":"https:\/\/fillersupplies.vip\/de\/datenschutzbestimmungen\/#breadcrumb","itemListElement":[{"@type":"ListItem","position":1,"name":"Heim","item":"https:\/\/fillersupplies.vip\/de\/"},{"@type":"ListItem","position":2,"name":"Datenschutz- und Cookie-Richtlinie"}]},{"@type":"WebSite","@id":"https:\/\/fillersupplies.vip\/de\/#website","url":"https:\/\/fillersupplies.vip\/de\/","name":"Sarahandbendrix","description":"Besuchen Sie unseren Shop, wo Sie Hautf\u00fcller, Botox- und Mesotherapie-Produkte der besten Marken kaufen k\u00f6nnen","potentialAction":[{"@type":"SearchAction","target":{"@type":"EntryPoint","urlTemplate":"https:\/\/fillersupplies.vip\/de\/?s={search_term_string}"},"query-input":{"@type":"PropertyValueSpecification","valueRequired":true,"valueName":"search_term_string"}}],"inLanguage":"de"}]}},"_links":{"self":[{"href":"https:\/\/fillersupplies.vip\/de\/wp-json\/wp\/v2\/pages\/11242","targetHints":{"allow":["GET"]}}],"collection":[{"href":"https:\/\/fillersupplies.vip\/de\/wp-json\/wp\/v2\/pages"}],"about":[{"href":"https:\/\/fillersupplies.vip\/de\/wp-json\/wp\/v2\/types\/page"}],"author":[{"embeddable":true,"href":"https:\/\/fillersupplies.vip\/de\/wp-json\/wp\/v2\/users\/1"}],"replies":[{"embeddable":true,"href":"https:\/\/fillersupplies.vip\/de\/wp-json\/wp\/v2\/comments?post=11242"}],"version-history":[{"count":3,"href":"https:\/\/fillersupplies.vip\/de\/wp-json\/wp\/v2\/pages\/11242\/revisions"}],"predecessor-version":[{"id":26485,"href":"https:\/\/fillersupplies.vip\/de\/wp-json\/wp\/v2\/pages\/11242\/revisions\/26485"}],"wp:attachment":[{"href":"https:\/\/fillersupplies.vip\/de\/wp-json\/wp\/v2\/media?parent=11242"}],"curies":[{"name":"wp","href":"https:\/\/api.w.org\/{rel}","templated":true}]}}