{"id":22860,"date":"2025-11-13T14:18:11","date_gmt":"2025-11-13T14:18:11","guid":{"rendered":"https:\/\/sarahandbendrix.com\/compliance-and-licenses\/"},"modified":"2026-02-07T01:32:29","modified_gmt":"2026-02-07T01:32:29","slug":"konformitaet-und-lizenzen","status":"publish","type":"page","link":"https:\/\/fillersupplies.vip\/de\/konformitaet-und-lizenzen\/","title":{"rendered":"Compliance and licenses"},"content":{"rendered":"\t\t<div data-elementor-type=\"wp-page\" data-elementor-id=\"22860\" class=\"elementor elementor-22860 elementor-22826\">\n\t\t\t\t<div class=\"elementor-element elementor-element-6e08e5c7 e-flex e-con-boxed e-con e-parent\" data-id=\"6e08e5c7\" data-element_type=\"container\" data-e-type=\"container\">\n\t\t\t\t\t<div class=\"e-con-inner\">\n\t\t\t\t<div class=\"elementor-element elementor-element-614489f0 elementor-widget elementor-widget-text-editor\" data-id=\"614489f0\" data-element_type=\"widget\" data-e-type=\"widget\" data-widget_type=\"text-editor.default\">\n\t\t\t\t<div class=\"elementor-widget-container\">\n\t\t\t\t\t\t\t\t\t<h1 data-path-to-node=\"3\">Globale regulatorische Compliance und Qualit\u00e4tssicherung<\/h1>\r\n<p data-path-to-node=\"4\"><b data-path-to-node=\"4\" data-index-in-node=\"0\">Sarah &amp; Bendrix<\/b> ist ein f\u00fchrender internationaler H\u00e4ndler und Gro\u00dfhandelsvertrieb professioneller \u00e4sthetischer L\u00f6sungen. Unser Engagement f\u00fcr Transparenz, klinische Sicherheit und globale Handelskonformit\u00e4t stellt sicher, dass Gesundheitsfachkr\u00e4fte unabh\u00e4ngig von ihrem Standort authentische, hochstabile Produkte erhalten. <\/p>\r\n\r\n<h3 data-path-to-node=\"5\">1. Unternehmensidentit\u00e4t &amp; internationaler Exportstatus<\/h3>\r\n<p data-path-to-node=\"6\"><b data-path-to-node=\"6\" data-index-in-node=\"0\">Sarah &amp; Bendrix<\/b> ist eine eingetragene Marke von <b data-path-to-node=\"6\" data-index-in-node=\"41\">Fillersupplies,<\/b> einer juristisch eingetragenen Gesellschaft in den Vereinigten Staaten, die ausschlie\u00dflich als <b data-path-to-node=\"6\" data-index-in-node=\"139\">internationaler Exporth\u00e4ndler<\/b> agiert.<\/p>\r\n\r\n<ul data-path-to-node=\"7\">\r\n \t<li>\r\n<p data-path-to-node=\"7,0,0\"><b data-path-to-node=\"7,0,0\" data-index-in-node=\"0\">Firmenname:<\/b> Fillersupplies<\/p>\r\n<\/li>\r\n \t<li>\r\n<p data-path-to-node=\"7,1,0\"><b data-path-to-node=\"7,1,0\" data-index-in-node=\"0\">Registrierungsnummer:<\/b> 6433850<\/p>\r\n<\/li>\r\n \t<li>\r\n<p data-path-to-node=\"7,2,0\"><b data-path-to-node=\"7,2,0\" data-index-in-node=\"0\">Firmensitz (Verwaltung &amp; Abrechnung):<\/b> 120 Madeira Dr NE, Suite 219, Albuquerque, NM 87108, USA.<\/p>\r\n<\/li>\r\n \t<li>\r\n<p data-path-to-node=\"7,3,0\"><b data-path-to-node=\"7,3,0\" data-index-in-node=\"0\">Operative Rolle:<\/b> Globale strategische Distribution und Export von Medizintechnik und \u00e4sthetischen Biostimulatoren.<\/p>\r\n<\/li>\r\n \t<li>\r\n<p data-path-to-node=\"7,4,0\"><b data-path-to-node=\"7,4,0\" data-index-in-node=\"0\">Marktmitteilung:<\/b> Auf dieser Plattform gelistete Produkte sind ausschlie\u00dflich f\u00fcr lizenzierte Fachleute auf internationalen M\u00e4rkten f\u00fcr den <b data-path-to-node=\"7,4,0\" data-index-in-node=\"65\">Export<\/b> bestimmt und sind nicht f\u00fcr den Inlandsverkauf in den Vereinigten Staaten erh\u00e4ltlich.<\/p>\r\n<\/li>\r\n<\/ul>\r\n<h3 data-path-to-node=\"8\">2. Integrit\u00e4t der Lieferkette &amp; Zertifizierungen<\/h3>\r\n<p data-path-to-node=\"9\">Um das h\u00f6chste Ma\u00df an <b data-path-to-node=\"9\" data-index-in-node=\"33\">Vertrauensw\u00fcrdigkeit (EEAT)<\/b> aufrechtzuerhalten, wird unsere Lieferkette durch internationale Qualit\u00e4tsprotokolle und verifizierte Beschaffung aus der Republik Korea, dem globalen Zentrum \u00e4sthetischer Innovation, geregelt.<\/p>\r\n\r\n<table data-path-to-node=\"10\">\r\n<thead>\r\n<tr>\r\n<td><strong>Standard \/ Identifikator<\/strong><\/td>\r\n<td><strong>Referenz<\/strong><\/td>\r\n<td><strong>Status<\/strong><\/td>\r\n<\/tr>\r\n<\/thead>\r\n<tbody>\r\n<tr>\r\n<td><a href=\"https:\/\/fillersupplies.vip\/wp-content\/uploads\/2025\/11\/Sarahandbendrix-9001-EN.pdf\"><span data-path-to-node=\"10,1,0,0\"><b data-path-to-node=\"10,1,0,0\" data-index-in-node=\"0\">ISO 9001:2015<\/b><\/span><\/a><\/td>\r\n<td><span data-path-to-node=\"10,1,1,0\">041 24 1068<\/span><\/td>\r\n<td><span data-path-to-node=\"10,1,2,0\">Qualit\u00e4tsmanagementsystem-zertifiziert<\/span><\/td>\r\n<\/tr>\r\n<tr>\r\n<td><span data-path-to-node=\"10,2,0,0\"><b data-path-to-node=\"10,2,0,0\" data-index-in-node=\"0\">Globale Beschaffung<\/b><\/span><\/td>\r\n<td><span data-path-to-node=\"10,2,1,0\">Hersteller Direkt<\/span><\/td>\r\n<td><span data-path-to-node=\"10,2,2,0\">100 % authentische koreanische \u00c4sthetik<\/span><\/td>\r\n<\/tr>\r\n<tr>\r\n<td><span data-path-to-node=\"10,3,0,0\"><b data-path-to-node=\"10,3,0,0\" data-index-in-node=\"0\">GDP-Protokolle<\/b><\/span><\/td>\r\n<td><span data-path-to-node=\"10,3,1,0\">Gute Verteilungspraxis<\/span><\/td>\r\n<td><span data-path-to-node=\"10,3,2,0\">Verifizierte interne Revisionsstandards<\/span><\/td>\r\n<\/tr>\r\n<tr>\r\n<td><span data-path-to-node=\"10,4,0,0\"><b data-path-to-node=\"10,4,0,0\" data-index-in-node=\"0\">R\u00fcckverfolgbarkeit<\/b><\/span><\/td>\r\n<td><span data-path-to-node=\"10,4,1,0\">Chargenspezifische Nachverfolgung<\/span><\/td>\r\n<td><span data-path-to-node=\"10,4,2,0\">Aktiv vom Ursprung bis zum Ziel<\/span><\/td>\r\n<\/tr>\r\n<\/tbody>\r\n<\/table>\r\n<h3 data-path-to-node=\"11\">3. Spezialisiertes Logistik- und Koreanisches Fulfillment-Center<\/h3>\r\n<p data-path-to-node=\"12\">Im Gegensatz zu traditionellen Einzelh\u00e4ndlern nutzen wir ein dezentrales Logistikmodell, um die Produktwirksamkeit und molekulare Stabilit\u00e4t sicherzustellen.<\/p>\r\n\r\n<ul data-path-to-node=\"13\">\r\n \t<li>\r\n<p data-path-to-node=\"13,0,0\"><b data-path-to-node=\"13,0,0\" data-index-in-node=\"0\">Strategisches Fulfillment-Hub:<\/b> Der gesamte physische Bestand wird von unserem spezialisierten <b data-path-to-node=\"13,0,0\" data-index-in-node=\"96\">Fulfillment-Center in S\u00fcdkorea<\/b> gelagert und verschickt.<\/p>\r\n<\/li>\r\n \t<li>\r\n<p data-path-to-node=\"13,1,0\"><b data-path-to-node=\"13,1,0\" data-index-in-node=\"0\">Export von Ursprungs-zu-Klinik<\/b> : Durch den direkten Versand aus dem Herstellungsland (Korea) minimieren wir die Transitzeit und verringern den CO\u2082-Fu\u00dfabdruck der Lieferkette.<\/p>\r\n<\/li>\r\n \t<li>\r\n<p data-path-to-node=\"13,2,0\"><b data-path-to-node=\"13,2,0\" data-index-in-node=\"0\">K\u00fchlketten-Exzellenz:<\/b> Alle temperaturempfindlichen Komplexe werden in klimatisierten Umgebungen gelagert und mit fortschrittlicher thermischer Integrit\u00e4tsverpackung verschickt.<\/p>\r\n<\/li>\r\n \t<li>\r\n<p data-path-to-node=\"13,3,0\"><b data-path-to-node=\"13,3,0\" data-index-in-node=\"0\">Zolltransparenz:<\/b> Wir stellen vollst\u00e4ndige kommerzielle Dokumente bereit, einschlie\u00dflich <b data-path-to-node=\"13,3,0\" data-index-in-node=\"74\">Sicherheitsdatenbl\u00e4tter (SDS)<\/b> und Herkunftsbescheinigungen, um eine reibungslose internationale Zollabfertigung zu gew\u00e4hrleisten.<\/p>\r\n<\/li>\r\n<\/ul>\r\n<h3 data-path-to-node=\"14\">4. B2B-Richtlinie zur professionellen Verifizierung<\/h3>\r\n<p data-path-to-node=\"15\">In \u00dcbereinstimmung mit internationalen Gesundheitsvorschriften und <b data-path-to-node=\"15\" data-index-in-node=\"56\">den Sicherheitsstandards von YMYL (Your Money Your Life)<\/b> ist der Zugang zu Produkten in professioneller Qualit\u00e4t eingeschr\u00e4nkt.<\/p>\r\n\r\n<ul data-path-to-node=\"16\">\r\n \t<li>\r\n<p data-path-to-node=\"16,0,0\"><b data-path-to-node=\"16,0,0\" data-index-in-node=\"0\">Verpflichtende Lizenzierung:<\/b> Der Kauf von Biostimulatoren in medizinischer Qualit\u00e4t ist verifizierten Gesundheitsfachkr\u00e4ften vorbehalten.<\/p>\r\n<\/li>\r\n \t<li>\r\n<p data-path-to-node=\"16,1,0\"><b data-path-to-node=\"16,1,0\" data-index-in-node=\"0\">Verifikationsprotokoll:<\/b> Der Zugang zu Gro\u00dfhandelspreisen erfordert eine manuelle \u00dcberpr\u00fcfung einer g\u00fcltigen \u00e4rztlichen Lizenz oder einer professionellen \u00e4sthetischen Zertifizierung.<\/p>\r\n<\/li>\r\n \t<li>\r\n<p data-path-to-node=\"16,2,0\"><b data-path-to-node=\"16,2,0\" data-index-in-node=\"0\">Regulatorische Ausrichtung:<\/b> Wir stellen sicher, dass alle vertriebenen Produkte die von ihren jeweiligen Fertigungsregionen geforderten Sicherheitsstandards (<b data-path-to-node=\"16,2,0\" data-index-in-node=\"140\">KFDA, CE oder ISO)<\/b> erf\u00fcllen.<\/p>\r\n<\/li>\r\n<\/ul>\r\n<h3 data-path-to-node=\"17\">5. Engagement f\u00fcr Authentizit\u00e4t<\/h3>\r\n<p data-path-to-node=\"18\">Sarah &amp; Bendrix verfolgt eine Null-Toleranz-Politik gegen\u00fcber gef\u00e4lschten Produkten. Jeder Artikel in unserem Katalog bietet: <\/p>\r\n\r\n<ol start=\"1\" data-path-to-node=\"19\">\r\n \t<li>\r\n<p data-path-to-node=\"19,0,0\"><b data-path-to-node=\"19,0,0\" data-index-in-node=\"0\">Manipulationssichere Siegel:<\/b> Um zu garantieren, dass das Produkt nicht ver\u00e4ndert wurde.<\/p>\r\n<\/li>\r\n \t<li>\r\n<p data-path-to-node=\"19,1,0\"><b data-path-to-node=\"19,1,0\" data-index-in-node=\"0\">Einzigartige QR-\/Hologramm-Codes:<\/b> F\u00fcr eine direkte Herstellerverifikation, wo anwendbar.<\/p>\r\n<\/li>\r\n \t<li>\r\n<p data-path-to-node=\"19,2,0\"><b data-path-to-node=\"19,2,0\" data-index-in-node=\"0\">Verl\u00e4ngerte Haltbarkeitsgarantie:<\/b> Wir werden \u00fcber unser First-in, First-Out (FIFO) koreanisches Lagersystem verwaltet.<\/p>\r\n<\/li>\r\n<\/ol>\t\t\t\t\t\t\t\t<\/div>\n\t\t\t\t<\/div>\n\t\t\t\t\t<\/div>\n\t\t\t\t<\/div>\n\t\t<div class=\"elementor-element elementor-element-ff77f7d e-flex e-con-boxed e-con e-parent\" data-id=\"ff77f7d\" data-element_type=\"container\" data-e-type=\"container\">\n\t\t\t\t\t<div class=\"e-con-inner\">\n\t\t\t\t<div class=\"elementor-element elementor-element-a13991e elementor-widget elementor-widget-html\" data-id=\"a13991e\" data-element_type=\"widget\" data-e-type=\"widget\" data-widget_type=\"html.default\">\n\t\t\t\t<div class=\"elementor-widget-container\">\n\t\t\t\t\t<script type=\"application\/ld+json\">{\r\n  \"@context\": \"https:\/\/schema.org\",\r\n  \/\/ UTILIT\u00c0: Conferma che il sito tratta argomenti tecnici e professionali (Good Distribution Practice)\r\n  \"@type\": \"WebPage\",\r\n  \"name\": \"Compliance & Professional Licensing - Fillersupplies \",\r\n  \"description\": \"Documentation regarding GDP compliance, professional verification for medical aesthetics, and international export standards.\",\r\n  \"mainEntity\": {\r\n    \"@type\": \"Organization\",\r\n    \"name\": \"Fillersupplies\",\r\n    \"knowsAbout\": \"Good Distribution Practice (GDP), Medical Device Export, Aesthetic Medicine\"\r\n  }\r\n}\r\n<\/script>\t\t\t\t<\/div>\n\t\t\t\t<\/div>\n\t\t\t\t\t<\/div>\n\t\t\t\t<\/div>\n\t\t\t\t<\/div>\n\t\t","protected":false},"excerpt":{"rendered":"<p>Globale regulatorische Compliance und Qualit\u00e4tssicherung Sarah &amp; Bendrix ist ein f\u00fchrender internationaler H\u00e4ndler und Gro\u00dfhandelsvertrieb professioneller \u00e4sthetischer L\u00f6sungen. Unser Engagement f\u00fcr Transparenz,&hellip;<\/p>\n","protected":false},"author":1,"featured_media":0,"parent":0,"menu_order":0,"comment_status":"open","ping_status":"open","template":"","meta":{"footnotes":""},"class_list":["post-22860","page","type-page","status-publish","hentry"],"yoast_head":"<!-- This site is optimized with the Yoast SEO plugin v27.3 - https:\/\/yoast.com\/product\/yoast-seo-wordpress\/ -->\n<title>Compliance and licenses - Kaufen Sie Hautf\u00fcller-Injektionen Fillersupplies.vip<\/title>\n<meta name=\"description\" content=\"Entdecken Sie das Engagement von Fillersupplies f\u00fcr Sicherheit und Transparenz. Sehen Sie sich unsere Unternehmenszulassungen, ISO-9001-Zertifizierungen, FDA FEI-Details und professionelle Vertriebslizenzen f\u00fcr die weltweite \u00e4sthetische Lieferung an.\" \/>\n<meta name=\"robots\" content=\"index, follow, max-snippet:-1, max-image-preview:large, max-video-preview:-1\" \/>\n<link rel=\"canonical\" href=\"https:\/\/fillersupplies.vip\/de\/konformitaet-und-lizenzen\/\" \/>\n<meta property=\"og:locale\" content=\"de_DE\" \/>\n<meta property=\"og:type\" content=\"article\" \/>\n<meta property=\"og:title\" content=\"Compliance and licenses - Kaufen Sie Hautf\u00fcller-Injektionen Fillersupplies.vip\" \/>\n<meta property=\"og:description\" content=\"Entdecken Sie das Engagement von Fillersupplies f\u00fcr Sicherheit und Transparenz. Sehen Sie sich unsere Unternehmenszulassungen, ISO-9001-Zertifizierungen, FDA FEI-Details und professionelle Vertriebslizenzen f\u00fcr die weltweite \u00e4sthetische Lieferung an.\" \/>\n<meta property=\"og:url\" content=\"https:\/\/fillersupplies.vip\/de\/konformitaet-und-lizenzen\/\" \/>\n<meta property=\"og:site_name\" content=\"Fillersupplies.vip\" \/>\n<meta property=\"article:modified_time\" content=\"2026-02-07T01:32:29+00:00\" \/>\n<meta name=\"twitter:card\" content=\"summary_large_image\" \/>\n<meta name=\"twitter:label1\" content=\"Gesch\u00e4tzte Lesezeit \" \/>\n\t<meta name=\"twitter:data1\" content=\"2 Minuten\" \/>\n<script type=\"application\/ld+json\" class=\"yoast-schema-graph\">{\"@context\":\"https:\\\/\\\/schema.org\",\"@graph\":[{\"@type\":\"WebPage\",\"@id\":\"https:\\\/\\\/fillersupplies.vip\\\/de\\\/konformitaet-und-lizenzen\\\/\",\"url\":\"https:\\\/\\\/fillersupplies.vip\\\/de\\\/konformitaet-und-lizenzen\\\/\",\"name\":\"Compliance and licenses - Kaufen Sie Hautf\u00fcller-Injektionen Fillersupplies.vip\",\"isPartOf\":{\"@id\":\"https:\\\/\\\/fillersupplies.vip\\\/de\\\/#website\"},\"datePublished\":\"2025-11-13T14:18:11+00:00\",\"dateModified\":\"2026-02-07T01:32:29+00:00\",\"description\":\"Entdecken Sie das Engagement von Fillersupplies f\u00fcr Sicherheit und Transparenz. Sehen Sie sich unsere Unternehmenszulassungen, ISO-9001-Zertifizierungen, FDA FEI-Details und professionelle Vertriebslizenzen f\u00fcr die weltweite \u00e4sthetische Lieferung an.\",\"breadcrumb\":{\"@id\":\"https:\\\/\\\/fillersupplies.vip\\\/de\\\/konformitaet-und-lizenzen\\\/#breadcrumb\"},\"inLanguage\":\"de\",\"potentialAction\":[{\"@type\":\"ReadAction\",\"target\":[\"https:\\\/\\\/fillersupplies.vip\\\/de\\\/konformitaet-und-lizenzen\\\/\"]}]},{\"@type\":\"BreadcrumbList\",\"@id\":\"https:\\\/\\\/fillersupplies.vip\\\/de\\\/konformitaet-und-lizenzen\\\/#breadcrumb\",\"itemListElement\":[{\"@type\":\"ListItem\",\"position\":1,\"name\":\"Heim\",\"item\":\"https:\\\/\\\/fillersupplies.vip\\\/de\\\/\"},{\"@type\":\"ListItem\",\"position\":2,\"name\":\"Compliance and licenses\"}]},{\"@type\":\"WebSite\",\"@id\":\"https:\\\/\\\/fillersupplies.vip\\\/de\\\/#website\",\"url\":\"https:\\\/\\\/fillersupplies.vip\\\/de\\\/\",\"name\":\"Sarahandbendrix\",\"description\":\"Besuchen Sie unseren Shop, wo Sie Hautf\u00fcller, Botox- und Mesotherapie-Produkte der besten Marken kaufen k\u00f6nnen\",\"potentialAction\":[{\"@type\":\"SearchAction\",\"target\":{\"@type\":\"EntryPoint\",\"urlTemplate\":\"https:\\\/\\\/fillersupplies.vip\\\/de\\\/?s={search_term_string}\"},\"query-input\":{\"@type\":\"PropertyValueSpecification\",\"valueRequired\":true,\"valueName\":\"search_term_string\"}}],\"inLanguage\":\"de\"}]}<\/script>\n<!-- \/ Yoast SEO plugin. -->","yoast_head_json":{"title":"Compliance and licenses - Kaufen Sie Hautf\u00fcller-Injektionen Fillersupplies.vip","description":"Entdecken Sie das Engagement von Fillersupplies f\u00fcr Sicherheit und Transparenz. Sehen Sie sich unsere Unternehmenszulassungen, ISO-9001-Zertifizierungen, FDA FEI-Details und professionelle Vertriebslizenzen f\u00fcr die weltweite \u00e4sthetische Lieferung an.","robots":{"index":"index","follow":"follow","max-snippet":"max-snippet:-1","max-image-preview":"max-image-preview:large","max-video-preview":"max-video-preview:-1"},"canonical":"https:\/\/fillersupplies.vip\/de\/konformitaet-und-lizenzen\/","og_locale":"de_DE","og_type":"article","og_title":"Compliance and licenses - Kaufen Sie Hautf\u00fcller-Injektionen Fillersupplies.vip","og_description":"Entdecken Sie das Engagement von Fillersupplies f\u00fcr Sicherheit und Transparenz. Sehen Sie sich unsere Unternehmenszulassungen, ISO-9001-Zertifizierungen, FDA FEI-Details und professionelle Vertriebslizenzen f\u00fcr die weltweite \u00e4sthetische Lieferung an.","og_url":"https:\/\/fillersupplies.vip\/de\/konformitaet-und-lizenzen\/","og_site_name":"Fillersupplies.vip","article_modified_time":"2026-02-07T01:32:29+00:00","twitter_card":"summary_large_image","twitter_misc":{"Gesch\u00e4tzte Lesezeit ":"2 Minuten"},"schema":{"@context":"https:\/\/schema.org","@graph":[{"@type":"WebPage","@id":"https:\/\/fillersupplies.vip\/de\/konformitaet-und-lizenzen\/","url":"https:\/\/fillersupplies.vip\/de\/konformitaet-und-lizenzen\/","name":"Compliance and licenses - Kaufen Sie Hautf\u00fcller-Injektionen Fillersupplies.vip","isPartOf":{"@id":"https:\/\/fillersupplies.vip\/de\/#website"},"datePublished":"2025-11-13T14:18:11+00:00","dateModified":"2026-02-07T01:32:29+00:00","description":"Entdecken Sie das Engagement von Fillersupplies f\u00fcr Sicherheit und Transparenz. Sehen Sie sich unsere Unternehmenszulassungen, ISO-9001-Zertifizierungen, FDA FEI-Details und professionelle Vertriebslizenzen f\u00fcr die weltweite \u00e4sthetische Lieferung an.","breadcrumb":{"@id":"https:\/\/fillersupplies.vip\/de\/konformitaet-und-lizenzen\/#breadcrumb"},"inLanguage":"de","potentialAction":[{"@type":"ReadAction","target":["https:\/\/fillersupplies.vip\/de\/konformitaet-und-lizenzen\/"]}]},{"@type":"BreadcrumbList","@id":"https:\/\/fillersupplies.vip\/de\/konformitaet-und-lizenzen\/#breadcrumb","itemListElement":[{"@type":"ListItem","position":1,"name":"Heim","item":"https:\/\/fillersupplies.vip\/de\/"},{"@type":"ListItem","position":2,"name":"Compliance and licenses"}]},{"@type":"WebSite","@id":"https:\/\/fillersupplies.vip\/de\/#website","url":"https:\/\/fillersupplies.vip\/de\/","name":"Sarahandbendrix","description":"Besuchen Sie unseren Shop, wo Sie Hautf\u00fcller, Botox- und Mesotherapie-Produkte der besten Marken kaufen k\u00f6nnen","potentialAction":[{"@type":"SearchAction","target":{"@type":"EntryPoint","urlTemplate":"https:\/\/fillersupplies.vip\/de\/?s={search_term_string}"},"query-input":{"@type":"PropertyValueSpecification","valueRequired":true,"valueName":"search_term_string"}}],"inLanguage":"de"}]}},"_links":{"self":[{"href":"https:\/\/fillersupplies.vip\/de\/wp-json\/wp\/v2\/pages\/22860","targetHints":{"allow":["GET"]}}],"collection":[{"href":"https:\/\/fillersupplies.vip\/de\/wp-json\/wp\/v2\/pages"}],"about":[{"href":"https:\/\/fillersupplies.vip\/de\/wp-json\/wp\/v2\/types\/page"}],"author":[{"embeddable":true,"href":"https:\/\/fillersupplies.vip\/de\/wp-json\/wp\/v2\/users\/1"}],"replies":[{"embeddable":true,"href":"https:\/\/fillersupplies.vip\/de\/wp-json\/wp\/v2\/comments?post=22860"}],"version-history":[{"count":3,"href":"https:\/\/fillersupplies.vip\/de\/wp-json\/wp\/v2\/pages\/22860\/revisions"}],"predecessor-version":[{"id":26468,"href":"https:\/\/fillersupplies.vip\/de\/wp-json\/wp\/v2\/pages\/22860\/revisions\/26468"}],"wp:attachment":[{"href":"https:\/\/fillersupplies.vip\/de\/wp-json\/wp\/v2\/media?parent=22860"}],"curies":[{"name":"wp","href":"https:\/\/api.w.org\/{rel}","templated":true}]}}