{"id":27699,"date":"2026-03-30T10:33:32","date_gmt":"2026-03-30T10:33:32","guid":{"rendered":"https:\/\/sarahandbendrix.com\/preis-fuer-fuellstoffe-botox-grosshandelsanbieter\/"},"modified":"2026-04-04T12:21:44","modified_gmt":"2026-04-04T12:21:44","slug":"preis-fuer-fuellstoffe-botox-grosshandelsanbieter","status":"publish","type":"page","link":"https:\/\/fillersupplies.vip\/de\/preis-fuer-fuellstoffe-botox-grosshandelsanbieter\/","title":{"rendered":"Preis f\u00fcr F\u00fcllstoffe \/ Botox-Gro\u00dfhandelsanbieter"},"content":{"rendered":"<section style=\"max-width: 1000px; margin: 0 auto; padding: 40px 20px; font-family: Arial, sans-serif; line-height: 1.6; color: #333;\">\n<h1 style=\"font-size: 32px; margin-bottom: 20px; text-align: center;\">Gro\u00dfhandelsprogramm \u2013 Arbeiten Sie mit uns zusammen<\/h1>\n<p style=\"font-size: 16px; text-align: center; max-width: 700px; margin: 0 auto 30px;\">Suchen Sie einen zuverl\u00e4ssigen Gro\u00dfhandelsanbieter mit wettbewerbsf\u00e4higen Preisen und gro\u00dfem Wiederverkaufspotenzial?<br \/>\nUnser Gro\u00dfhandelsprogramm richtet sich an Unternehmer, Einzelh\u00e4ndler und Online-Verk\u00e4ufer, die ihr Gesch\u00e4ft mit Produkten mit hoher Nachfrage ausbauen m\u00f6chten.<\/p>\n<hr style=\"margin: 40px 0;\">\n<h2 style=\"font-size: 24px; margin-bottom: 15px;\">Mindestbestellmenge<\/h2>\n<p>Um die beste Preisstruktur und Produktionseffizienz zu gew\u00e4hrleisten, ben\u00f6tigt unser Gro\u00dfhandelsprogramm eine<br \/>\n<strong>Mindestbestellung von 30 Einheiten pro Produkt<\/strong>.<\/p>\n<ul style=\"padding-left: 20px; margin-top: 15px;\">\n<li>Perfekt f\u00fcr neue Wiederverk\u00e4ufer, die den Markt betreten<\/li>\n<li>Ideal f\u00fcr Boutique-L\u00e4den, die ihren Katalog erweitern m\u00f6chten<\/li>\n<li>Geeignet f\u00fcr E-Commerce-Verk\u00e4ufer, die Inventar aufbauen<\/li>\n<\/ul>\n<hr style=\"margin: 40px 0;\">\n<h2 style=\"font-size: 24px; margin-bottom: 15px;\">Skalierbare Rabatte<\/h2>\n<p>Wir belohnen Wachstum. Je mehr Sie bestellen, desto h\u00f6her ist Ihr Rabatt. <\/p>\n<div style=\"background: #f8f8f8; padding: 20px; border-radius: 8px; margin: 20px 0;\">\n<ul style=\"padding-left: 20px;\">\n<li><strong>Ab 30 Einheiten<\/strong> \u2192 ab <strong>30 % Rabatt<\/strong><\/li>\n<li><strong>Mittelgro\u00dfe Bestellungen<\/strong> \u2192 erh\u00f6hte Rabattstufen<\/li>\n<li><strong>Gro\u00dfvolumenbestellungen<\/strong> \u2192 bis zu <strong>80 % Rabatt<\/strong><\/li>\n<\/ul>\n<\/div>\n<p>Dieses Preismodell erm\u00f6glicht es Ihnen, starke Margen zu halten und gleichzeitig wettbewerbsf\u00e4hig zu bleiben, selbst wenn die Einzelhandelspreise bereits unter dem Marktdurchschnitt liegen.<\/p>\n<hr style=\"margin: 40px 0;\">\n<h2 style=\"font-size: 24px; margin-bottom: 15px;\">Gebaut f\u00fcr Wiederverk\u00e4ufer<\/h2>\n<p>Unsere Gro\u00dfhandelspreise sind speziell f\u00fcr Wiederverk\u00e4ufer strukturiert, die mit einem Wettbewerbsvorteil arbeiten m\u00f6chten.<br \/>\nSie k\u00f6nnen Produkte mit Zuversicht zu Einzelhandelspreisen verkaufen, die ohnehin schon unter dem Markt liegen, und trotzdem die Rentabilit\u00e4t erhalten.<\/p>\n<p>Egal, ob Sie ein neues Unternehmen gr\u00fcnden oder ein bestehendes skalieren \u2013 unser System bietet Ihnen Flexibilit\u00e4t, Zug\u00e4nglichkeit und eine starke Preismacht.<\/p>\n<hr style=\"margin: 40px 0;\">\n<h2 style=\"font-size: 24px; margin-bottom: 15px;\">Warum mit uns zusammenarbeiten<\/h2>\n<div style=\"display: grid; grid-template-columns: repeat(auto-fit,minmax(250px,1fr)); gap: 15px; margin-top: 20px;\">\n<div style=\"background: #f8f8f8; padding: 15px; border-radius: 8px;\">\u2714 Wettbewerbsf\u00e4hige Gro\u00dfhandelspreise<\/div>\n<div style=\"background: #f8f8f8; padding: 15px; border-radius: 8px;\">\u2714 Skalierbares Rabattsystem<\/div>\n<div style=\"background: #f8f8f8; padding: 15px; border-radius: 8px;\">\u2714 Niedriger Einstiegspunkt (30 Einheiten)<\/div>\n<div style=\"background: #f8f8f8; padding: 15px; border-radius: 8px;\">\u2714 Produkte, die bereits unter Marktpreis liegen<\/div>\n<div style=\"background: #f8f8f8; padding: 15px; border-radius: 8px;\">\u2714 Ideal f\u00fcr Einzelhandel und E-Commerce<\/div>\n<\/div>\n<hr style=\"margin: 40px 0;\">\n<h2 style=\"font-size: 24px; margin-bottom: 15px; text-align: center;\">Nehmen Sie Kontakt auf<\/h2>\n<p style=\"text-align: center; max-width: 600px; margin: 0 auto 25px;\">Bereit zu starten oder ben\u00f6tigen Sie ein individuelles Angebot basierend auf Ihrer Bestellmenge? Kontaktieren Sie uns noch heute, und wir helfen Ihnen, die beste Gro\u00dfhandelsl\u00f6sung f\u00fcr Ihr Unternehmen zu entwickeln. <\/p>\n<div style=\"text-align: center;\"><a style=\"background: #000; color: #fff; padding: 14px 30px; text-decoration: none; border-radius: 6px; font-size: 16px; font-weight: bold; display: inline-block; transition: 0.3s;\" href=\"mailto:info@fillersupplies.vip\"><br \/>\nKontakt<br \/>\n<\/a><\/div>\n<p>&nbsp;<\/p>\n<\/section>\n","protected":false},"excerpt":{"rendered":"<p>Gro\u00dfhandelsprogramm \u2013 Arbeiten Sie mit uns zusammen Suchen Sie einen zuverl\u00e4ssigen Gro\u00dfhandelsanbieter mit wettbewerbsf\u00e4higen Preisen und gro\u00dfem Wiederverkaufspotenzial? Unser Gro\u00dfhandelsprogramm richtet sich&hellip;<\/p>\n","protected":false},"author":1,"featured_media":0,"parent":0,"menu_order":0,"comment_status":"open","ping_status":"open","template":"","meta":{"footnotes":""},"class_list":["post-27699","page","type-page","status-publish","hentry"],"yoast_head":"<!-- This site is optimized with the Yoast SEO plugin v27.3 - https:\/\/yoast.com\/product\/yoast-seo-wordpress\/ -->\n<title>Preis f\u00fcr F\u00fcllstoffe \/ Botox-Gro\u00dfhandelsanbieter - Kaufen Sie Hautf\u00fcller-Injektionen Fillersupplies.vip<\/title>\n<meta name=\"robots\" content=\"index, follow, max-snippet:-1, max-image-preview:large, max-video-preview:-1\" \/>\n<link rel=\"canonical\" href=\"https:\/\/fillersupplies.vip\/de\/preis-fuer-fuellstoffe-botox-grosshandelsanbieter\/\" \/>\n<meta property=\"og:locale\" content=\"de_DE\" \/>\n<meta property=\"og:type\" content=\"article\" \/>\n<meta property=\"og:title\" content=\"Preis f\u00fcr F\u00fcllstoffe \/ Botox-Gro\u00dfhandelsanbieter - Kaufen Sie Hautf\u00fcller-Injektionen Fillersupplies.vip\" \/>\n<meta property=\"og:description\" content=\"Gro\u00dfhandelsprogramm \u2013 Arbeiten Sie mit uns zusammen Suchen Sie einen zuverl\u00e4ssigen Gro\u00dfhandelsanbieter mit wettbewerbsf\u00e4higen Preisen und gro\u00dfem Wiederverkaufspotenzial? Unser Gro\u00dfhandelsprogramm richtet sich&hellip;\" \/>\n<meta property=\"og:url\" content=\"https:\/\/fillersupplies.vip\/de\/preis-fuer-fuellstoffe-botox-grosshandelsanbieter\/\" \/>\n<meta property=\"og:site_name\" content=\"Fillersupplies.vip\" \/>\n<meta property=\"article:modified_time\" content=\"2026-04-04T12:21:44+00:00\" \/>\n<meta name=\"twitter:card\" content=\"summary_large_image\" \/>\n<meta name=\"twitter:label1\" content=\"Gesch\u00e4tzte Lesezeit \" \/>\n\t<meta name=\"twitter:data1\" content=\"1 Minute\" \/>\n<script type=\"application\/ld+json\" class=\"yoast-schema-graph\">{\"@context\":\"https:\\\/\\\/schema.org\",\"@graph\":[{\"@type\":\"WebPage\",\"@id\":\"https:\\\/\\\/fillersupplies.vip\\\/de\\\/preis-fuer-fuellstoffe-botox-grosshandelsanbieter\\\/\",\"url\":\"https:\\\/\\\/fillersupplies.vip\\\/de\\\/preis-fuer-fuellstoffe-botox-grosshandelsanbieter\\\/\",\"name\":\"Preis f\u00fcr F\u00fcllstoffe \\\/ Botox-Gro\u00dfhandelsanbieter - Kaufen Sie Hautf\u00fcller-Injektionen Fillersupplies.vip\",\"isPartOf\":{\"@id\":\"https:\\\/\\\/fillersupplies.vip\\\/de\\\/#website\"},\"datePublished\":\"2026-03-30T10:33:32+00:00\",\"dateModified\":\"2026-04-04T12:21:44+00:00\",\"breadcrumb\":{\"@id\":\"https:\\\/\\\/fillersupplies.vip\\\/de\\\/preis-fuer-fuellstoffe-botox-grosshandelsanbieter\\\/#breadcrumb\"},\"inLanguage\":\"de\",\"potentialAction\":[{\"@type\":\"ReadAction\",\"target\":[\"https:\\\/\\\/fillersupplies.vip\\\/de\\\/preis-fuer-fuellstoffe-botox-grosshandelsanbieter\\\/\"]}]},{\"@type\":\"BreadcrumbList\",\"@id\":\"https:\\\/\\\/fillersupplies.vip\\\/de\\\/preis-fuer-fuellstoffe-botox-grosshandelsanbieter\\\/#breadcrumb\",\"itemListElement\":[{\"@type\":\"ListItem\",\"position\":1,\"name\":\"Heim\",\"item\":\"https:\\\/\\\/fillersupplies.vip\\\/de\\\/\"},{\"@type\":\"ListItem\",\"position\":2,\"name\":\"Preis f\u00fcr F\u00fcllstoffe \\\/ Botox-Gro\u00dfhandelsanbieter\"}]},{\"@type\":\"WebSite\",\"@id\":\"https:\\\/\\\/fillersupplies.vip\\\/de\\\/#website\",\"url\":\"https:\\\/\\\/fillersupplies.vip\\\/de\\\/\",\"name\":\"Sarahandbendrix\",\"description\":\"Besuchen Sie unseren Shop, wo Sie Hautf\u00fcller, Botox- und Mesotherapie-Produkte der besten Marken kaufen k\u00f6nnen\",\"potentialAction\":[{\"@type\":\"SearchAction\",\"target\":{\"@type\":\"EntryPoint\",\"urlTemplate\":\"https:\\\/\\\/fillersupplies.vip\\\/de\\\/?s={search_term_string}\"},\"query-input\":{\"@type\":\"PropertyValueSpecification\",\"valueRequired\":true,\"valueName\":\"search_term_string\"}}],\"inLanguage\":\"de\"}]}<\/script>\n<!-- \/ Yoast SEO plugin. -->","yoast_head_json":{"title":"Preis f\u00fcr F\u00fcllstoffe \/ Botox-Gro\u00dfhandelsanbieter - Kaufen Sie Hautf\u00fcller-Injektionen Fillersupplies.vip","robots":{"index":"index","follow":"follow","max-snippet":"max-snippet:-1","max-image-preview":"max-image-preview:large","max-video-preview":"max-video-preview:-1"},"canonical":"https:\/\/fillersupplies.vip\/de\/preis-fuer-fuellstoffe-botox-grosshandelsanbieter\/","og_locale":"de_DE","og_type":"article","og_title":"Preis f\u00fcr F\u00fcllstoffe \/ Botox-Gro\u00dfhandelsanbieter - Kaufen Sie Hautf\u00fcller-Injektionen Fillersupplies.vip","og_description":"Gro\u00dfhandelsprogramm \u2013 Arbeiten Sie mit uns zusammen Suchen Sie einen zuverl\u00e4ssigen Gro\u00dfhandelsanbieter mit wettbewerbsf\u00e4higen Preisen und gro\u00dfem Wiederverkaufspotenzial? Unser Gro\u00dfhandelsprogramm richtet sich&hellip;","og_url":"https:\/\/fillersupplies.vip\/de\/preis-fuer-fuellstoffe-botox-grosshandelsanbieter\/","og_site_name":"Fillersupplies.vip","article_modified_time":"2026-04-04T12:21:44+00:00","twitter_card":"summary_large_image","twitter_misc":{"Gesch\u00e4tzte Lesezeit ":"1 Minute"},"schema":{"@context":"https:\/\/schema.org","@graph":[{"@type":"WebPage","@id":"https:\/\/fillersupplies.vip\/de\/preis-fuer-fuellstoffe-botox-grosshandelsanbieter\/","url":"https:\/\/fillersupplies.vip\/de\/preis-fuer-fuellstoffe-botox-grosshandelsanbieter\/","name":"Preis f\u00fcr F\u00fcllstoffe \/ Botox-Gro\u00dfhandelsanbieter - Kaufen Sie Hautf\u00fcller-Injektionen Fillersupplies.vip","isPartOf":{"@id":"https:\/\/fillersupplies.vip\/de\/#website"},"datePublished":"2026-03-30T10:33:32+00:00","dateModified":"2026-04-04T12:21:44+00:00","breadcrumb":{"@id":"https:\/\/fillersupplies.vip\/de\/preis-fuer-fuellstoffe-botox-grosshandelsanbieter\/#breadcrumb"},"inLanguage":"de","potentialAction":[{"@type":"ReadAction","target":["https:\/\/fillersupplies.vip\/de\/preis-fuer-fuellstoffe-botox-grosshandelsanbieter\/"]}]},{"@type":"BreadcrumbList","@id":"https:\/\/fillersupplies.vip\/de\/preis-fuer-fuellstoffe-botox-grosshandelsanbieter\/#breadcrumb","itemListElement":[{"@type":"ListItem","position":1,"name":"Heim","item":"https:\/\/fillersupplies.vip\/de\/"},{"@type":"ListItem","position":2,"name":"Preis f\u00fcr F\u00fcllstoffe \/ Botox-Gro\u00dfhandelsanbieter"}]},{"@type":"WebSite","@id":"https:\/\/fillersupplies.vip\/de\/#website","url":"https:\/\/fillersupplies.vip\/de\/","name":"Sarahandbendrix","description":"Besuchen Sie unseren Shop, wo Sie Hautf\u00fcller, Botox- und Mesotherapie-Produkte der besten Marken kaufen k\u00f6nnen","potentialAction":[{"@type":"SearchAction","target":{"@type":"EntryPoint","urlTemplate":"https:\/\/fillersupplies.vip\/de\/?s={search_term_string}"},"query-input":{"@type":"PropertyValueSpecification","valueRequired":true,"valueName":"search_term_string"}}],"inLanguage":"de"}]}},"_links":{"self":[{"href":"https:\/\/fillersupplies.vip\/de\/wp-json\/wp\/v2\/pages\/27699","targetHints":{"allow":["GET"]}}],"collection":[{"href":"https:\/\/fillersupplies.vip\/de\/wp-json\/wp\/v2\/pages"}],"about":[{"href":"https:\/\/fillersupplies.vip\/de\/wp-json\/wp\/v2\/types\/page"}],"author":[{"embeddable":true,"href":"https:\/\/fillersupplies.vip\/de\/wp-json\/wp\/v2\/users\/1"}],"replies":[{"embeddable":true,"href":"https:\/\/fillersupplies.vip\/de\/wp-json\/wp\/v2\/comments?post=27699"}],"version-history":[{"count":1,"href":"https:\/\/fillersupplies.vip\/de\/wp-json\/wp\/v2\/pages\/27699\/revisions"}],"predecessor-version":[{"id":28038,"href":"https:\/\/fillersupplies.vip\/de\/wp-json\/wp\/v2\/pages\/27699\/revisions\/28038"}],"wp:attachment":[{"href":"https:\/\/fillersupplies.vip\/de\/wp-json\/wp\/v2\/media?parent=27699"}],"curies":[{"name":"wp","href":"https:\/\/api.w.org\/{rel}","templated":true}]}}