{"id":12733,"date":"2024-02-03T13:55:09","date_gmt":"2024-02-03T13:55:09","guid":{"rendered":"https:\/\/sarahandbendrix.com\/product\/huons-ascorbinsaeure-inj\/"},"modified":"2026-02-13T01:52:11","modified_gmt":"2026-02-13T01:52:11","slug":"vitamin-c-praeparat-1000ml","status":"publish","type":"product","link":"https:\/\/fillersupplies.vip\/de\/produkt\/vitamin-c-praeparat-1000ml\/","title":{"rendered":"Vitamin-C-Pr\u00e4parat 1000ml"},"content":{"rendered":"<p data-path-to-node=\"11\"><b data-path-to-node=\"11\" data-index-in-node=\"0\">Huons Vitamin C Supplement<\/b> bringt die Pr\u00e4zision koreanischer \u00e4sthetischer Technologie in Ihre professionelle Hautpflegeroutine. Diese ultra-reine Ascorbins\u00e4ureformel ist f\u00fcr Menschen konzipiert, die die intensiven, aufhellenden und revitalisierenden Effekte w\u00fcnschen, die typischerweise mit klinischen <b data-path-to-node=\"11\" data-index-in-node=\"280\">Injektionen<\/b> verbunden sind, und sie werden in einem vielseitigen Ampullenformat verabreicht.<\/p>\n<hr data-path-to-node=\"12\" \/>\n<h3 data-path-to-node=\"13\">\u00c4sthetische Vorteile der Hochleistung<\/h3>\n<ul data-path-to-node=\"14\">\n<li>\n<p data-path-to-node=\"14,0,0\"><b data-path-to-node=\"14,0,0\" data-index-in-node=\"0\">Intensives Leuchten:<\/b> Ein professionelles <b data-path-to-node=\"14,0,0\" data-index-in-node=\"31\">Vitamin-C-Pr\u00e4parat,<\/b> das auf Stumpfheit und ungleichm\u00e4\u00dfigen Tonus abzielt, mit dem gleichen Fokus auf Reinheit wie bei <b data-path-to-node=\"14,0,0\" data-index-in-node=\"129\">Injektionen<\/b>.<\/p>\n<\/li>\n<li>\n<p data-path-to-node=\"14,1,0\"><b data-path-to-node=\"14,1,0\" data-index-in-node=\"0\">Elastizit\u00e4tsunterst\u00fctzung:<\/b> Hilft, die nat\u00fcrliche Hautstruktur zu erhalten und die straffenden Eigenschaften professioneller <b data-path-to-node=\"14,1,0\" data-index-in-node=\"121\">Injektionen<\/b> nachzuahmen.<\/p>\n<\/li>\n<li>\n<p data-path-to-node=\"14,2,0\"><b data-path-to-node=\"14,2,0\" data-index-in-node=\"0\">Fortschrittlicher Antioxidansschutz:<\/b> Neutralisiert freie Radikale und Umweltsch\u00e4den, um die jugendliche Vitalit\u00e4t der Dermis zu erhalten.<\/p>\n<\/li>\n<li>\n<p data-path-to-node=\"14,3,0\"><b data-path-to-node=\"14,3,0\" data-index-in-node=\"0\">Verfeinerte Hautstruktur:<\/b> Gl\u00e4ttet und kl\u00e4rt den Teint und bietet eine nicht-invasive Alternative, um die Ergebnisse \u00e4sthetischer <b data-path-to-node=\"14,3,0\" data-index-in-node=\"134\">Injektionen<\/b> zu erhalten.<\/p>\n<\/li>\n<\/ul>\n<hr data-path-to-node=\"15\" \/>\n<h3 data-path-to-node=\"16\">Produktspezifikationen<\/h3>\n<ul data-path-to-node=\"17\">\n<li>\n<p data-path-to-node=\"17,0,0\"><b data-path-to-node=\"17,0,0\" data-index-in-node=\"0\">Format:<\/b> 50 professionelle Ampullen (jeweils 2 ml).<\/p>\n<\/li>\n<li>\n<p data-path-to-node=\"17,1,0\"><b data-path-to-node=\"17,1,0\" data-index-in-node=\"0\">Wichtiger Aktivstoff:<\/b> 100 % reine Ascorbins\u00e4ure (Vitamin C).<\/p>\n<\/li>\n<li>\n<p data-path-to-node=\"17,2,0\"><b data-path-to-node=\"17,2,0\" data-index-in-node=\"0\">Kategorie:<\/b> Professionelles \u00e4sthetisches Supplement \/ topisches Serum.<\/p>\n<\/li>\n<\/ul>\n<hr data-path-to-node=\"18\" \/>\n<h3 data-path-to-node=\"19\">Anwendung &amp; Protokolle<\/h3>\n<p data-path-to-node=\"20\">Dieses <b data-path-to-node=\"20\" data-index-in-node=\"5\">Vitamin-C-Pr\u00e4parat<\/b> ist f\u00fcr den topischen Gebrauch und professionelle \u00e4sthetische Eingriffe optimiert. Es ist die perfekte Erg\u00e4nzung zu Protokollen, die darauf abzielen, die Leuchtkraft von <b data-path-to-node=\"20\" data-index-in-node=\"174\">Injektionen<\/b> ohne invasive Methoden zu replizieren:<\/p>\n<ol start=\"1\" data-path-to-node=\"21\">\n<li>\n<p data-path-to-node=\"21,0,0\"><b data-path-to-node=\"21,0,0\" data-index-in-node=\"0\">Topisches Serum-Boost:<\/b> Direkt auf Gesicht und Hals als hochwirksames Konzentrat auftragen.<\/p>\n<\/li>\n<li>\n<p data-path-to-node=\"21,1,0\"><b data-path-to-node=\"21,1,0\" data-index-in-node=\"0\">Synergie mit \u00e4sthetischen Ger\u00e4ten:<\/b> Ideal f\u00fcr den Einsatz mit Elektroporation, Ultraschall oder Sauerstofftherapie, um den &#8222;Glow&#8220;-Effekt klinischer <b data-path-to-node=\"21,1,0\" data-index-in-node=\"133\">Injektionen<\/b> zu verst\u00e4rken.<\/p>\n<\/li>\n<li>\n<p data-path-to-node=\"21,2,0\"><b data-path-to-node=\"21,2,0\" data-index-in-node=\"0\">Wartung nach dem Eingriff:<\/b> Verwenden Sie sie als topische Unterst\u00fctzung, um die Strahlkraft professioneller Hautbehandlungen zu verl\u00e4ngern.<\/p>\n<\/li>\n<\/ol>\n<hr data-path-to-node=\"22\" \/>\n<h3 data-path-to-node=\"23\">Lagerung und Sicherheit<\/h3>\n<p data-path-to-node=\"24\">Lagere an einem k\u00fchlen, dunklen Ort, um Oxidation zu verhindern. Sobald eine Ampulle ge\u00f6ffnet ist, verwenden Sie es sofort, um sicherzustellen, dass das aktive Vitamin C so wirksam bleibt wie <b data-path-to-node=\"24\" data-index-in-node=\"158\">professionelle Injektionen<\/b>.<\/p>\n<p data-path-to-node=\"25\"><b data-path-to-node=\"25\" data-index-in-node=\"0\">Haftungsausschluss:<\/b> Dieses Produkt ist ein professionelles \u00e4sthetisches Nahrungserg\u00e4nzungsmittel, das ausschlie\u00dflich topisch verwendet werden kann. Obwohl es von der Wirksamkeit klinischer <b data-path-to-node=\"25\" data-index-in-node=\"140\">Injektionen<\/b> inspiriert ist, handelt es sich um ein kosmetisches Produkt und nicht um ein Medikament, das zur medizinischen Behandlung bestimmt ist.<\/p>\n","protected":false},"excerpt":{"rendered":"<p><b data-path-to-node=\"7\" data-index-in-node=\"0\">Huons Vitamin C Supplement<\/b> ist ein hochreines, aufhellendes Konzentrat, das f\u00fcr fortgeschrittene \u00e4sthetische Protokolle entwickelt wurde. Entwickelt f\u00fcr diejenigen, die sichtbare Ergebnisse <b data-path-to-node=\"7\" data-index-in-node=\"176\">professioneller Injektionen<\/b> suchen, unterst\u00fctzt dieses potente topische Serum die Kollagensynthese und sch\u00fctzt gegen oxidativen Stress, indem es durch t\u00e4gliche Hautpflege einen strahlenden, klinikw\u00fcrdigen Glow verleiht.<\/p>\n","protected":false},"featured_media":27213,"comment_status":"closed","ping_status":"closed","template":"","meta":[],"product_cat":[250,251],"product_tag":[],"class_list":{"0":"post-12733","1":"product","2":"type-product","3":"status-publish","4":"has-post-thumbnail","6":"product_cat-mesotherapie","7":"product_cat-skinbooster-de","9":"first","10":"instock","11":"shipping-taxable","12":"purchasable","13":"product-type-simple"},"yoast_head":"<!-- This site is optimized with the Yoast SEO plugin v27.3 - https:\/\/yoast.com\/product\/yoast-seo-wordpress\/ -->\n<title>Kaufen Vitamin-C-Pr\u00e4parat 1000ml online Gro\u00dfh\u00e4ndler - Fillersupplies.vip<\/title>\n<meta name=\"robots\" content=\"index, follow, max-snippet:-1, max-image-preview:large, max-video-preview:-1\" \/>\n<link rel=\"canonical\" href=\"https:\/\/fillersupplies.vip\/de\/produkt\/vitamin-c-praeparat-1000ml\/\" \/>\n<meta property=\"og:locale\" content=\"de_DE\" \/>\n<meta property=\"og:type\" content=\"article\" \/>\n<meta property=\"og:title\" content=\"Kaufen Vitamin-C-Pr\u00e4parat 1000ml online Gro\u00dfh\u00e4ndler - Fillersupplies.vip\" \/>\n<meta property=\"og:description\" content=\"Huons Vitamin C Supplement ist ein hochreines, aufhellendes Konzentrat, das f\u00fcr fortgeschrittene \u00e4sthetische Protokolle entwickelt wurde. Entwickelt f\u00fcr diejenigen, die sichtbare Ergebnisse professioneller Injektionen suchen, unterst\u00fctzt dieses potente topische Serum die Kollagensynthese und sch\u00fctzt gegen oxidativen Stress, indem es durch t\u00e4gliche Hautpflege einen strahlenden, klinikw\u00fcrdigen Glow verleiht.\" \/>\n<meta property=\"og:url\" content=\"https:\/\/fillersupplies.vip\/de\/produkt\/vitamin-c-praeparat-1000ml\/\" \/>\n<meta property=\"og:site_name\" content=\"Fillersupplies.vip\" \/>\n<meta property=\"article:modified_time\" content=\"2026-02-13T01:52:11+00:00\" \/>\n<meta property=\"og:image\" content=\"https:\/\/fillersupplies.vip\/wp-content\/uploads\/2024\/02\/ascorbic-acid-vitamins.jpg\" \/>\n\t<meta property=\"og:image:width\" content=\"1024\" \/>\n\t<meta property=\"og:image:height\" content=\"1024\" \/>\n\t<meta property=\"og:image:type\" content=\"image\/jpeg\" \/>\n<meta name=\"twitter:card\" content=\"summary_large_image\" \/>\n<meta name=\"twitter:label1\" content=\"Gesch\u00e4tzte Lesezeit \" \/>\n\t<meta name=\"twitter:data1\" content=\"2 Minuten\" \/>\n<script type=\"application\/ld+json\" class=\"yoast-schema-graph\">{\"@context\":\"https:\\\/\\\/schema.org\",\"@graph\":[{\"@type\":\"WebPage\",\"@id\":\"https:\\\/\\\/fillersupplies.vip\\\/de\\\/produkt\\\/vitamin-c-praeparat-1000ml\\\/\",\"url\":\"https:\\\/\\\/fillersupplies.vip\\\/de\\\/produkt\\\/vitamin-c-praeparat-1000ml\\\/\",\"name\":\"Kaufen Vitamin-C-Pr\u00e4parat 1000ml online Gro\u00dfh\u00e4ndler - Fillersupplies.vip\",\"isPartOf\":{\"@id\":\"https:\\\/\\\/fillersupplies.vip\\\/de\\\/#website\"},\"primaryImageOfPage\":{\"@id\":\"https:\\\/\\\/fillersupplies.vip\\\/de\\\/produkt\\\/vitamin-c-praeparat-1000ml\\\/#primaryimage\"},\"image\":{\"@id\":\"https:\\\/\\\/fillersupplies.vip\\\/de\\\/produkt\\\/vitamin-c-praeparat-1000ml\\\/#primaryimage\"},\"thumbnailUrl\":\"https:\\\/\\\/fillersupplies.vip\\\/wp-content\\\/uploads\\\/2024\\\/02\\\/ascorbic-acid-vitamins.jpg\",\"datePublished\":\"2024-02-03T13:55:09+00:00\",\"dateModified\":\"2026-02-13T01:52:11+00:00\",\"breadcrumb\":{\"@id\":\"https:\\\/\\\/fillersupplies.vip\\\/de\\\/produkt\\\/vitamin-c-praeparat-1000ml\\\/#breadcrumb\"},\"inLanguage\":\"de\",\"potentialAction\":[{\"@type\":\"ReadAction\",\"target\":[\"https:\\\/\\\/fillersupplies.vip\\\/de\\\/produkt\\\/vitamin-c-praeparat-1000ml\\\/\"]}]},{\"@type\":\"ImageObject\",\"inLanguage\":\"de\",\"@id\":\"https:\\\/\\\/fillersupplies.vip\\\/de\\\/produkt\\\/vitamin-c-praeparat-1000ml\\\/#primaryimage\",\"url\":\"https:\\\/\\\/fillersupplies.vip\\\/wp-content\\\/uploads\\\/2024\\\/02\\\/ascorbic-acid-vitamins.jpg\",\"contentUrl\":\"https:\\\/\\\/fillersupplies.vip\\\/wp-content\\\/uploads\\\/2024\\\/02\\\/ascorbic-acid-vitamins.jpg\",\"width\":1024,\"height\":1024},{\"@type\":\"BreadcrumbList\",\"@id\":\"https:\\\/\\\/fillersupplies.vip\\\/de\\\/produkt\\\/vitamin-c-praeparat-1000ml\\\/#breadcrumb\",\"itemListElement\":[{\"@type\":\"ListItem\",\"position\":1,\"name\":\"Heim\",\"item\":\"https:\\\/\\\/fillersupplies.vip\\\/de\\\/\"},{\"@type\":\"ListItem\",\"position\":2,\"name\":\"Shop\",\"item\":\"https:\\\/\\\/fillersupplies.vip\\\/de\\\/shop\\\/\"},{\"@type\":\"ListItem\",\"position\":3,\"name\":\"Vitamin-C-Pr\u00e4parat 1000ml\"}]},{\"@type\":\"WebSite\",\"@id\":\"https:\\\/\\\/fillersupplies.vip\\\/de\\\/#website\",\"url\":\"https:\\\/\\\/fillersupplies.vip\\\/de\\\/\",\"name\":\"Sarahandbendrix\",\"description\":\"Besuchen Sie unseren Shop, wo Sie Hautf\u00fcller, Botox- und Mesotherapie-Produkte der besten Marken kaufen k\u00f6nnen\",\"potentialAction\":[{\"@type\":\"SearchAction\",\"target\":{\"@type\":\"EntryPoint\",\"urlTemplate\":\"https:\\\/\\\/fillersupplies.vip\\\/de\\\/?s={search_term_string}\"},\"query-input\":{\"@type\":\"PropertyValueSpecification\",\"valueRequired\":true,\"valueName\":\"search_term_string\"}}],\"inLanguage\":\"de\"}]}<\/script>\n<!-- \/ Yoast SEO plugin. -->","yoast_head_json":{"title":"Kaufen Vitamin-C-Pr\u00e4parat 1000ml online Gro\u00dfh\u00e4ndler - Fillersupplies.vip","robots":{"index":"index","follow":"follow","max-snippet":"max-snippet:-1","max-image-preview":"max-image-preview:large","max-video-preview":"max-video-preview:-1"},"canonical":"https:\/\/fillersupplies.vip\/de\/produkt\/vitamin-c-praeparat-1000ml\/","og_locale":"de_DE","og_type":"article","og_title":"Kaufen Vitamin-C-Pr\u00e4parat 1000ml online Gro\u00dfh\u00e4ndler - Fillersupplies.vip","og_description":"Huons Vitamin C Supplement ist ein hochreines, aufhellendes Konzentrat, das f\u00fcr fortgeschrittene \u00e4sthetische Protokolle entwickelt wurde. Entwickelt f\u00fcr diejenigen, die sichtbare Ergebnisse professioneller Injektionen suchen, unterst\u00fctzt dieses potente topische Serum die Kollagensynthese und sch\u00fctzt gegen oxidativen Stress, indem es durch t\u00e4gliche Hautpflege einen strahlenden, klinikw\u00fcrdigen Glow verleiht.","og_url":"https:\/\/fillersupplies.vip\/de\/produkt\/vitamin-c-praeparat-1000ml\/","og_site_name":"Fillersupplies.vip","article_modified_time":"2026-02-13T01:52:11+00:00","og_image":[{"width":1024,"height":1024,"url":"https:\/\/fillersupplies.vip\/wp-content\/uploads\/2024\/02\/ascorbic-acid-vitamins.jpg","type":"image\/jpeg"}],"twitter_card":"summary_large_image","twitter_misc":{"Gesch\u00e4tzte Lesezeit ":"2 Minuten"},"schema":{"@context":"https:\/\/schema.org","@graph":[{"@type":"WebPage","@id":"https:\/\/fillersupplies.vip\/de\/produkt\/vitamin-c-praeparat-1000ml\/","url":"https:\/\/fillersupplies.vip\/de\/produkt\/vitamin-c-praeparat-1000ml\/","name":"Kaufen Vitamin-C-Pr\u00e4parat 1000ml online Gro\u00dfh\u00e4ndler - Fillersupplies.vip","isPartOf":{"@id":"https:\/\/fillersupplies.vip\/de\/#website"},"primaryImageOfPage":{"@id":"https:\/\/fillersupplies.vip\/de\/produkt\/vitamin-c-praeparat-1000ml\/#primaryimage"},"image":{"@id":"https:\/\/fillersupplies.vip\/de\/produkt\/vitamin-c-praeparat-1000ml\/#primaryimage"},"thumbnailUrl":"https:\/\/fillersupplies.vip\/wp-content\/uploads\/2024\/02\/ascorbic-acid-vitamins.jpg","datePublished":"2024-02-03T13:55:09+00:00","dateModified":"2026-02-13T01:52:11+00:00","breadcrumb":{"@id":"https:\/\/fillersupplies.vip\/de\/produkt\/vitamin-c-praeparat-1000ml\/#breadcrumb"},"inLanguage":"de","potentialAction":[{"@type":"ReadAction","target":["https:\/\/fillersupplies.vip\/de\/produkt\/vitamin-c-praeparat-1000ml\/"]}]},{"@type":"ImageObject","inLanguage":"de","@id":"https:\/\/fillersupplies.vip\/de\/produkt\/vitamin-c-praeparat-1000ml\/#primaryimage","url":"https:\/\/fillersupplies.vip\/wp-content\/uploads\/2024\/02\/ascorbic-acid-vitamins.jpg","contentUrl":"https:\/\/fillersupplies.vip\/wp-content\/uploads\/2024\/02\/ascorbic-acid-vitamins.jpg","width":1024,"height":1024},{"@type":"BreadcrumbList","@id":"https:\/\/fillersupplies.vip\/de\/produkt\/vitamin-c-praeparat-1000ml\/#breadcrumb","itemListElement":[{"@type":"ListItem","position":1,"name":"Heim","item":"https:\/\/fillersupplies.vip\/de\/"},{"@type":"ListItem","position":2,"name":"Shop","item":"https:\/\/fillersupplies.vip\/de\/shop\/"},{"@type":"ListItem","position":3,"name":"Vitamin-C-Pr\u00e4parat 1000ml"}]},{"@type":"WebSite","@id":"https:\/\/fillersupplies.vip\/de\/#website","url":"https:\/\/fillersupplies.vip\/de\/","name":"Sarahandbendrix","description":"Besuchen Sie unseren Shop, wo Sie Hautf\u00fcller, Botox- und Mesotherapie-Produkte der besten Marken kaufen k\u00f6nnen","potentialAction":[{"@type":"SearchAction","target":{"@type":"EntryPoint","urlTemplate":"https:\/\/fillersupplies.vip\/de\/?s={search_term_string}"},"query-input":{"@type":"PropertyValueSpecification","valueRequired":true,"valueName":"search_term_string"}}],"inLanguage":"de"}]}},"_links":{"self":[{"href":"https:\/\/fillersupplies.vip\/de\/wp-json\/wp\/v2\/product\/12733","targetHints":{"allow":["GET"]}}],"collection":[{"href":"https:\/\/fillersupplies.vip\/de\/wp-json\/wp\/v2\/product"}],"about":[{"href":"https:\/\/fillersupplies.vip\/de\/wp-json\/wp\/v2\/types\/product"}],"replies":[{"embeddable":true,"href":"https:\/\/fillersupplies.vip\/de\/wp-json\/wp\/v2\/comments?post=12733"}],"version-history":[{"count":3,"href":"https:\/\/fillersupplies.vip\/de\/wp-json\/wp\/v2\/product\/12733\/revisions"}],"predecessor-version":[{"id":27240,"href":"https:\/\/fillersupplies.vip\/de\/wp-json\/wp\/v2\/product\/12733\/revisions\/27240"}],"wp:featuredmedia":[{"embeddable":true,"href":"https:\/\/fillersupplies.vip\/de\/wp-json\/wp\/v2\/media\/27213"}],"wp:attachment":[{"href":"https:\/\/fillersupplies.vip\/de\/wp-json\/wp\/v2\/media?parent=12733"}],"wp:term":[{"taxonomy":"product_cat","embeddable":true,"href":"https:\/\/fillersupplies.vip\/de\/wp-json\/wp\/v2\/product_cat?post=12733"},{"taxonomy":"product_tag","embeddable":true,"href":"https:\/\/fillersupplies.vip\/de\/wp-json\/wp\/v2\/product_tag?post=12733"}],"curies":[{"name":"wp","href":"https:\/\/api.w.org\/{rel}","templated":true}]}}