{"id":12811,"date":"2024-02-10T00:24:27","date_gmt":"2024-02-10T00:24:27","guid":{"rendered":"https:\/\/sarahandbendrix.com\/product\/singfiller-meso-2-ml-5-spritzen\/"},"modified":"2025-09-15T01:27:25","modified_gmt":"2025-09-15T01:27:25","slug":"singfiller-meso-2-ml-5-spritzen","status":"publish","type":"product","link":"https:\/\/fillersupplies.vip\/de\/produkt\/singfiller-meso-2-ml-5-spritzen\/","title":{"rendered":"Singfiller Meso 2 ml * 5 Spritzen"},"content":{"rendered":"<p data-sourcepos=\"5:1-5:16\"><strong>Beschreibung:<\/strong><\/p>\n<p data-sourcepos=\"7:1-7:144\">Singfiller Meso 2 Ml ist ein Hyalurons\u00e4ure-Hautf\u00fcller, der zur Behandlung von Falten und feinen Linien im Gesicht, Hals und Dekollet\u00e9 indiziert ist. Seine spezifische Formulierung macht es ideal f\u00fcr die Biorevitalisierung der Haut, spendet Feuchtigkeit und polstert die Haut auf nat\u00fcrliche Weise auf. <\/p>\n<p data-sourcepos=\"9:1-9:13\"><strong>Funktionen:<\/strong><\/p>\n<ul data-sourcepos=\"11:1-11:7\">\n<li data-sourcepos=\"11:1-11:7\">Hochwertige, vernetzte Hyalurons\u00e4ure<\/li>\n<li data-sourcepos=\"12:1-12:24\">Konzentration: 20mg\/ml<\/li>\n<li data-sourcepos=\"13:1-13:22\">Dauer: 6-8 Monate<\/li>\n<li data-sourcepos=\"14:1-14:30\">Biologisch abbaubar und resorbierbar<\/li>\n<li data-sourcepos=\"15:1-16:0\">Sicher und effektiv<\/li>\n<\/ul>\n<p data-sourcepos=\"17:1-17:13\"><strong>Vorteile:<\/strong><\/p>\n<ul data-sourcepos=\"19:1-24:0\">\n<li data-sourcepos=\"19:1-19:34\">F\u00fcllt Falten und feine Linien auf<\/li>\n<li data-sourcepos=\"20:1-20:30\">Spendet Feuchtigkeit und polstert die Haut auf<\/li>\n<li data-sourcepos=\"21:1-21:35\">Verbessert die Elastizit\u00e4t und Spannkraft der Haut<\/li>\n<li data-sourcepos=\"22:1-22:24\">Reduziert Zeichen der Hautalterung<\/li>\n<li data-sourcepos=\"23:1-24:0\">Verleiht ein j\u00fcngeres und strahlenderes Aussehen<\/li>\n<\/ul>\n<p data-sourcepos=\"25:1-25:17\"><strong>Anwendungen:<\/strong><\/p>\n<ul data-sourcepos=\"27:1-31:0\">\n<li data-sourcepos=\"27:1-27:71\">Behandlung von Falten und feinen Linien im Gesicht, Hals und Dekollet\u00e9<\/li>\n<li data-sourcepos=\"28:1-28:24\">Biorevitalisierung der Haut<\/li>\n<li data-sourcepos=\"29:1-29:18\">Lippenvergr\u00f6\u00dferung<\/li>\n<li data-sourcepos=\"30:1-31:0\">Korrektur von Hautunreinheiten<\/li>\n<\/ul>\n<p data-sourcepos=\"32:1-32:14\"><strong>Behandlung:<\/strong><\/p>\n<p data-sourcepos=\"34:1-34:172\">Singfiller Meso 2 Ml wird mit einer Spritze mit feiner Spitze in die oberfl\u00e4chliche oder mittlere Dermis injiziert. Die Behandlung wird in einer Ambulanz durchgef\u00fchrt und dauert nur wenige Minuten. Die Anzahl der erforderlichen Sitzungen variiert je nach Grad der Hautalterung und dem gew\u00fcnschten Ergebnis.  <\/p>\n<p data-sourcepos=\"36:1-36:17\"><strong>Nebenerscheinungen:<\/strong><\/p>\n<p data-sourcepos=\"38:1-38:68\">M\u00f6gliche Nebenwirkungen sind im Allgemeinen mild und vor\u00fcbergehend und umfassen:<\/p>\n<ul data-sourcepos=\"40:1-44:0\">\n<li data-sourcepos=\"40:1-40:9\">R\u00f6tung<\/li>\n<li data-sourcepos=\"41:1-41:10\">Anschwellen<\/li>\n<li data-sourcepos=\"42:1-42:6\">Schmerz<\/li>\n<li data-sourcepos=\"43:1-44:0\">Quetschungen<\/li>\n<\/ul>\n<p data-sourcepos=\"45:1-45:22\"><strong>Kontraindikationen:<\/strong><\/p>\n<p data-sourcepos=\"47:1-47:51\">Singfiller Meso 2 Ml ist kontraindiziert bei:<\/p>\n<ul data-sourcepos=\"49:1-54:0\">\n<li data-sourcepos=\"49:1-49:37\">\u00dcberempfindlichkeit gegen Hyalurons\u00e4ure<\/li>\n<li data-sourcepos=\"50:1-50:28\">Schwangerschaft oder Stillzeit<\/li>\n<li data-sourcepos=\"51:1-51:19\">Aktive Infektionen<\/li>\n<li data-sourcepos=\"52:1-52:21\">Autoimmunkrankheiten<\/li>\n<li data-sourcepos=\"53:1-54:0\">Anamnese von allergischen Reaktionen auf Hautf\u00fcller<\/li>\n<\/ul>\n<p data-sourcepos=\"55:1-55:13\"><strong>Warnungen:<\/strong><\/p>\n<ul data-sourcepos=\"57:1-61:0\">\n<li data-sourcepos=\"57:1-57:59\">Das Produkt muss von einem qualifizierten \u00e4sthetischen Arzt verwendet werden.<\/li>\n<li data-sourcepos=\"58:1-58:84\">Es ist wichtig, die Anweisungen des Arztes und die angegebenen Vorsichtsma\u00dfnahmen zu befolgen.<\/li>\n<li data-sourcepos=\"59:1-59:66\">Injizieren Sie das Produkt nicht in Bereiche mit sichtbaren Blutgef\u00e4\u00dfen.<\/li>\n<li data-sourcepos=\"60:1-61:0\">Vermeiden Sie Sonneneinstrahlung und Br\u00e4unungslampen f\u00fcr 24 Stunden nach der Behandlung.<\/li>\n<\/ul>\n<p data-sourcepos=\"62:1-62:12\"><strong>Befund:<\/strong><\/p>\n<p data-sourcepos=\"64:1-64:103\">Die Ergebnisse der Behandlung mit Singfiller Meso 2 Ml sind sofort sichtbar und halten 6-8 Monate an.<\/p>\n<p data-sourcepos=\"66:1-66:12\"><strong>Paket:<\/strong><\/p>\n<p data-sourcepos=\"68:1-68:83\">Singfiller Meso 2 Ml wird in einer 2-ml-Fertigspritze mit sterilen Nadeln geliefert.<\/p>\n<p data-sourcepos=\"70:1-70:12\"><strong>Lagerung:<\/strong><\/p>\n<p data-sourcepos=\"72:1-72:66\">Lagern Sie das Produkt an einem k\u00fchlen, trockenen Ort, fern von direkter Sonneneinstrahlung.<\/p>\n<p data-sourcepos=\"74:1-74:258\"><strong>Singfiller Meso 2 Ml ist ein sicheres und wirksames Produkt zur Behandlung von Falten und feinen Linien im Gesicht, Hals und Dekollet\u00e9. Seine spezifische Formulierung macht es auch ideal f\u00fcr die Biorevitalisierung der Haut, spendet Feuchtigkeit und polstert die Haut auf nat\u00fcrliche Weise auf. <\/strong><\/p>\n","protected":false},"excerpt":{"rendered":"<p>Singfiller Meso 2 ml bietet eine revitalisierende Mesotherapie-Behandlung in einer 2-ml-Spritze. Diese fortschrittliche Formel spendet der Haut Feuchtigkeit, mildert feine Linien und stellt ein jugendliches Aussehen f\u00fcr eine strahlende, verj\u00fcngte Haut wieder her. <\/p>\n","protected":false},"featured_media":10372,"comment_status":"closed","ping_status":"closed","template":"","meta":[],"product_cat":[241,250,251],"product_tag":[],"class_list":{"0":"post-12811","1":"product","2":"type-product","3":"status-publish","4":"has-post-thumbnail","6":"product_cat-dermal-filler","7":"product_cat-mesotherapie","8":"product_cat-skinbooster-de","10":"first","11":"instock","12":"shipping-taxable","13":"purchasable","14":"product-type-simple"},"yoast_head":"<!-- This site is optimized with the Yoast SEO plugin v27.3 - https:\/\/yoast.com\/product\/yoast-seo-wordpress\/ -->\n<title>Kaufen Singfiller Meso 2 ml * 5 Spritzen online - Fillersupplies.vip<\/title>\n<meta name=\"robots\" content=\"index, follow, max-snippet:-1, max-image-preview:large, max-video-preview:-1\" \/>\n<link rel=\"canonical\" href=\"https:\/\/fillersupplies.vip\/de\/produkt\/singfiller-meso-2-ml-5-spritzen\/\" \/>\n<meta property=\"og:locale\" content=\"de_DE\" \/>\n<meta property=\"og:type\" content=\"article\" \/>\n<meta property=\"og:title\" content=\"Kaufen Singfiller Meso 2 ml * 5 Spritzen online - Fillersupplies.vip\" \/>\n<meta property=\"og:description\" content=\"Singfiller Meso 2 ml bietet eine revitalisierende Mesotherapie-Behandlung in einer 2-ml-Spritze. Diese fortschrittliche Formel spendet der Haut Feuchtigkeit, mildert feine Linien und stellt ein jugendliches Aussehen f\u00fcr eine strahlende, verj\u00fcngte Haut wieder her.\" \/>\n<meta property=\"og:url\" content=\"https:\/\/fillersupplies.vip\/de\/produkt\/singfiller-meso-2-ml-5-spritzen\/\" \/>\n<meta property=\"og:site_name\" content=\"Fillersupplies.vip\" \/>\n<meta property=\"article:modified_time\" content=\"2025-09-15T01:27:25+00:00\" \/>\n<meta property=\"og:image\" content=\"https:\/\/fillersupplies.vip\/wp-content\/uploads\/2024\/02\/Singfiller-Meso-2-Ml.webp\" \/>\n\t<meta property=\"og:image:width\" content=\"730\" \/>\n\t<meta property=\"og:image:height\" content=\"730\" \/>\n\t<meta property=\"og:image:type\" content=\"image\/webp\" \/>\n<meta name=\"twitter:card\" content=\"summary_large_image\" \/>\n<meta name=\"twitter:label1\" content=\"Gesch\u00e4tzte Lesezeit \" \/>\n\t<meta name=\"twitter:data1\" content=\"2 Minuten\" \/>\n<script type=\"application\/ld+json\" class=\"yoast-schema-graph\">{\"@context\":\"https:\\\/\\\/schema.org\",\"@graph\":[{\"@type\":\"WebPage\",\"@id\":\"https:\\\/\\\/fillersupplies.vip\\\/de\\\/produkt\\\/singfiller-meso-2-ml-5-spritzen\\\/\",\"url\":\"https:\\\/\\\/fillersupplies.vip\\\/de\\\/produkt\\\/singfiller-meso-2-ml-5-spritzen\\\/\",\"name\":\"Kaufen Singfiller Meso 2 ml * 5 Spritzen online - Fillersupplies.vip\",\"isPartOf\":{\"@id\":\"https:\\\/\\\/fillersupplies.vip\\\/de\\\/#website\"},\"primaryImageOfPage\":{\"@id\":\"https:\\\/\\\/fillersupplies.vip\\\/de\\\/produkt\\\/singfiller-meso-2-ml-5-spritzen\\\/#primaryimage\"},\"image\":{\"@id\":\"https:\\\/\\\/fillersupplies.vip\\\/de\\\/produkt\\\/singfiller-meso-2-ml-5-spritzen\\\/#primaryimage\"},\"thumbnailUrl\":\"https:\\\/\\\/fillersupplies.vip\\\/wp-content\\\/uploads\\\/2024\\\/02\\\/Singfiller-Meso-2-Ml.webp\",\"datePublished\":\"2024-02-10T00:24:27+00:00\",\"dateModified\":\"2025-09-15T01:27:25+00:00\",\"breadcrumb\":{\"@id\":\"https:\\\/\\\/fillersupplies.vip\\\/de\\\/produkt\\\/singfiller-meso-2-ml-5-spritzen\\\/#breadcrumb\"},\"inLanguage\":\"de\",\"potentialAction\":[{\"@type\":\"ReadAction\",\"target\":[\"https:\\\/\\\/fillersupplies.vip\\\/de\\\/produkt\\\/singfiller-meso-2-ml-5-spritzen\\\/\"]}]},{\"@type\":\"ImageObject\",\"inLanguage\":\"de\",\"@id\":\"https:\\\/\\\/fillersupplies.vip\\\/de\\\/produkt\\\/singfiller-meso-2-ml-5-spritzen\\\/#primaryimage\",\"url\":\"https:\\\/\\\/fillersupplies.vip\\\/wp-content\\\/uploads\\\/2024\\\/02\\\/Singfiller-Meso-2-Ml.webp\",\"contentUrl\":\"https:\\\/\\\/fillersupplies.vip\\\/wp-content\\\/uploads\\\/2024\\\/02\\\/Singfiller-Meso-2-Ml.webp\",\"width\":730,\"height\":730},{\"@type\":\"BreadcrumbList\",\"@id\":\"https:\\\/\\\/fillersupplies.vip\\\/de\\\/produkt\\\/singfiller-meso-2-ml-5-spritzen\\\/#breadcrumb\",\"itemListElement\":[{\"@type\":\"ListItem\",\"position\":1,\"name\":\"Heim\",\"item\":\"https:\\\/\\\/fillersupplies.vip\\\/de\\\/\"},{\"@type\":\"ListItem\",\"position\":2,\"name\":\"Shop\",\"item\":\"https:\\\/\\\/fillersupplies.vip\\\/de\\\/shop\\\/\"},{\"@type\":\"ListItem\",\"position\":3,\"name\":\"Singfiller Meso 2 ml * 5 Spritzen\"}]},{\"@type\":\"WebSite\",\"@id\":\"https:\\\/\\\/fillersupplies.vip\\\/de\\\/#website\",\"url\":\"https:\\\/\\\/fillersupplies.vip\\\/de\\\/\",\"name\":\"Sarahandbendrix\",\"description\":\"Besuchen Sie unseren Shop, wo Sie Hautf\u00fcller, Botox- und Mesotherapie-Produkte der besten Marken kaufen k\u00f6nnen\",\"potentialAction\":[{\"@type\":\"SearchAction\",\"target\":{\"@type\":\"EntryPoint\",\"urlTemplate\":\"https:\\\/\\\/fillersupplies.vip\\\/de\\\/?s={search_term_string}\"},\"query-input\":{\"@type\":\"PropertyValueSpecification\",\"valueRequired\":true,\"valueName\":\"search_term_string\"}}],\"inLanguage\":\"de\"}]}<\/script>\n<!-- \/ Yoast SEO plugin. -->","yoast_head_json":{"title":"Kaufen Singfiller Meso 2 ml * 5 Spritzen online - Fillersupplies.vip","robots":{"index":"index","follow":"follow","max-snippet":"max-snippet:-1","max-image-preview":"max-image-preview:large","max-video-preview":"max-video-preview:-1"},"canonical":"https:\/\/fillersupplies.vip\/de\/produkt\/singfiller-meso-2-ml-5-spritzen\/","og_locale":"de_DE","og_type":"article","og_title":"Kaufen Singfiller Meso 2 ml * 5 Spritzen online - Fillersupplies.vip","og_description":"Singfiller Meso 2 ml bietet eine revitalisierende Mesotherapie-Behandlung in einer 2-ml-Spritze. Diese fortschrittliche Formel spendet der Haut Feuchtigkeit, mildert feine Linien und stellt ein jugendliches Aussehen f\u00fcr eine strahlende, verj\u00fcngte Haut wieder her.","og_url":"https:\/\/fillersupplies.vip\/de\/produkt\/singfiller-meso-2-ml-5-spritzen\/","og_site_name":"Fillersupplies.vip","article_modified_time":"2025-09-15T01:27:25+00:00","og_image":[{"width":730,"height":730,"url":"https:\/\/fillersupplies.vip\/wp-content\/uploads\/2024\/02\/Singfiller-Meso-2-Ml.webp","type":"image\/webp"}],"twitter_card":"summary_large_image","twitter_misc":{"Gesch\u00e4tzte Lesezeit ":"2 Minuten"},"schema":{"@context":"https:\/\/schema.org","@graph":[{"@type":"WebPage","@id":"https:\/\/fillersupplies.vip\/de\/produkt\/singfiller-meso-2-ml-5-spritzen\/","url":"https:\/\/fillersupplies.vip\/de\/produkt\/singfiller-meso-2-ml-5-spritzen\/","name":"Kaufen Singfiller Meso 2 ml * 5 Spritzen online - Fillersupplies.vip","isPartOf":{"@id":"https:\/\/fillersupplies.vip\/de\/#website"},"primaryImageOfPage":{"@id":"https:\/\/fillersupplies.vip\/de\/produkt\/singfiller-meso-2-ml-5-spritzen\/#primaryimage"},"image":{"@id":"https:\/\/fillersupplies.vip\/de\/produkt\/singfiller-meso-2-ml-5-spritzen\/#primaryimage"},"thumbnailUrl":"https:\/\/fillersupplies.vip\/wp-content\/uploads\/2024\/02\/Singfiller-Meso-2-Ml.webp","datePublished":"2024-02-10T00:24:27+00:00","dateModified":"2025-09-15T01:27:25+00:00","breadcrumb":{"@id":"https:\/\/fillersupplies.vip\/de\/produkt\/singfiller-meso-2-ml-5-spritzen\/#breadcrumb"},"inLanguage":"de","potentialAction":[{"@type":"ReadAction","target":["https:\/\/fillersupplies.vip\/de\/produkt\/singfiller-meso-2-ml-5-spritzen\/"]}]},{"@type":"ImageObject","inLanguage":"de","@id":"https:\/\/fillersupplies.vip\/de\/produkt\/singfiller-meso-2-ml-5-spritzen\/#primaryimage","url":"https:\/\/fillersupplies.vip\/wp-content\/uploads\/2024\/02\/Singfiller-Meso-2-Ml.webp","contentUrl":"https:\/\/fillersupplies.vip\/wp-content\/uploads\/2024\/02\/Singfiller-Meso-2-Ml.webp","width":730,"height":730},{"@type":"BreadcrumbList","@id":"https:\/\/fillersupplies.vip\/de\/produkt\/singfiller-meso-2-ml-5-spritzen\/#breadcrumb","itemListElement":[{"@type":"ListItem","position":1,"name":"Heim","item":"https:\/\/fillersupplies.vip\/de\/"},{"@type":"ListItem","position":2,"name":"Shop","item":"https:\/\/fillersupplies.vip\/de\/shop\/"},{"@type":"ListItem","position":3,"name":"Singfiller Meso 2 ml * 5 Spritzen"}]},{"@type":"WebSite","@id":"https:\/\/fillersupplies.vip\/de\/#website","url":"https:\/\/fillersupplies.vip\/de\/","name":"Sarahandbendrix","description":"Besuchen Sie unseren Shop, wo Sie Hautf\u00fcller, Botox- und Mesotherapie-Produkte der besten Marken kaufen k\u00f6nnen","potentialAction":[{"@type":"SearchAction","target":{"@type":"EntryPoint","urlTemplate":"https:\/\/fillersupplies.vip\/de\/?s={search_term_string}"},"query-input":{"@type":"PropertyValueSpecification","valueRequired":true,"valueName":"search_term_string"}}],"inLanguage":"de"}]}},"_links":{"self":[{"href":"https:\/\/fillersupplies.vip\/de\/wp-json\/wp\/v2\/product\/12811","targetHints":{"allow":["GET"]}}],"collection":[{"href":"https:\/\/fillersupplies.vip\/de\/wp-json\/wp\/v2\/product"}],"about":[{"href":"https:\/\/fillersupplies.vip\/de\/wp-json\/wp\/v2\/types\/product"}],"replies":[{"embeddable":true,"href":"https:\/\/fillersupplies.vip\/de\/wp-json\/wp\/v2\/comments?post=12811"}],"version-history":[{"count":0,"href":"https:\/\/fillersupplies.vip\/de\/wp-json\/wp\/v2\/product\/12811\/revisions"}],"wp:featuredmedia":[{"embeddable":true,"href":"https:\/\/fillersupplies.vip\/de\/wp-json\/wp\/v2\/media\/10372"}],"wp:attachment":[{"href":"https:\/\/fillersupplies.vip\/de\/wp-json\/wp\/v2\/media?parent=12811"}],"wp:term":[{"taxonomy":"product_cat","embeddable":true,"href":"https:\/\/fillersupplies.vip\/de\/wp-json\/wp\/v2\/product_cat?post=12811"},{"taxonomy":"product_tag","embeddable":true,"href":"https:\/\/fillersupplies.vip\/de\/wp-json\/wp\/v2\/product_tag?post=12811"}],"curies":[{"name":"wp","href":"https:\/\/api.w.org\/{rel}","templated":true}]}}