{"id":23680,"date":"2025-11-12T10:32:27","date_gmt":"2025-11-12T10:32:27","guid":{"rendered":"https:\/\/sarahandbendrix.com\/product\/belotero-balance-hyaluronsaeure-filler-mit-lidocain-1-ml\/"},"modified":"2025-11-12T10:32:27","modified_gmt":"2025-11-12T10:32:27","slug":"belotero-balance-hyaluronsaeure-filler-mit-lidocain-1-ml","status":"publish","type":"product","link":"https:\/\/fillersupplies.vip\/de\/produkt\/belotero-balance-hyaluronsaeure-filler-mit-lidocain-1-ml\/","title":{"rendered":"Belotero Balance Hyalurons\u00e4ure-Filler mit Lidocain 1 ml"},"content":{"rendered":"<p>Suchen Sie eine zuverl\u00e4ssige und effektive L\u00f6sung, um das Erscheinungsbild von m\u00e4\u00dfigen Gesichtslinien und Falten zu verringern? <b>Belotero Balance<\/b> ist Ihre professionelle Wahl, um glatte, nat\u00fcrlich aussehende Ergebnisse zu erzielen, die mit Ihren einzigartigen Gesichtsausdr\u00fccken harmonieren.<\/p>\n<h3>Nahtlose Integration f\u00fcr weiche Korrekturen<\/h3>\n<p>Belotero Balance ist ein hochmoderner <b>Hyalurons\u00e4ure-(HA)-Dermalf\u00fcller, der<\/b> speziell mit der patentierten Cohesive Polydensified Matrix (CPM)-Technologie entwickelt wurde. Dieses einzigartige Verfahren erzeugt ein Gel, das au\u00dfergew\u00f6hnliche Vielseitigkeit bietet und es erm\u00f6glicht, sich nahtlos und gleichm\u00e4\u00dfig in das Hautgewebe einzuf\u00fcgen. Im Gegensatz zu anderen Fillern bietet Belotero Balance eine sanfte, flexible Korrektur, die sich nat\u00fcrlich bewegt, wenn Sie l\u00e4cheln, sprechen oder die Stirn runzeln.  <\/p>\n<h3>Wichtige Vorteile des Belotero-Gleichgewichts:<\/h3>\n<ul>\n<li><b>Behandlung moderater Linien:<\/b> Ideal zur Behandlung moderater Nasolabialfalten (L\u00e4chelfalten), Marionettenlinien und perioraler Linien (vertikale Lippenlinien).<\/li>\n<li><b>Nat\u00fcrliches Gef\u00fchl und Aussehen:<\/b> Seine glatte, niedrigviskose Konsistenz verhindert Klumpigkeit und sorgt f\u00fcr einen nicht nachweisbaren \u00dcbergang zwischen behandeltem und unbehandeltem Bereich.<\/li>\n<li><b>Optimale Hautintegration:<\/b> Er ist f\u00fcr die Injektion in die mittlere bis tiefe Dermis konzipiert und sorgt f\u00fcr einen subtilen Auftrieb, ohne zu \u00fcberf\u00fcllen.<\/li>\n<li><b>Erh\u00f6hter Komfort:<\/b> Diese 1-ml-Formulierung wird mit <b>Lidocain<\/b>, einem lokalen Bet\u00e4ubungsmittel, angereichert, um das Wohlbefinden der Patienten w\u00e4hrend der Injektion deutlich zu steigern.<\/li>\n<\/ul>\n<h3>Warum w\u00e4hlen Sie Belotero Balance f\u00fcr Ihre Praxis?<\/h3>\n<p>Wenn Sie Belotero Balance anbieten, bieten Sie ein bew\u00e4hrtes Produkt an, das f\u00fcr sein Sicherheitsprofil und die Patientenzufriedenheit bekannt ist. Seine ausgewogenen Eigenschaften machen es zu einem bevorzugten Produkt f\u00fcr Praktizierende, die Subtilit\u00e4t und langanhaltende, harmonische Ergebnisse priorisieren. Das Produkt ist vorgef\u00fcllt und einsatzbereit, was Ihren Behandlungsablauf optimiert.  <\/p>\n<p><b>Produktdetails:<\/b><\/p>\n<ul>\n<li><b>Volumen:<\/b> 1 x 1,0 ml Spritze<\/li>\n<li><b>Arzneistoff:<\/b> Kreuzvernetzte Hyalurons\u00e4ure<\/li>\n<li><b>Komfortzusatz:<\/b> Lidocain<\/li>\n<\/ul>\n<p><b>Stellen Sie die jugendliche Sanftheit und das Selbstvertrauen Ihrer Kunden mit der unvergleichlichen Qualit\u00e4t von Belotero Balance wieder her.<\/b><\/p>\n","protected":false},"excerpt":{"rendered":"<p><b>Belotero Balance<\/b> ist ein hochwertiger <b>Hyalurons\u00e4ure (HA) dermaler Filler, der<\/b> dazu entwickelt wurde, moderate Gesichtslinien und Falten wie Nasolabialfalten zu korrigieren. Dank seiner nahtlosen Integrationstechnologie bietet es <g id=\"gid_2\">nat\u00fcrlich wirkende Ergebnisse<\/g> , die sich mit deinen Gesichtsausdr\u00fccken bewegen. Das zus\u00e4tzliche <g id=\"gid_3\">Lidocain<\/g> sorgt f\u00fcr ein angenehmeres Behandlungserlebnis. Erreiche glatte Haut mit nicht wahrnehmbaren \u00dcberg\u00e4ngen.   <\/p>\n","protected":false},"featured_media":23682,"comment_status":"closed","ping_status":"closed","template":"","meta":[],"product_cat":[241,688],"product_tag":[],"class_list":{"0":"post-23680","1":"product","2":"type-product","3":"status-publish","4":"has-post-thumbnail","6":"product_cat-dermal-filler","7":"product_cat-filler-unter-den-augen","9":"first","10":"instock","11":"shipping-taxable","12":"purchasable","13":"product-type-simple"},"yoast_head":"<!-- This site is optimized with the Yoast SEO plugin v27.3 - https:\/\/yoast.com\/product\/yoast-seo-wordpress\/ -->\n<title>Kaufen Belotero Balance Hyalurons\u00e4ure-Filler mit Lidocain 1 ml online - Fillersupplies.vip<\/title>\n<meta name=\"robots\" content=\"index, follow, max-snippet:-1, max-image-preview:large, max-video-preview:-1\" \/>\n<link rel=\"canonical\" href=\"https:\/\/fillersupplies.vip\/de\/produkt\/belotero-balance-hyaluronsaeure-filler-mit-lidocain-1-ml\/\" \/>\n<meta property=\"og:locale\" content=\"de_DE\" \/>\n<meta property=\"og:type\" content=\"article\" \/>\n<meta property=\"og:title\" content=\"Kaufen Belotero Balance Hyalurons\u00e4ure-Filler mit Lidocain 1 ml online - Fillersupplies.vip\" \/>\n<meta property=\"og:description\" content=\"Belotero Balance ist ein hochwertiger Hyalurons\u00e4ure (HA) dermaler Filler, der dazu entwickelt wurde, moderate Gesichtslinien und Falten wie Nasolabialfalten zu korrigieren. Dank seiner nahtlosen Integrationstechnologie bietet es nat\u00fcrlich wirkende Ergebnisse , die sich mit deinen Gesichtsausdr\u00fccken bewegen. Das zus\u00e4tzliche Lidocain sorgt f\u00fcr ein angenehmeres Behandlungserlebnis. Erreiche glatte Haut mit nicht wahrnehmbaren \u00dcberg\u00e4ngen.\" \/>\n<meta property=\"og:url\" content=\"https:\/\/fillersupplies.vip\/de\/produkt\/belotero-balance-hyaluronsaeure-filler-mit-lidocain-1-ml\/\" \/>\n<meta property=\"og:site_name\" content=\"Fillersupplies.vip\" \/>\n<meta property=\"og:image\" content=\"https:\/\/fillersupplies.vip\/wp-content\/uploads\/2025\/11\/belotero-balance-filler.jpg\" \/>\n\t<meta property=\"og:image:width\" content=\"1024\" \/>\n\t<meta property=\"og:image:height\" content=\"1024\" \/>\n\t<meta property=\"og:image:type\" content=\"image\/jpeg\" \/>\n<meta name=\"twitter:card\" content=\"summary_large_image\" \/>\n<meta name=\"twitter:label1\" content=\"Gesch\u00e4tzte Lesezeit \" \/>\n\t<meta name=\"twitter:data1\" content=\"2 Minuten\" \/>\n<script type=\"application\/ld+json\" class=\"yoast-schema-graph\">{\"@context\":\"https:\\\/\\\/schema.org\",\"@graph\":[{\"@type\":\"WebPage\",\"@id\":\"https:\\\/\\\/fillersupplies.vip\\\/de\\\/produkt\\\/belotero-balance-hyaluronsaeure-filler-mit-lidocain-1-ml\\\/\",\"url\":\"https:\\\/\\\/fillersupplies.vip\\\/de\\\/produkt\\\/belotero-balance-hyaluronsaeure-filler-mit-lidocain-1-ml\\\/\",\"name\":\"Kaufen Belotero Balance Hyalurons\u00e4ure-Filler mit Lidocain 1 ml online - Fillersupplies.vip\",\"isPartOf\":{\"@id\":\"https:\\\/\\\/fillersupplies.vip\\\/de\\\/#website\"},\"primaryImageOfPage\":{\"@id\":\"https:\\\/\\\/fillersupplies.vip\\\/de\\\/produkt\\\/belotero-balance-hyaluronsaeure-filler-mit-lidocain-1-ml\\\/#primaryimage\"},\"image\":{\"@id\":\"https:\\\/\\\/fillersupplies.vip\\\/de\\\/produkt\\\/belotero-balance-hyaluronsaeure-filler-mit-lidocain-1-ml\\\/#primaryimage\"},\"thumbnailUrl\":\"https:\\\/\\\/fillersupplies.vip\\\/wp-content\\\/uploads\\\/2025\\\/11\\\/belotero-balance-filler.jpg\",\"datePublished\":\"2025-11-12T10:32:27+00:00\",\"breadcrumb\":{\"@id\":\"https:\\\/\\\/fillersupplies.vip\\\/de\\\/produkt\\\/belotero-balance-hyaluronsaeure-filler-mit-lidocain-1-ml\\\/#breadcrumb\"},\"inLanguage\":\"de\",\"potentialAction\":[{\"@type\":\"ReadAction\",\"target\":[\"https:\\\/\\\/fillersupplies.vip\\\/de\\\/produkt\\\/belotero-balance-hyaluronsaeure-filler-mit-lidocain-1-ml\\\/\"]}]},{\"@type\":\"ImageObject\",\"inLanguage\":\"de\",\"@id\":\"https:\\\/\\\/fillersupplies.vip\\\/de\\\/produkt\\\/belotero-balance-hyaluronsaeure-filler-mit-lidocain-1-ml\\\/#primaryimage\",\"url\":\"https:\\\/\\\/fillersupplies.vip\\\/wp-content\\\/uploads\\\/2025\\\/11\\\/belotero-balance-filler.jpg\",\"contentUrl\":\"https:\\\/\\\/fillersupplies.vip\\\/wp-content\\\/uploads\\\/2025\\\/11\\\/belotero-balance-filler.jpg\",\"width\":1024,\"height\":1024},{\"@type\":\"BreadcrumbList\",\"@id\":\"https:\\\/\\\/fillersupplies.vip\\\/de\\\/produkt\\\/belotero-balance-hyaluronsaeure-filler-mit-lidocain-1-ml\\\/#breadcrumb\",\"itemListElement\":[{\"@type\":\"ListItem\",\"position\":1,\"name\":\"Heim\",\"item\":\"https:\\\/\\\/fillersupplies.vip\\\/de\\\/\"},{\"@type\":\"ListItem\",\"position\":2,\"name\":\"Shop\",\"item\":\"https:\\\/\\\/fillersupplies.vip\\\/de\\\/shop\\\/\"},{\"@type\":\"ListItem\",\"position\":3,\"name\":\"Belotero Balance Hyalurons\u00e4ure-Filler mit Lidocain 1 ml\"}]},{\"@type\":\"WebSite\",\"@id\":\"https:\\\/\\\/fillersupplies.vip\\\/de\\\/#website\",\"url\":\"https:\\\/\\\/fillersupplies.vip\\\/de\\\/\",\"name\":\"Sarahandbendrix\",\"description\":\"Besuchen Sie unseren Shop, wo Sie Hautf\u00fcller, Botox- und Mesotherapie-Produkte der besten Marken kaufen k\u00f6nnen\",\"potentialAction\":[{\"@type\":\"SearchAction\",\"target\":{\"@type\":\"EntryPoint\",\"urlTemplate\":\"https:\\\/\\\/fillersupplies.vip\\\/de\\\/?s={search_term_string}\"},\"query-input\":{\"@type\":\"PropertyValueSpecification\",\"valueRequired\":true,\"valueName\":\"search_term_string\"}}],\"inLanguage\":\"de\"}]}<\/script>\n<!-- \/ Yoast SEO plugin. -->","yoast_head_json":{"title":"Kaufen Belotero Balance Hyalurons\u00e4ure-Filler mit Lidocain 1 ml online - Fillersupplies.vip","robots":{"index":"index","follow":"follow","max-snippet":"max-snippet:-1","max-image-preview":"max-image-preview:large","max-video-preview":"max-video-preview:-1"},"canonical":"https:\/\/fillersupplies.vip\/de\/produkt\/belotero-balance-hyaluronsaeure-filler-mit-lidocain-1-ml\/","og_locale":"de_DE","og_type":"article","og_title":"Kaufen Belotero Balance Hyalurons\u00e4ure-Filler mit Lidocain 1 ml online - Fillersupplies.vip","og_description":"Belotero Balance ist ein hochwertiger Hyalurons\u00e4ure (HA) dermaler Filler, der dazu entwickelt wurde, moderate Gesichtslinien und Falten wie Nasolabialfalten zu korrigieren. Dank seiner nahtlosen Integrationstechnologie bietet es nat\u00fcrlich wirkende Ergebnisse , die sich mit deinen Gesichtsausdr\u00fccken bewegen. Das zus\u00e4tzliche Lidocain sorgt f\u00fcr ein angenehmeres Behandlungserlebnis. Erreiche glatte Haut mit nicht wahrnehmbaren \u00dcberg\u00e4ngen.","og_url":"https:\/\/fillersupplies.vip\/de\/produkt\/belotero-balance-hyaluronsaeure-filler-mit-lidocain-1-ml\/","og_site_name":"Fillersupplies.vip","og_image":[{"width":1024,"height":1024,"url":"https:\/\/fillersupplies.vip\/wp-content\/uploads\/2025\/11\/belotero-balance-filler.jpg","type":"image\/jpeg"}],"twitter_card":"summary_large_image","twitter_misc":{"Gesch\u00e4tzte Lesezeit ":"2 Minuten"},"schema":{"@context":"https:\/\/schema.org","@graph":[{"@type":"WebPage","@id":"https:\/\/fillersupplies.vip\/de\/produkt\/belotero-balance-hyaluronsaeure-filler-mit-lidocain-1-ml\/","url":"https:\/\/fillersupplies.vip\/de\/produkt\/belotero-balance-hyaluronsaeure-filler-mit-lidocain-1-ml\/","name":"Kaufen Belotero Balance Hyalurons\u00e4ure-Filler mit Lidocain 1 ml online - Fillersupplies.vip","isPartOf":{"@id":"https:\/\/fillersupplies.vip\/de\/#website"},"primaryImageOfPage":{"@id":"https:\/\/fillersupplies.vip\/de\/produkt\/belotero-balance-hyaluronsaeure-filler-mit-lidocain-1-ml\/#primaryimage"},"image":{"@id":"https:\/\/fillersupplies.vip\/de\/produkt\/belotero-balance-hyaluronsaeure-filler-mit-lidocain-1-ml\/#primaryimage"},"thumbnailUrl":"https:\/\/fillersupplies.vip\/wp-content\/uploads\/2025\/11\/belotero-balance-filler.jpg","datePublished":"2025-11-12T10:32:27+00:00","breadcrumb":{"@id":"https:\/\/fillersupplies.vip\/de\/produkt\/belotero-balance-hyaluronsaeure-filler-mit-lidocain-1-ml\/#breadcrumb"},"inLanguage":"de","potentialAction":[{"@type":"ReadAction","target":["https:\/\/fillersupplies.vip\/de\/produkt\/belotero-balance-hyaluronsaeure-filler-mit-lidocain-1-ml\/"]}]},{"@type":"ImageObject","inLanguage":"de","@id":"https:\/\/fillersupplies.vip\/de\/produkt\/belotero-balance-hyaluronsaeure-filler-mit-lidocain-1-ml\/#primaryimage","url":"https:\/\/fillersupplies.vip\/wp-content\/uploads\/2025\/11\/belotero-balance-filler.jpg","contentUrl":"https:\/\/fillersupplies.vip\/wp-content\/uploads\/2025\/11\/belotero-balance-filler.jpg","width":1024,"height":1024},{"@type":"BreadcrumbList","@id":"https:\/\/fillersupplies.vip\/de\/produkt\/belotero-balance-hyaluronsaeure-filler-mit-lidocain-1-ml\/#breadcrumb","itemListElement":[{"@type":"ListItem","position":1,"name":"Heim","item":"https:\/\/fillersupplies.vip\/de\/"},{"@type":"ListItem","position":2,"name":"Shop","item":"https:\/\/fillersupplies.vip\/de\/shop\/"},{"@type":"ListItem","position":3,"name":"Belotero Balance Hyalurons\u00e4ure-Filler mit Lidocain 1 ml"}]},{"@type":"WebSite","@id":"https:\/\/fillersupplies.vip\/de\/#website","url":"https:\/\/fillersupplies.vip\/de\/","name":"Sarahandbendrix","description":"Besuchen Sie unseren Shop, wo Sie Hautf\u00fcller, Botox- und Mesotherapie-Produkte der besten Marken kaufen k\u00f6nnen","potentialAction":[{"@type":"SearchAction","target":{"@type":"EntryPoint","urlTemplate":"https:\/\/fillersupplies.vip\/de\/?s={search_term_string}"},"query-input":{"@type":"PropertyValueSpecification","valueRequired":true,"valueName":"search_term_string"}}],"inLanguage":"de"}]}},"_links":{"self":[{"href":"https:\/\/fillersupplies.vip\/de\/wp-json\/wp\/v2\/product\/23680","targetHints":{"allow":["GET"]}}],"collection":[{"href":"https:\/\/fillersupplies.vip\/de\/wp-json\/wp\/v2\/product"}],"about":[{"href":"https:\/\/fillersupplies.vip\/de\/wp-json\/wp\/v2\/types\/product"}],"replies":[{"embeddable":true,"href":"https:\/\/fillersupplies.vip\/de\/wp-json\/wp\/v2\/comments?post=23680"}],"version-history":[{"count":0,"href":"https:\/\/fillersupplies.vip\/de\/wp-json\/wp\/v2\/product\/23680\/revisions"}],"wp:featuredmedia":[{"embeddable":true,"href":"https:\/\/fillersupplies.vip\/de\/wp-json\/wp\/v2\/media\/23682"}],"wp:attachment":[{"href":"https:\/\/fillersupplies.vip\/de\/wp-json\/wp\/v2\/media?parent=23680"}],"wp:term":[{"taxonomy":"product_cat","embeddable":true,"href":"https:\/\/fillersupplies.vip\/de\/wp-json\/wp\/v2\/product_cat?post=23680"},{"taxonomy":"product_tag","embeddable":true,"href":"https:\/\/fillersupplies.vip\/de\/wp-json\/wp\/v2\/product_tag?post=23680"}],"curies":[{"name":"wp","href":"https:\/\/api.w.org\/{rel}","templated":true}]}}