{"id":24336,"date":"2025-11-29T17:30:15","date_gmt":"2025-11-29T17:30:15","guid":{"rendered":"https:\/\/sarahandbendrix.com\/product\/sella-tox-professionelles-peptidserum\/"},"modified":"2026-01-24T04:29:19","modified_gmt":"2026-01-24T04:29:19","slug":"sella-tox-professionelles-peptidserum","status":"publish","type":"product","link":"https:\/\/fillersupplies.vip\/de\/produkt\/sella-tox-professionelles-peptidserum\/","title":{"rendered":"Sella Tox 10 \u2013 Professionelles Peptidserum"},"content":{"rendered":"<h2 data-path-to-node=\"2\">Sela Tox 10: Professionelles System zur Hautaufhellung und Gl\u00e4ttung<\/h2>\n<p data-path-to-node=\"3\"><b data-path-to-node=\"3\" data-index-in-node=\"70\">Entdecken Sie mit Sela Tox 10<\/b>, einem hochreinen Ampullensystem, das f\u00fcr transformative Anti-Aging- und Aufhellungseffekte entwickelt wurde, das Erscheinungsbild makellos glatter und strahlender Haut wieder. Diese intensive Behandlung zielt auf sichtbare Alterserscheinungen ab und f\u00f6rdert gleichzeitig einen klaren, lebendigen Teint.<\/p>\n<h3 data-path-to-node=\"4\">Fortschrittliche strukturelle Unterst\u00fctzung<\/h3>\n<p data-path-to-node=\"5\">Im Zentrum von Sela Tox 10 steht ein revolution\u00e4rer Fokus auf <b data-path-to-node=\"5\" data-index-in-node=\"56\">\u00e4sthetische Kollagenunterst\u00fctzung<\/b>. Die Formel f\u00f6rdert die nat\u00fcrliche Widerstandsf\u00e4higkeit der Haut und st\u00e4rkt ihr darunterliegendes Erscheinungsbild. Durch die Unterst\u00fctzung der Oberfl\u00e4chenstruktur der Haut wird das Erscheinungsbild feiner Linien und Ausdrucksfalten sichtbar reduziert und ein festeres, st\u00e4rker &#8222;aufgeblasenes&#8220; Aussehen wiederhergestellt.<\/p>\n<h3 data-path-to-node=\"6\">Hellen und Vollkommen<\/h3>\n<p data-path-to-node=\"7\">Sela Tox 10 ist ein m\u00e4chtiger Verb\u00fcndeter, um einen gleichm\u00e4\u00dfigen Hautton zu erreichen. Das fortschrittliche <b data-path-to-node=\"7\" data-index-in-node=\"81\">Aufhellungssystem<\/b> reduziert die Sichtbarkeit dunkler Flecken und Oberfl\u00e4chenhyperpigmentierung. Das Ergebnis ist ein lebendiges, gleichm\u00e4\u00dfiges Leuchten, das eine klarere und strahlendere Leinwand enth\u00fcllt.  <\/p>\n<h3 data-path-to-node=\"8\">Professionelle topische Pflege von hochwertiger Qualit\u00e4t<\/h3>\n<p data-path-to-node=\"9\">Dieses konzentrierte System mit f\u00fcnf 5-ml-Fl\u00e4schchen bietet eine hochreine Formulierung, die typischerweise f\u00fcr professionelle \u00e4sthetische Umgebungen reserviert ist.<\/p>\n<ul data-path-to-node=\"10\">\n<li>\n<p data-path-to-node=\"10,0,0\"><b data-path-to-node=\"10,0,0\" data-index-in-node=\"0\">Zielgerichtete Aktion:<\/b> Gl\u00e4ttet das Erscheinungsbild von &#8222;Kr\u00e4henf\u00fc\u00dfen&#8220; und dynamischen Linien.<\/p>\n<\/li>\n<li>\n<p data-path-to-node=\"10,1,0\"><b data-path-to-node=\"10,1,0\" data-index-in-node=\"0\">Leuchtende Oberfl\u00e4che:<\/b> Gleicht den Hautton aus und sorgt f\u00fcr eine &#8222;von innen erleuchtete&#8220; Ausstrahlung.<\/p>\n<\/li>\n<li>\n<p data-path-to-node=\"10,2,0\"><b data-path-to-node=\"10,2,0\" data-index-in-node=\"0\">Intensivkurs:<\/b> Eine vollst\u00e4ndige Behandlung, die f\u00fcr pr\u00e4zise topische Anwendung konzipiert ist.<\/p>\n<\/li>\n<\/ul>\n<p data-path-to-node=\"11\"><b data-path-to-node=\"11\" data-index-in-node=\"0\">Wegbeschreibungen:<\/b> Nach der Reinigung tragen Sie eine kleine Menge auf Gesicht und Hals auf und konzentrieren Sie sich auf die Bereiche mit feinen Linien. Verwenden Sie sie als Teil Ihrer abendlichen Routine. <\/p>\n<hr data-path-to-node=\"12\">\n<blockquote data-path-to-node=\"13\">\n<p data-path-to-node=\"13,0\"><b data-path-to-node=\"13,0\" data-index-in-node=\"0\">NUTZUNGSHINWEIS:<\/b> NUR F\u00dcR <b data-path-to-node=\"13,0\" data-index-in-node=\"18\">TOPISCHE KOSMETISCHE NUTZUNG.<\/b> &#8222;Nur professionelle Anwendung&#8220; bezeichnet die hohe Konzentration von Wirkstoffen, die sorgf\u00e4ltige topische Anwendung erfordern. Lagern Sie an einem k\u00fchlen, dunklen Ort.<\/p>\n<\/blockquote>\n","protected":false},"excerpt":{"rendered":"<p><b data-path-to-node=\"1\" data-index-in-node=\"0\">Sela Tox 10<\/b> ist ein professionelles Aufhellungs- und Anti-Aging-Ampullensystem. Diese hochreine Formel richtet sich gegen feine Linien und einen ungleichm\u00e4\u00dfigen Hautton, indem sie die nat\u00fcrliche Kollagen-Resilienz unterst\u00fctzt. Jedes 5-ml-Fl\u00e4schchen liefert intensive Feuchtigkeit und Strahlkraft und f\u00f6rdert einen glatteren, festeren und strahlenderen Teint.    <b data-path-to-node=\"1\" data-index-in-node=\"304\">Nur f\u00fcr topische kosmetische Anwendungen.<\/b><\/p>\n","protected":false},"featured_media":24339,"comment_status":"closed","ping_status":"closed","template":"","meta":[],"product_cat":[645],"product_tag":[718,730,712],"class_list":{"0":"post-24336","1":"product","2":"type-product","3":"status-publish","4":"has-post-thumbnail","6":"product_cat-peptidforschung","7":"product_tag-fgf-2-wachstumsfaktor-peptid","8":"product_tag-hautpflege-des-hautwachstumsfaktors-egf-2","9":"product_tag-igf-1-peptid","11":"first","12":"instock","13":"shipping-taxable","14":"purchasable","15":"product-type-simple"},"yoast_head":"<!-- This site is optimized with the Yoast SEO plugin v27.3 - https:\/\/yoast.com\/product\/yoast-seo-wordpress\/ -->\n<title>Kaufen Sella Tox 10 \u2013 Professionelles Peptidserum online Gro\u00dfh\u00e4ndler - Fillersupplies.vip<\/title>\n<meta name=\"robots\" content=\"index, follow, max-snippet:-1, max-image-preview:large, max-video-preview:-1\" \/>\n<link rel=\"canonical\" href=\"https:\/\/fillersupplies.vip\/de\/produkt\/sella-tox-professionelles-peptidserum\/\" \/>\n<meta property=\"og:locale\" content=\"de_DE\" \/>\n<meta property=\"og:type\" content=\"article\" \/>\n<meta property=\"og:title\" content=\"Kaufen Sella Tox 10 \u2013 Professionelles Peptidserum online Gro\u00dfh\u00e4ndler - Fillersupplies.vip\" \/>\n<meta property=\"og:description\" content=\"Sela Tox 10 ist ein professionelles Aufhellungs- und Anti-Aging-Ampullensystem. Diese hochreine Formel richtet sich gegen feine Linien und einen ungleichm\u00e4\u00dfigen Hautton, indem sie die nat\u00fcrliche Kollagen-Resilienz unterst\u00fctzt. Jedes 5-ml-Fl\u00e4schchen liefert intensive Feuchtigkeit und Strahlkraft und f\u00f6rdert einen glatteren, festeren und strahlenderen Teint.  Nur f\u00fcr topische kosmetische Anwendungen.\" \/>\n<meta property=\"og:url\" content=\"https:\/\/fillersupplies.vip\/de\/produkt\/sella-tox-professionelles-peptidserum\/\" \/>\n<meta property=\"og:site_name\" content=\"Fillersupplies.vip\" \/>\n<meta property=\"article:modified_time\" content=\"2026-01-24T04:29:19+00:00\" \/>\n<meta property=\"og:image\" content=\"https:\/\/fillersupplies.vip\/wp-content\/uploads\/2025\/11\/selatox10-getglowing.jpg\" \/>\n\t<meta property=\"og:image:width\" content=\"1280\" \/>\n\t<meta property=\"og:image:height\" content=\"1280\" \/>\n\t<meta property=\"og:image:type\" content=\"image\/jpeg\" \/>\n<meta name=\"twitter:card\" content=\"summary_large_image\" \/>\n<meta name=\"twitter:label1\" content=\"Gesch\u00e4tzte Lesezeit \" \/>\n\t<meta name=\"twitter:data1\" content=\"1 Minute\" \/>\n<script type=\"application\/ld+json\" class=\"yoast-schema-graph\">{\"@context\":\"https:\\\/\\\/schema.org\",\"@graph\":[{\"@type\":\"WebPage\",\"@id\":\"https:\\\/\\\/fillersupplies.vip\\\/de\\\/produkt\\\/sella-tox-professionelles-peptidserum\\\/\",\"url\":\"https:\\\/\\\/fillersupplies.vip\\\/de\\\/produkt\\\/sella-tox-professionelles-peptidserum\\\/\",\"name\":\"Kaufen Sella Tox 10 \u2013 Professionelles Peptidserum online Gro\u00dfh\u00e4ndler - Fillersupplies.vip\",\"isPartOf\":{\"@id\":\"https:\\\/\\\/fillersupplies.vip\\\/de\\\/#website\"},\"primaryImageOfPage\":{\"@id\":\"https:\\\/\\\/fillersupplies.vip\\\/de\\\/produkt\\\/sella-tox-professionelles-peptidserum\\\/#primaryimage\"},\"image\":{\"@id\":\"https:\\\/\\\/fillersupplies.vip\\\/de\\\/produkt\\\/sella-tox-professionelles-peptidserum\\\/#primaryimage\"},\"thumbnailUrl\":\"https:\\\/\\\/fillersupplies.vip\\\/wp-content\\\/uploads\\\/2025\\\/11\\\/selatox10-getglowing.jpg\",\"datePublished\":\"2025-11-29T17:30:15+00:00\",\"dateModified\":\"2026-01-24T04:29:19+00:00\",\"breadcrumb\":{\"@id\":\"https:\\\/\\\/fillersupplies.vip\\\/de\\\/produkt\\\/sella-tox-professionelles-peptidserum\\\/#breadcrumb\"},\"inLanguage\":\"de\",\"potentialAction\":[{\"@type\":\"ReadAction\",\"target\":[\"https:\\\/\\\/fillersupplies.vip\\\/de\\\/produkt\\\/sella-tox-professionelles-peptidserum\\\/\"]}]},{\"@type\":\"ImageObject\",\"inLanguage\":\"de\",\"@id\":\"https:\\\/\\\/fillersupplies.vip\\\/de\\\/produkt\\\/sella-tox-professionelles-peptidserum\\\/#primaryimage\",\"url\":\"https:\\\/\\\/fillersupplies.vip\\\/wp-content\\\/uploads\\\/2025\\\/11\\\/selatox10-getglowing.jpg\",\"contentUrl\":\"https:\\\/\\\/fillersupplies.vip\\\/wp-content\\\/uploads\\\/2025\\\/11\\\/selatox10-getglowing.jpg\",\"width\":1280,\"height\":1280},{\"@type\":\"BreadcrumbList\",\"@id\":\"https:\\\/\\\/fillersupplies.vip\\\/de\\\/produkt\\\/sella-tox-professionelles-peptidserum\\\/#breadcrumb\",\"itemListElement\":[{\"@type\":\"ListItem\",\"position\":1,\"name\":\"Heim\",\"item\":\"https:\\\/\\\/fillersupplies.vip\\\/de\\\/\"},{\"@type\":\"ListItem\",\"position\":2,\"name\":\"Shop\",\"item\":\"https:\\\/\\\/fillersupplies.vip\\\/de\\\/shop\\\/\"},{\"@type\":\"ListItem\",\"position\":3,\"name\":\"Sella Tox 10 \u2013 Professionelles Peptidserum\"}]},{\"@type\":\"WebSite\",\"@id\":\"https:\\\/\\\/fillersupplies.vip\\\/de\\\/#website\",\"url\":\"https:\\\/\\\/fillersupplies.vip\\\/de\\\/\",\"name\":\"Sarahandbendrix\",\"description\":\"Besuchen Sie unseren Shop, wo Sie Hautf\u00fcller, Botox- und Mesotherapie-Produkte der besten Marken kaufen k\u00f6nnen\",\"potentialAction\":[{\"@type\":\"SearchAction\",\"target\":{\"@type\":\"EntryPoint\",\"urlTemplate\":\"https:\\\/\\\/fillersupplies.vip\\\/de\\\/?s={search_term_string}\"},\"query-input\":{\"@type\":\"PropertyValueSpecification\",\"valueRequired\":true,\"valueName\":\"search_term_string\"}}],\"inLanguage\":\"de\"}]}<\/script>\n<!-- \/ Yoast SEO plugin. -->","yoast_head_json":{"title":"Kaufen Sella Tox 10 \u2013 Professionelles Peptidserum online Gro\u00dfh\u00e4ndler - Fillersupplies.vip","robots":{"index":"index","follow":"follow","max-snippet":"max-snippet:-1","max-image-preview":"max-image-preview:large","max-video-preview":"max-video-preview:-1"},"canonical":"https:\/\/fillersupplies.vip\/de\/produkt\/sella-tox-professionelles-peptidserum\/","og_locale":"de_DE","og_type":"article","og_title":"Kaufen Sella Tox 10 \u2013 Professionelles Peptidserum online Gro\u00dfh\u00e4ndler - Fillersupplies.vip","og_description":"Sela Tox 10 ist ein professionelles Aufhellungs- und Anti-Aging-Ampullensystem. Diese hochreine Formel richtet sich gegen feine Linien und einen ungleichm\u00e4\u00dfigen Hautton, indem sie die nat\u00fcrliche Kollagen-Resilienz unterst\u00fctzt. Jedes 5-ml-Fl\u00e4schchen liefert intensive Feuchtigkeit und Strahlkraft und f\u00f6rdert einen glatteren, festeren und strahlenderen Teint.  Nur f\u00fcr topische kosmetische Anwendungen.","og_url":"https:\/\/fillersupplies.vip\/de\/produkt\/sella-tox-professionelles-peptidserum\/","og_site_name":"Fillersupplies.vip","article_modified_time":"2026-01-24T04:29:19+00:00","og_image":[{"width":1280,"height":1280,"url":"https:\/\/fillersupplies.vip\/wp-content\/uploads\/2025\/11\/selatox10-getglowing.jpg","type":"image\/jpeg"}],"twitter_card":"summary_large_image","twitter_misc":{"Gesch\u00e4tzte Lesezeit ":"1 Minute"},"schema":{"@context":"https:\/\/schema.org","@graph":[{"@type":"WebPage","@id":"https:\/\/fillersupplies.vip\/de\/produkt\/sella-tox-professionelles-peptidserum\/","url":"https:\/\/fillersupplies.vip\/de\/produkt\/sella-tox-professionelles-peptidserum\/","name":"Kaufen Sella Tox 10 \u2013 Professionelles Peptidserum online Gro\u00dfh\u00e4ndler - Fillersupplies.vip","isPartOf":{"@id":"https:\/\/fillersupplies.vip\/de\/#website"},"primaryImageOfPage":{"@id":"https:\/\/fillersupplies.vip\/de\/produkt\/sella-tox-professionelles-peptidserum\/#primaryimage"},"image":{"@id":"https:\/\/fillersupplies.vip\/de\/produkt\/sella-tox-professionelles-peptidserum\/#primaryimage"},"thumbnailUrl":"https:\/\/fillersupplies.vip\/wp-content\/uploads\/2025\/11\/selatox10-getglowing.jpg","datePublished":"2025-11-29T17:30:15+00:00","dateModified":"2026-01-24T04:29:19+00:00","breadcrumb":{"@id":"https:\/\/fillersupplies.vip\/de\/produkt\/sella-tox-professionelles-peptidserum\/#breadcrumb"},"inLanguage":"de","potentialAction":[{"@type":"ReadAction","target":["https:\/\/fillersupplies.vip\/de\/produkt\/sella-tox-professionelles-peptidserum\/"]}]},{"@type":"ImageObject","inLanguage":"de","@id":"https:\/\/fillersupplies.vip\/de\/produkt\/sella-tox-professionelles-peptidserum\/#primaryimage","url":"https:\/\/fillersupplies.vip\/wp-content\/uploads\/2025\/11\/selatox10-getglowing.jpg","contentUrl":"https:\/\/fillersupplies.vip\/wp-content\/uploads\/2025\/11\/selatox10-getglowing.jpg","width":1280,"height":1280},{"@type":"BreadcrumbList","@id":"https:\/\/fillersupplies.vip\/de\/produkt\/sella-tox-professionelles-peptidserum\/#breadcrumb","itemListElement":[{"@type":"ListItem","position":1,"name":"Heim","item":"https:\/\/fillersupplies.vip\/de\/"},{"@type":"ListItem","position":2,"name":"Shop","item":"https:\/\/fillersupplies.vip\/de\/shop\/"},{"@type":"ListItem","position":3,"name":"Sella Tox 10 \u2013 Professionelles Peptidserum"}]},{"@type":"WebSite","@id":"https:\/\/fillersupplies.vip\/de\/#website","url":"https:\/\/fillersupplies.vip\/de\/","name":"Sarahandbendrix","description":"Besuchen Sie unseren Shop, wo Sie Hautf\u00fcller, Botox- und Mesotherapie-Produkte der besten Marken kaufen k\u00f6nnen","potentialAction":[{"@type":"SearchAction","target":{"@type":"EntryPoint","urlTemplate":"https:\/\/fillersupplies.vip\/de\/?s={search_term_string}"},"query-input":{"@type":"PropertyValueSpecification","valueRequired":true,"valueName":"search_term_string"}}],"inLanguage":"de"}]}},"_links":{"self":[{"href":"https:\/\/fillersupplies.vip\/de\/wp-json\/wp\/v2\/product\/24336","targetHints":{"allow":["GET"]}}],"collection":[{"href":"https:\/\/fillersupplies.vip\/de\/wp-json\/wp\/v2\/product"}],"about":[{"href":"https:\/\/fillersupplies.vip\/de\/wp-json\/wp\/v2\/types\/product"}],"replies":[{"embeddable":true,"href":"https:\/\/fillersupplies.vip\/de\/wp-json\/wp\/v2\/comments?post=24336"}],"version-history":[{"count":2,"href":"https:\/\/fillersupplies.vip\/de\/wp-json\/wp\/v2\/product\/24336\/revisions"}],"predecessor-version":[{"id":25339,"href":"https:\/\/fillersupplies.vip\/de\/wp-json\/wp\/v2\/product\/24336\/revisions\/25339"}],"wp:featuredmedia":[{"embeddable":true,"href":"https:\/\/fillersupplies.vip\/de\/wp-json\/wp\/v2\/media\/24339"}],"wp:attachment":[{"href":"https:\/\/fillersupplies.vip\/de\/wp-json\/wp\/v2\/media?parent=24336"}],"wp:term":[{"taxonomy":"product_cat","embeddable":true,"href":"https:\/\/fillersupplies.vip\/de\/wp-json\/wp\/v2\/product_cat?post=24336"},{"taxonomy":"product_tag","embeddable":true,"href":"https:\/\/fillersupplies.vip\/de\/wp-json\/wp\/v2\/product_tag?post=24336"}],"curies":[{"name":"wp","href":"https:\/\/api.w.org\/{rel}","templated":true}]}}