{"id":12797,"date":"2024-02-10T00:06:15","date_gmt":"2024-02-10T00:06:15","guid":{"rendered":"https:\/\/sarahandbendrix.com\/product\/v-line-a-solution-essence-facial-lipolitico\/"},"modified":"2025-09-15T01:29:10","modified_gmt":"2025-09-15T01:29:10","slug":"v-line-a-solution-essence-facial-lipolitico","status":"publish","type":"product","link":"https:\/\/fillersupplies.vip\/es\/producto\/v-line-a-solution-essence-facial-lipolitico\/","title":{"rendered":"V Line-A Solution Essence facial lipol\u00edtico"},"content":{"rendered":"<p data-sourcepos=\"3:1-3:29\"><strong>V-Line Una Esencia de Soluci\u00f3n<\/strong><\/p>\n<ul data-sourcepos=\"5:1-8:8\">\n<li data-sourcepos=\"5:1-5:121\">V-Line A Solution Essence es una forma segura y eficaz de reducir la grasa facial y lograr una l\u00ednea de la mand\u00edbula m\u00e1s delgada y definida.<\/li>\n<li data-sourcepos=\"6:1-6:129\">Contiene una mezcla de ingredientes naturales que trabajan juntos para disolver las c\u00e9lulas grasas, mejorar la circulaci\u00f3n y tensar la piel.<\/li>\n<li data-sourcepos=\"7:1-7:70\">V-Line A Solution Essence es f\u00e1cil de usar y se puede aplicar en casa.<\/li>\n<li data-sourcepos=\"8:1-8:8\">Basta con aplicar unas gotas en la zona deseada y masajear hasta que se absorba.<\/li>\n<li data-sourcepos=\"9:1-10:0\">Para obtener los mejores resultados, use V-Line A Solution Essence dos veces al d\u00eda.<\/li>\n<\/ul>\n<p data-sourcepos=\"11:1-11:13\"><strong>Funciones:<\/strong><\/p>\n<ul data-sourcepos=\"13:1-17:0\">\n<li data-sourcepos=\"13:1-13:20\">Seguro y eficaz<\/li>\n<li data-sourcepos=\"14:1-14:21\">Ingredientes naturales<\/li>\n<li data-sourcepos=\"15:1-15:13\">F\u00e1cil de usar<\/li>\n<li data-sourcepos=\"16:1-17:0\">Asequible<\/li>\n<li data-sourcepos=\"16:1-17:0\">Envase: 10 mL X 5<\/li>\n<\/ul>\n<p data-sourcepos=\"18:1-18:13\"><strong>Ventajas:<\/strong><\/p>\n<ul data-sourcepos=\"20:1-24:0\">\n<li data-sourcepos=\"20:1-20:20\">Reduce la grasa facial<\/li>\n<li data-sourcepos=\"21:1-21:19\">Adelgaza la l\u00ednea de la mand\u00edbula<\/li>\n<li data-sourcepos=\"22:1-22:19\">Tensa la piel<\/li>\n<li data-sourcepos=\"23:1-24:0\">Mejora la circulaci\u00f3n<\/li>\n<\/ul>\n<p data-sourcepos=\"25:1-25:16\"><strong>Ingredientes:<\/strong><\/p>\n<ul data-sourcepos=\"27:1-32:0\">\n<li data-sourcepos=\"27:1-27:18\">\u00c1cido desoxic\u00f3lico<\/li>\n<li data-sourcepos=\"28:1-28:21\">Fosfatidilcolina<\/li>\n<li data-sourcepos=\"29:1-29:13\">L-carnitina<\/li>\n<li data-sourcepos=\"30:1-30:10\">Cafe\u00edna<\/li>\n<li data-sourcepos=\"31:1-32:0\">Extracto de t\u00e9 verde<\/li>\n<\/ul>\n<p data-sourcepos=\"3:1-3:24\"><strong>\u00bfCu\u00e1ntos tratamientos?<\/strong><\/p>\n<p data-sourcepos=\"5:1-5:30\">Depende de varios factores:<\/p>\n<ul data-sourcepos=\"7:1-8:7\">\n<li data-sourcepos=\"7:1-7:58\"><strong>Los resultados deseados:<\/strong> Cu\u00e1nta grasa quieres perder.<\/li>\n<li data-sourcepos=\"8:1-8:7\"><strong>Cantidad de grasa:<\/strong> Cu\u00e1nta grasa hay en el \u00e1rea que est\u00e1 tratando.<\/li>\n<li data-sourcepos=\"9:1-10:0\"><strong>La respuesta de tu cuerpo:<\/strong> Qu\u00e9 tan bien responde su cuerpo al tratamiento.<\/li>\n<\/ul>\n<p data-sourcepos=\"11:1-11:116\">En promedio, espere <strong>de 3 a 5 inyecciones<\/strong>. Una vez que se destruyen las c\u00e9lulas grasas, ya no pueden almacenar grasa, por lo que no necesitar\u00e1 m\u00e1s tratamientos si est\u00e1 satisfecho con los resultados. <\/p>\n<p data-sourcepos=\"13:1-13:20\"><strong>Profundidad de inyecci\u00f3n:<\/strong><\/p>\n<ul data-sourcepos=\"15:1-16:11\">\n<li data-sourcepos=\"15:1-15:46\"><strong>Cuerpo:<\/strong> Debajo de la piel (grasa subcut\u00e1nea).<\/li>\n<li data-sourcepos=\"16:1-16:11\"><strong>Cara:<\/strong> Ligeramente menos profundo que en el cuerpo.<\/li>\n<\/ul>\n<p data-sourcepos=\"18:1-18:32\"><strong>Distancia entre inyecciones:<\/strong><\/p>\n<ul data-sourcepos=\"20:1-22:0\">\n<li data-sourcepos=\"20:1-20:52\"><strong>Cuerpo:<\/strong> 1,5-2,5 cm de distancia, inyectado hacia abajo.<\/li>\n<li data-sourcepos=\"21:1-22:0\"><strong>Cara:<\/strong> 1-1,5 cm de separaci\u00f3n, inyectada hacia abajo.<\/li>\n<\/ul>\n<p data-sourcepos=\"23:1-23:11\"><strong>Dosificaci\u00f3n:<\/strong><\/p>\n<ul data-sourcepos=\"25:1-25:34\">\n<li data-sourcepos=\"25:1-25:34\"><strong>Inyecciones cada 10-15 d\u00edas.<\/strong><\/li>\n<li data-sourcepos=\"26:1-29:35\"><strong>Cuerpo:<\/strong>\n<ul data-sourcepos=\"27:5-29:35\">\n<li data-sourcepos=\"27:5-27:32\">Brazos: 10-15ml por sesi\u00f3n.<\/li>\n<li data-sourcepos=\"28:5-28:34\">Muslos: 20-30ml por sesi\u00f3n.<\/li>\n<li data-sourcepos=\"29:5-29:35\">Est\u00f3mago: 20-30ml por sesi\u00f3n.<\/li>\n<\/ul>\n<\/li>\n<li data-sourcepos=\"30:1-33:0\"><strong>Cara:<\/strong>\n<ul data-sourcepos=\"31:5-33:0\">\n<li data-sourcepos=\"31:5-31:30\">Rostro: 5-7ml por sesi\u00f3n.<\/li>\n<li data-sourcepos=\"32:5-33:0\">Ment\u00f3n: 4-6ml por sesi\u00f3n.<\/li>\n<\/ul>\n<\/li>\n<\/ul>\n<p data-sourcepos=\"34:1-34:191\"><strong>Recordar:<\/strong> Esta informaci\u00f3n es solo para fines informativos y no debe usarse como consejo m\u00e9dico. Siempre consulte a un profesional de la salud calificado antes de someterse a cualquier inyecci\u00f3n. <\/p>\n<p data-sourcepos=\"40:1-40:13\"><strong>Advertencias:<\/strong><\/p>\n<ul data-sourcepos=\"42:1-46:0\">\n<li class=\"animating\" data-sourcepos=\"43:1-43:36\"><span class=\"citation-0 animating\">Evite el contacto con los ojos y la boca.<\/span><\/li>\n<li class=\"animating\" data-sourcepos=\"44:1-44:39\"><span class=\"citation-0 animating\">Suspenda su uso si se produce irritaci\u00f3n.<\/span><\/li>\n<li class=\"animating\" data-sourcepos=\"45:1-46:0\"><span class=\"citation-0 citation-end-0 animating\">Mantener fuera del alcance de los ni\u00f1os.<\/span><\/li>\n<\/ul>\n<p data-sourcepos=\"47:1-47:12\"><strong>Almacenamiento:<\/strong><\/p>\n<ul data-sourcepos=\"49:1-51:0\">\n<li data-sourcepos=\"49:1-49:29\">Almacenar en un lugar fresco y seco.<\/li>\n<li data-sourcepos=\"50:1-51:0\">Mantener alejado de la luz solar directa.<\/li>\n<\/ul>\n<p data-sourcepos=\"52:1-52:102\"><strong>\u00a1Ordene su botella de V-Line A Solution Essence hoy y comience a ver resultados en solo unas pocas semanas!<\/strong><\/p>\n","protected":false},"excerpt":{"rendered":"<p>\u00a1V-Line A aborda la grasa obstinada de la barbilla y las mejillas! Este tratamiento no quir\u00fargico disuelve las c\u00e9lulas grasas, incluso las resistentes a la dieta y al ejercicio. Vea los resultados en m\u00faltiples tratamientos sin tiempo de inactividad.  <\/p>\n","protected":false},"featured_media":10353,"comment_status":"open","ping_status":"open","template":"","meta":[],"product_cat":[257,252],"product_tag":[],"class_list":{"0":"post-12797","1":"product","2":"type-product","3":"status-publish","4":"has-post-thumbnail","6":"product_cat-inyecciones-de-lipolisis","7":"product_cat-mesoterapia","9":"first","10":"instock","11":"shipping-taxable","12":"purchasable","13":"product-type-simple"},"yoast_head":"<!-- This site is optimized with the Yoast SEO plugin v27.3 - https:\/\/yoast.com\/product\/yoast-seo-wordpress\/ -->\n<title>comprar V Line-A Solution Essence facial lipol\u00edtico online - Fillersupplies.vip<\/title>\n<meta name=\"robots\" content=\"index, follow, max-snippet:-1, max-image-preview:large, max-video-preview:-1\" \/>\n<link rel=\"canonical\" href=\"https:\/\/fillersupplies.vip\/es\/producto\/v-line-a-solution-essence-facial-lipolitico\/\" \/>\n<meta property=\"og:locale\" content=\"es_ES\" \/>\n<meta property=\"og:type\" content=\"article\" \/>\n<meta property=\"og:title\" content=\"comprar V Line-A Solution Essence facial lipol\u00edtico online - Fillersupplies.vip\" \/>\n<meta property=\"og:description\" content=\"\u00a1V-Line A aborda la grasa obstinada de la barbilla y las mejillas! Este tratamiento no quir\u00fargico disuelve las c\u00e9lulas grasas, incluso las resistentes a la dieta y al ejercicio. Vea los resultados en m\u00faltiples tratamientos sin tiempo de inactividad.\" \/>\n<meta property=\"og:url\" content=\"https:\/\/fillersupplies.vip\/es\/producto\/v-line-a-solution-essence-facial-lipolitico\/\" \/>\n<meta property=\"og:site_name\" content=\"Fillersupplies.vip\" \/>\n<meta property=\"article:modified_time\" content=\"2025-09-15T01:29:10+00:00\" \/>\n<meta property=\"og:image\" content=\"https:\/\/sarahandbendrix.com\/wp-content\/uploads\/2024\/02\/V-Line-A-Solution-Essence.png\" \/>\n\t<meta property=\"og:image:width\" content=\"491\" \/>\n\t<meta property=\"og:image:height\" content=\"495\" \/>\n\t<meta property=\"og:image:type\" content=\"image\/png\" \/>\n<meta name=\"twitter:card\" content=\"summary_large_image\" \/>\n<meta name=\"twitter:label1\" content=\"Tiempo estimado de lectura \" \/>\n\t<meta name=\"twitter:data1\" content=\"2 minutos\" \/>\n<script type=\"application\/ld+json\" class=\"yoast-schema-graph\">{\"@context\":\"https:\\\/\\\/schema.org\",\"@graph\":[{\"@type\":\"WebPage\",\"@id\":\"https:\\\/\\\/fillersupplies.vip\\\/es\\\/producto\\\/v-line-a-solution-essence-facial-lipolitico\\\/\",\"url\":\"https:\\\/\\\/fillersupplies.vip\\\/es\\\/producto\\\/v-line-a-solution-essence-facial-lipolitico\\\/\",\"name\":\"comprar V Line-A Solution Essence facial lipol\u00edtico online - Fillersupplies.vip\",\"isPartOf\":{\"@id\":\"https:\\\/\\\/fillersupplies.vip\\\/es\\\/#website\"},\"primaryImageOfPage\":{\"@id\":\"https:\\\/\\\/fillersupplies.vip\\\/es\\\/producto\\\/v-line-a-solution-essence-facial-lipolitico\\\/#primaryimage\"},\"image\":{\"@id\":\"https:\\\/\\\/fillersupplies.vip\\\/es\\\/producto\\\/v-line-a-solution-essence-facial-lipolitico\\\/#primaryimage\"},\"thumbnailUrl\":\"https:\\\/\\\/fillersupplies.vip\\\/wp-content\\\/uploads\\\/2024\\\/02\\\/V-Line-A-Solution-Essence.png\",\"datePublished\":\"2024-02-10T00:06:15+00:00\",\"dateModified\":\"2025-09-15T01:29:10+00:00\",\"breadcrumb\":{\"@id\":\"https:\\\/\\\/fillersupplies.vip\\\/es\\\/producto\\\/v-line-a-solution-essence-facial-lipolitico\\\/#breadcrumb\"},\"inLanguage\":\"es\",\"potentialAction\":[{\"@type\":\"ReadAction\",\"target\":[\"https:\\\/\\\/fillersupplies.vip\\\/es\\\/producto\\\/v-line-a-solution-essence-facial-lipolitico\\\/\"]}]},{\"@type\":\"ImageObject\",\"inLanguage\":\"es\",\"@id\":\"https:\\\/\\\/fillersupplies.vip\\\/es\\\/producto\\\/v-line-a-solution-essence-facial-lipolitico\\\/#primaryimage\",\"url\":\"https:\\\/\\\/fillersupplies.vip\\\/wp-content\\\/uploads\\\/2024\\\/02\\\/V-Line-A-Solution-Essence.png\",\"contentUrl\":\"https:\\\/\\\/fillersupplies.vip\\\/wp-content\\\/uploads\\\/2024\\\/02\\\/V-Line-A-Solution-Essence.png\",\"width\":491,\"height\":495},{\"@type\":\"BreadcrumbList\",\"@id\":\"https:\\\/\\\/fillersupplies.vip\\\/es\\\/producto\\\/v-line-a-solution-essence-facial-lipolitico\\\/#breadcrumb\",\"itemListElement\":[{\"@type\":\"ListItem\",\"position\":1,\"name\":\"Hogar\",\"item\":\"https:\\\/\\\/sarahandbendrix.com\\\/\"},{\"@type\":\"ListItem\",\"position\":2,\"name\":\"Tienda\",\"item\":\"https:\\\/\\\/sarahandbendrix.com\\\/es\\\/?page_id=11869\"},{\"@type\":\"ListItem\",\"position\":3,\"name\":\"V Line-A Solution Essence facial lipol\u00edtico\"}]},{\"@type\":\"WebSite\",\"@id\":\"https:\\\/\\\/fillersupplies.vip\\\/es\\\/#website\",\"url\":\"https:\\\/\\\/fillersupplies.vip\\\/es\\\/\",\"name\":\"Sarahandbendrix\",\"description\":\"Visita nuestra tienda donde podr\u00e1s comprar las mejores marcas de rellenos d\u00e9rmicos, botox y productos de mesoterapia\",\"potentialAction\":[{\"@type\":\"SearchAction\",\"target\":{\"@type\":\"EntryPoint\",\"urlTemplate\":\"https:\\\/\\\/fillersupplies.vip\\\/es\\\/?s={search_term_string}\"},\"query-input\":{\"@type\":\"PropertyValueSpecification\",\"valueRequired\":true,\"valueName\":\"search_term_string\"}}],\"inLanguage\":\"es\"}]}<\/script>\n<!-- \/ Yoast SEO plugin. -->","yoast_head_json":{"title":"comprar V Line-A Solution Essence facial lipol\u00edtico online - Fillersupplies.vip","robots":{"index":"index","follow":"follow","max-snippet":"max-snippet:-1","max-image-preview":"max-image-preview:large","max-video-preview":"max-video-preview:-1"},"canonical":"https:\/\/fillersupplies.vip\/es\/producto\/v-line-a-solution-essence-facial-lipolitico\/","og_locale":"es_ES","og_type":"article","og_title":"comprar V Line-A Solution Essence facial lipol\u00edtico online - Fillersupplies.vip","og_description":"\u00a1V-Line A aborda la grasa obstinada de la barbilla y las mejillas! Este tratamiento no quir\u00fargico disuelve las c\u00e9lulas grasas, incluso las resistentes a la dieta y al ejercicio. Vea los resultados en m\u00faltiples tratamientos sin tiempo de inactividad.","og_url":"https:\/\/fillersupplies.vip\/es\/producto\/v-line-a-solution-essence-facial-lipolitico\/","og_site_name":"Fillersupplies.vip","article_modified_time":"2025-09-15T01:29:10+00:00","og_image":[{"width":491,"height":495,"url":"https:\/\/sarahandbendrix.com\/wp-content\/uploads\/2024\/02\/V-Line-A-Solution-Essence.png","type":"image\/png"}],"twitter_card":"summary_large_image","twitter_misc":{"Tiempo estimado de lectura ":"2 minutos"},"schema":{"@context":"https:\/\/schema.org","@graph":[{"@type":"WebPage","@id":"https:\/\/fillersupplies.vip\/es\/producto\/v-line-a-solution-essence-facial-lipolitico\/","url":"https:\/\/fillersupplies.vip\/es\/producto\/v-line-a-solution-essence-facial-lipolitico\/","name":"comprar V Line-A Solution Essence facial lipol\u00edtico online - Fillersupplies.vip","isPartOf":{"@id":"https:\/\/fillersupplies.vip\/es\/#website"},"primaryImageOfPage":{"@id":"https:\/\/fillersupplies.vip\/es\/producto\/v-line-a-solution-essence-facial-lipolitico\/#primaryimage"},"image":{"@id":"https:\/\/fillersupplies.vip\/es\/producto\/v-line-a-solution-essence-facial-lipolitico\/#primaryimage"},"thumbnailUrl":"https:\/\/fillersupplies.vip\/wp-content\/uploads\/2024\/02\/V-Line-A-Solution-Essence.png","datePublished":"2024-02-10T00:06:15+00:00","dateModified":"2025-09-15T01:29:10+00:00","breadcrumb":{"@id":"https:\/\/fillersupplies.vip\/es\/producto\/v-line-a-solution-essence-facial-lipolitico\/#breadcrumb"},"inLanguage":"es","potentialAction":[{"@type":"ReadAction","target":["https:\/\/fillersupplies.vip\/es\/producto\/v-line-a-solution-essence-facial-lipolitico\/"]}]},{"@type":"ImageObject","inLanguage":"es","@id":"https:\/\/fillersupplies.vip\/es\/producto\/v-line-a-solution-essence-facial-lipolitico\/#primaryimage","url":"https:\/\/fillersupplies.vip\/wp-content\/uploads\/2024\/02\/V-Line-A-Solution-Essence.png","contentUrl":"https:\/\/fillersupplies.vip\/wp-content\/uploads\/2024\/02\/V-Line-A-Solution-Essence.png","width":491,"height":495},{"@type":"BreadcrumbList","@id":"https:\/\/fillersupplies.vip\/es\/producto\/v-line-a-solution-essence-facial-lipolitico\/#breadcrumb","itemListElement":[{"@type":"ListItem","position":1,"name":"Hogar","item":"https:\/\/sarahandbendrix.com\/"},{"@type":"ListItem","position":2,"name":"Tienda","item":"https:\/\/sarahandbendrix.com\/es\/?page_id=11869"},{"@type":"ListItem","position":3,"name":"V Line-A Solution Essence facial lipol\u00edtico"}]},{"@type":"WebSite","@id":"https:\/\/fillersupplies.vip\/es\/#website","url":"https:\/\/fillersupplies.vip\/es\/","name":"Sarahandbendrix","description":"Visita nuestra tienda donde podr\u00e1s comprar las mejores marcas de rellenos d\u00e9rmicos, botox y productos de mesoterapia","potentialAction":[{"@type":"SearchAction","target":{"@type":"EntryPoint","urlTemplate":"https:\/\/fillersupplies.vip\/es\/?s={search_term_string}"},"query-input":{"@type":"PropertyValueSpecification","valueRequired":true,"valueName":"search_term_string"}}],"inLanguage":"es"}]}},"_links":{"self":[{"href":"https:\/\/fillersupplies.vip\/es\/wp-json\/wp\/v2\/product\/12797","targetHints":{"allow":["GET"]}}],"collection":[{"href":"https:\/\/fillersupplies.vip\/es\/wp-json\/wp\/v2\/product"}],"about":[{"href":"https:\/\/fillersupplies.vip\/es\/wp-json\/wp\/v2\/types\/product"}],"replies":[{"embeddable":true,"href":"https:\/\/fillersupplies.vip\/es\/wp-json\/wp\/v2\/comments?post=12797"}],"version-history":[{"count":0,"href":"https:\/\/fillersupplies.vip\/es\/wp-json\/wp\/v2\/product\/12797\/revisions"}],"wp:featuredmedia":[{"embeddable":true,"href":"https:\/\/fillersupplies.vip\/es\/wp-json\/wp\/v2\/media\/10353"}],"wp:attachment":[{"href":"https:\/\/fillersupplies.vip\/es\/wp-json\/wp\/v2\/media?parent=12797"}],"wp:term":[{"taxonomy":"product_cat","embeddable":true,"href":"https:\/\/fillersupplies.vip\/es\/wp-json\/wp\/v2\/product_cat?post=12797"},{"taxonomy":"product_tag","embeddable":true,"href":"https:\/\/fillersupplies.vip\/es\/wp-json\/wp\/v2\/product_tag?post=12797"}],"curies":[{"name":"wp","href":"https:\/\/api.w.org\/{rel}","templated":true}]}}