{"id":23672,"date":"2025-11-12T10:32:27","date_gmt":"2025-11-12T10:32:27","guid":{"rendered":"https:\/\/sarahandbendrix.com\/product\/relleno-de-acido-hialuronico-belotero-balance-con-lidocaina-1ml\/"},"modified":"2025-11-12T10:32:27","modified_gmt":"2025-11-12T10:32:27","slug":"relleno-de-acido-hialuronico-belotero-balance-con-lidocaina-1ml","status":"publish","type":"product","link":"https:\/\/fillersupplies.vip\/es\/producto\/relleno-de-acido-hialuronico-belotero-balance-con-lidocaina-1ml\/","title":{"rendered":"Relleno de \u00e1cido hialur\u00f3nico Belotero Balance con lidoca\u00edna 1ml"},"content":{"rendered":"<p>\u00bfBuscas una soluci\u00f3n fiable y eficaz para reducir la apariencia de l\u00edneas faciales y arrugas moderadas? <b>Belotero Balance<\/b> es tu elecci\u00f3n experta para conseguir resultados suaves y naturales que armonizan con tus expresiones faciales \u00fanicas.<\/p>\n<h3>Integraci\u00f3n Fluida para la Correcci\u00f3n Suave<\/h3>\n<p>Belotero Balance es un <b>relleno d\u00e9rmico de \u00faltima generaci\u00f3n de \u00e1cido hialur\u00f3nico (HA<\/b> ) dise\u00f1ado espec\u00edficamente con la tecnolog\u00eda patentada de Matriz Cohesive Polydensified (CPM). Este proceso \u00fanico crea un gel que ofrece una versatilidad excepcional, permitiendo que se integre de forma fluida y uniforme en el tejido de la piel. A diferencia de otros rellenos, Belotero Balance ofrece una correcci\u00f3n suave y flexible que se mueve de forma natural cuando sonr\u00edes, hablas o frunces el ce\u00f1o.  <\/p>\n<h3>Principales beneficios del equilibrio Belotero:<\/h3>\n<ul>\n<li><b>Tratamiento de l\u00edneas moderadas:<\/b> Ideal para tratar pliegues nasolabiales moderados (l\u00edneas de sonrisa), l\u00edneas de marionetas y l\u00edneas periorales (l\u00edneas verticales de labios).<\/li>\n<li><b>Sensaci\u00f3n y aspecto naturales:<\/b> Su consistencia lisa y de baja viscosidad previene la formaci\u00f3n de bultos y asegura una transici\u00f3n indetectable entre las \u00e1reas tratadas y las no tratadas.<\/li>\n<li><b>Integraci\u00f3n \u00f3ptima de la piel:<\/b> Dise\u00f1ado para inyecci\u00f3n en la dermis media a profunda, proporciona un ligero levantamiento sin sobrellenar.<\/li>\n<li><b>Mayor comodidad:<\/b> Esta formulaci\u00f3n de 1 ml se enriquece con <b>lidoca\u00edna<\/b>, un anest\u00e9sico local, para aumentar significativamente la comodidad del paciente durante el procedimiento de inyecci\u00f3n.<\/li>\n<\/ul>\n<h3>\u00bfPor qu\u00e9 elegir Belotero Balance para tu consulta?<\/h3>\n<p>Cuando ofreces Belotero Balance, est\u00e1s ofreciendo un producto probado conocido por su perfil de seguridad y la satisfacci\u00f3n del paciente. Sus propiedades equilibradas lo convierten en un producto de referencia para los profesionales que priorizan la sutileza y resultados duraderos y armoniosos. El producto viene pre-llenado y listo para su uso, optimizando tu flujo de trabajo de tratamiento.  <\/p>\n<p><b>Detalles del producto:<\/b><\/p>\n<ul>\n<li><b>Volumen:<\/b> 1 x jeringuilla de 1,0 ml<\/li>\n<li><b>Ingrediente activo:<\/b> \u00c1cido Hialur\u00f3nico Reticulado<\/li>\n<li><b>Aditivo de confort:<\/b> Lidoca\u00edna<\/li>\n<\/ul>\n<p><b>Restaura la elegancia y confianza juvenil de tus clientes con la calidad inigualable de Belotero Balance.<\/b><\/p>\n","protected":false},"excerpt":{"rendered":"<p><b>Belotero Balance<\/b> es un <b>relleno d\u00e9rmico premium de \u00e1cido hialur\u00f3nico (HA<\/b> ) dise\u00f1ado para corregir l\u00edneas y arrugas faciales moderadas, como los pliegues nasolabiales. Gracias a su tecnolog\u00eda de integraci\u00f3n fluida, ofrece <b>resultados de aspecto natural<\/b> que se adaptan a tus expresi\u00f3n. La <b>lidoca\u00edna<\/b> a\u00f1adida garantiza una experiencia de tratamiento m\u00e1s c\u00f3moda. Consigue una piel suave con transiciones indetectables.   <\/p>\n","protected":false},"featured_media":23673,"comment_status":"closed","ping_status":"closed","template":"","meta":[],"product_cat":[686,244],"product_tag":[],"class_list":{"0":"post-23672","1":"product","2":"type-product","3":"status-publish","4":"has-post-thumbnail","6":"product_cat-relleno-bajo-los-ojos","7":"product_cat-rellenos-dermicos","9":"first","10":"instock","11":"shipping-taxable","12":"purchasable","13":"product-type-simple"},"yoast_head":"<!-- This site is optimized with the Yoast SEO plugin v27.3 - https:\/\/yoast.com\/product\/yoast-seo-wordpress\/ -->\n<title>comprar Relleno de \u00e1cido hialur\u00f3nico Belotero Balance con lidoca\u00edna 1ml online - Fillersupplies.vip<\/title>\n<meta name=\"robots\" content=\"index, follow, max-snippet:-1, max-image-preview:large, max-video-preview:-1\" \/>\n<link rel=\"canonical\" href=\"https:\/\/fillersupplies.vip\/es\/producto\/relleno-de-acido-hialuronico-belotero-balance-con-lidocaina-1ml\/\" \/>\n<meta property=\"og:locale\" content=\"es_ES\" \/>\n<meta property=\"og:type\" content=\"article\" \/>\n<meta property=\"og:title\" content=\"comprar Relleno de \u00e1cido hialur\u00f3nico Belotero Balance con lidoca\u00edna 1ml online - Fillersupplies.vip\" \/>\n<meta property=\"og:description\" content=\"Belotero Balance es un relleno d\u00e9rmico premium de \u00e1cido hialur\u00f3nico (HA ) dise\u00f1ado para corregir l\u00edneas y arrugas faciales moderadas, como los pliegues nasolabiales. Gracias a su tecnolog\u00eda de integraci\u00f3n fluida, ofrece resultados de aspecto natural que se adaptan a tus expresi\u00f3n. La lidoca\u00edna a\u00f1adida garantiza una experiencia de tratamiento m\u00e1s c\u00f3moda. Consigue una piel suave con transiciones indetectables.\" \/>\n<meta property=\"og:url\" content=\"https:\/\/fillersupplies.vip\/es\/producto\/relleno-de-acido-hialuronico-belotero-balance-con-lidocaina-1ml\/\" \/>\n<meta property=\"og:site_name\" content=\"Fillersupplies.vip\" \/>\n<meta property=\"og:image\" content=\"https:\/\/fillersupplies.vip\/wp-content\/uploads\/2025\/11\/belotero-balance-filler.jpg\" \/>\n\t<meta property=\"og:image:width\" content=\"1024\" \/>\n\t<meta property=\"og:image:height\" content=\"1024\" \/>\n\t<meta property=\"og:image:type\" content=\"image\/jpeg\" \/>\n<meta name=\"twitter:card\" content=\"summary_large_image\" \/>\n<meta name=\"twitter:label1\" content=\"Tiempo estimado de lectura \" \/>\n\t<meta name=\"twitter:data1\" content=\"2 minutos\" \/>\n<script type=\"application\/ld+json\" class=\"yoast-schema-graph\">{\"@context\":\"https:\\\/\\\/schema.org\",\"@graph\":[{\"@type\":\"WebPage\",\"@id\":\"https:\\\/\\\/fillersupplies.vip\\\/es\\\/producto\\\/relleno-de-acido-hialuronico-belotero-balance-con-lidocaina-1ml\\\/\",\"url\":\"https:\\\/\\\/fillersupplies.vip\\\/es\\\/producto\\\/relleno-de-acido-hialuronico-belotero-balance-con-lidocaina-1ml\\\/\",\"name\":\"comprar Relleno de \u00e1cido hialur\u00f3nico Belotero Balance con lidoca\u00edna 1ml online - Fillersupplies.vip\",\"isPartOf\":{\"@id\":\"https:\\\/\\\/fillersupplies.vip\\\/es\\\/#website\"},\"primaryImageOfPage\":{\"@id\":\"https:\\\/\\\/fillersupplies.vip\\\/es\\\/producto\\\/relleno-de-acido-hialuronico-belotero-balance-con-lidocaina-1ml\\\/#primaryimage\"},\"image\":{\"@id\":\"https:\\\/\\\/fillersupplies.vip\\\/es\\\/producto\\\/relleno-de-acido-hialuronico-belotero-balance-con-lidocaina-1ml\\\/#primaryimage\"},\"thumbnailUrl\":\"https:\\\/\\\/fillersupplies.vip\\\/wp-content\\\/uploads\\\/2025\\\/11\\\/belotero-balance-filler.jpg\",\"datePublished\":\"2025-11-12T10:32:27+00:00\",\"breadcrumb\":{\"@id\":\"https:\\\/\\\/fillersupplies.vip\\\/es\\\/producto\\\/relleno-de-acido-hialuronico-belotero-balance-con-lidocaina-1ml\\\/#breadcrumb\"},\"inLanguage\":\"es\",\"potentialAction\":[{\"@type\":\"ReadAction\",\"target\":[\"https:\\\/\\\/fillersupplies.vip\\\/es\\\/producto\\\/relleno-de-acido-hialuronico-belotero-balance-con-lidocaina-1ml\\\/\"]}]},{\"@type\":\"ImageObject\",\"inLanguage\":\"es\",\"@id\":\"https:\\\/\\\/fillersupplies.vip\\\/es\\\/producto\\\/relleno-de-acido-hialuronico-belotero-balance-con-lidocaina-1ml\\\/#primaryimage\",\"url\":\"https:\\\/\\\/fillersupplies.vip\\\/wp-content\\\/uploads\\\/2025\\\/11\\\/belotero-balance-filler.jpg\",\"contentUrl\":\"https:\\\/\\\/fillersupplies.vip\\\/wp-content\\\/uploads\\\/2025\\\/11\\\/belotero-balance-filler.jpg\",\"width\":1024,\"height\":1024},{\"@type\":\"BreadcrumbList\",\"@id\":\"https:\\\/\\\/fillersupplies.vip\\\/es\\\/producto\\\/relleno-de-acido-hialuronico-belotero-balance-con-lidocaina-1ml\\\/#breadcrumb\",\"itemListElement\":[{\"@type\":\"ListItem\",\"position\":1,\"name\":\"Hogar\",\"item\":\"https:\\\/\\\/fillersupplies.vip\\\/es\\\/\"},{\"@type\":\"ListItem\",\"position\":2,\"name\":\"Tienda\",\"item\":\"https:\\\/\\\/fillersupplies.vip\\\/es\\\/tienda\\\/\"},{\"@type\":\"ListItem\",\"position\":3,\"name\":\"Relleno de \u00e1cido hialur\u00f3nico Belotero Balance con lidoca\u00edna 1ml\"}]},{\"@type\":\"WebSite\",\"@id\":\"https:\\\/\\\/fillersupplies.vip\\\/es\\\/#website\",\"url\":\"https:\\\/\\\/fillersupplies.vip\\\/es\\\/\",\"name\":\"Sarahandbendrix\",\"description\":\"Visita nuestra tienda donde podr\u00e1s comprar las mejores marcas de rellenos d\u00e9rmicos, botox y productos de mesoterapia\",\"potentialAction\":[{\"@type\":\"SearchAction\",\"target\":{\"@type\":\"EntryPoint\",\"urlTemplate\":\"https:\\\/\\\/fillersupplies.vip\\\/es\\\/?s={search_term_string}\"},\"query-input\":{\"@type\":\"PropertyValueSpecification\",\"valueRequired\":true,\"valueName\":\"search_term_string\"}}],\"inLanguage\":\"es\"}]}<\/script>\n<!-- \/ Yoast SEO plugin. -->","yoast_head_json":{"title":"comprar Relleno de \u00e1cido hialur\u00f3nico Belotero Balance con lidoca\u00edna 1ml online - Fillersupplies.vip","robots":{"index":"index","follow":"follow","max-snippet":"max-snippet:-1","max-image-preview":"max-image-preview:large","max-video-preview":"max-video-preview:-1"},"canonical":"https:\/\/fillersupplies.vip\/es\/producto\/relleno-de-acido-hialuronico-belotero-balance-con-lidocaina-1ml\/","og_locale":"es_ES","og_type":"article","og_title":"comprar Relleno de \u00e1cido hialur\u00f3nico Belotero Balance con lidoca\u00edna 1ml online - Fillersupplies.vip","og_description":"Belotero Balance es un relleno d\u00e9rmico premium de \u00e1cido hialur\u00f3nico (HA ) dise\u00f1ado para corregir l\u00edneas y arrugas faciales moderadas, como los pliegues nasolabiales. Gracias a su tecnolog\u00eda de integraci\u00f3n fluida, ofrece resultados de aspecto natural que se adaptan a tus expresi\u00f3n. La lidoca\u00edna a\u00f1adida garantiza una experiencia de tratamiento m\u00e1s c\u00f3moda. Consigue una piel suave con transiciones indetectables.","og_url":"https:\/\/fillersupplies.vip\/es\/producto\/relleno-de-acido-hialuronico-belotero-balance-con-lidocaina-1ml\/","og_site_name":"Fillersupplies.vip","og_image":[{"width":1024,"height":1024,"url":"https:\/\/fillersupplies.vip\/wp-content\/uploads\/2025\/11\/belotero-balance-filler.jpg","type":"image\/jpeg"}],"twitter_card":"summary_large_image","twitter_misc":{"Tiempo estimado de lectura ":"2 minutos"},"schema":{"@context":"https:\/\/schema.org","@graph":[{"@type":"WebPage","@id":"https:\/\/fillersupplies.vip\/es\/producto\/relleno-de-acido-hialuronico-belotero-balance-con-lidocaina-1ml\/","url":"https:\/\/fillersupplies.vip\/es\/producto\/relleno-de-acido-hialuronico-belotero-balance-con-lidocaina-1ml\/","name":"comprar Relleno de \u00e1cido hialur\u00f3nico Belotero Balance con lidoca\u00edna 1ml online - Fillersupplies.vip","isPartOf":{"@id":"https:\/\/fillersupplies.vip\/es\/#website"},"primaryImageOfPage":{"@id":"https:\/\/fillersupplies.vip\/es\/producto\/relleno-de-acido-hialuronico-belotero-balance-con-lidocaina-1ml\/#primaryimage"},"image":{"@id":"https:\/\/fillersupplies.vip\/es\/producto\/relleno-de-acido-hialuronico-belotero-balance-con-lidocaina-1ml\/#primaryimage"},"thumbnailUrl":"https:\/\/fillersupplies.vip\/wp-content\/uploads\/2025\/11\/belotero-balance-filler.jpg","datePublished":"2025-11-12T10:32:27+00:00","breadcrumb":{"@id":"https:\/\/fillersupplies.vip\/es\/producto\/relleno-de-acido-hialuronico-belotero-balance-con-lidocaina-1ml\/#breadcrumb"},"inLanguage":"es","potentialAction":[{"@type":"ReadAction","target":["https:\/\/fillersupplies.vip\/es\/producto\/relleno-de-acido-hialuronico-belotero-balance-con-lidocaina-1ml\/"]}]},{"@type":"ImageObject","inLanguage":"es","@id":"https:\/\/fillersupplies.vip\/es\/producto\/relleno-de-acido-hialuronico-belotero-balance-con-lidocaina-1ml\/#primaryimage","url":"https:\/\/fillersupplies.vip\/wp-content\/uploads\/2025\/11\/belotero-balance-filler.jpg","contentUrl":"https:\/\/fillersupplies.vip\/wp-content\/uploads\/2025\/11\/belotero-balance-filler.jpg","width":1024,"height":1024},{"@type":"BreadcrumbList","@id":"https:\/\/fillersupplies.vip\/es\/producto\/relleno-de-acido-hialuronico-belotero-balance-con-lidocaina-1ml\/#breadcrumb","itemListElement":[{"@type":"ListItem","position":1,"name":"Hogar","item":"https:\/\/fillersupplies.vip\/es\/"},{"@type":"ListItem","position":2,"name":"Tienda","item":"https:\/\/fillersupplies.vip\/es\/tienda\/"},{"@type":"ListItem","position":3,"name":"Relleno de \u00e1cido hialur\u00f3nico Belotero Balance con lidoca\u00edna 1ml"}]},{"@type":"WebSite","@id":"https:\/\/fillersupplies.vip\/es\/#website","url":"https:\/\/fillersupplies.vip\/es\/","name":"Sarahandbendrix","description":"Visita nuestra tienda donde podr\u00e1s comprar las mejores marcas de rellenos d\u00e9rmicos, botox y productos de mesoterapia","potentialAction":[{"@type":"SearchAction","target":{"@type":"EntryPoint","urlTemplate":"https:\/\/fillersupplies.vip\/es\/?s={search_term_string}"},"query-input":{"@type":"PropertyValueSpecification","valueRequired":true,"valueName":"search_term_string"}}],"inLanguage":"es"}]}},"_links":{"self":[{"href":"https:\/\/fillersupplies.vip\/es\/wp-json\/wp\/v2\/product\/23672","targetHints":{"allow":["GET"]}}],"collection":[{"href":"https:\/\/fillersupplies.vip\/es\/wp-json\/wp\/v2\/product"}],"about":[{"href":"https:\/\/fillersupplies.vip\/es\/wp-json\/wp\/v2\/types\/product"}],"replies":[{"embeddable":true,"href":"https:\/\/fillersupplies.vip\/es\/wp-json\/wp\/v2\/comments?post=23672"}],"version-history":[{"count":0,"href":"https:\/\/fillersupplies.vip\/es\/wp-json\/wp\/v2\/product\/23672\/revisions"}],"wp:featuredmedia":[{"embeddable":true,"href":"https:\/\/fillersupplies.vip\/es\/wp-json\/wp\/v2\/media\/23673"}],"wp:attachment":[{"href":"https:\/\/fillersupplies.vip\/es\/wp-json\/wp\/v2\/media?parent=23672"}],"wp:term":[{"taxonomy":"product_cat","embeddable":true,"href":"https:\/\/fillersupplies.vip\/es\/wp-json\/wp\/v2\/product_cat?post=23672"},{"taxonomy":"product_tag","embeddable":true,"href":"https:\/\/fillersupplies.vip\/es\/wp-json\/wp\/v2\/product_tag?post=23672"}],"curies":[{"name":"wp","href":"https:\/\/api.w.org\/{rel}","templated":true}]}}