{"id":11472,"date":"2020-10-18T13:09:49","date_gmt":"2020-10-18T13:09:49","guid":{"rendered":"https:\/\/sarahandbendrix.com\/mon-compte\/"},"modified":"2025-12-02T11:52:26","modified_gmt":"2025-12-02T11:52:26","slug":"mon-compte","status":"publish","type":"page","link":"https:\/\/fillersupplies.vip\/fr\/mon-compte\/","title":{"rendered":"Mon compte"},"content":{"rendered":"<div class=\"woocommerce\"><\/div>\n","protected":false},"excerpt":{"rendered":"","protected":false},"author":1,"featured_media":0,"parent":0,"menu_order":0,"comment_status":"closed","ping_status":"closed","template":"","meta":{"footnotes":""},"class_list":["post-11472","page","type-page","status-publish","hentry"],"yoast_head":"<!-- This site is optimized with the Yoast SEO plugin v27.3 - https:\/\/yoast.com\/product\/yoast-seo-wordpress\/ -->\n<title>.Mon compte - Acheter des injections de produits de comblement cutan\u00e9 Fillersupplies.vip<\/title>\n<meta name=\"robots\" content=\"index, follow, max-snippet:-1, max-image-preview:large, max-video-preview:-1\" \/>\n<link rel=\"canonical\" href=\"https:\/\/fillersupplies.vip\/fr\/mon-compte\/\" \/>\n<meta property=\"og:locale\" content=\"fr_FR\" \/>\n<meta property=\"og:type\" content=\"article\" \/>\n<meta property=\"og:title\" content=\".Mon compte - Acheter des injections de produits de comblement cutan\u00e9 Fillersupplies.vip\" \/>\n<meta property=\"og:url\" content=\"https:\/\/fillersupplies.vip\/fr\/mon-compte\/\" \/>\n<meta property=\"og:site_name\" content=\"Fillersupplies.vip\" \/>\n<meta property=\"article:modified_time\" content=\"2025-12-02T11:52:26+00:00\" \/>\n<meta name=\"twitter:card\" content=\"summary_large_image\" \/>\n<script type=\"application\/ld+json\" class=\"yoast-schema-graph\">{\"@context\":\"https:\\\/\\\/schema.org\",\"@graph\":[{\"@type\":\"WebPage\",\"@id\":\"https:\\\/\\\/fillersupplies.vip\\\/fr\\\/mon-compte\\\/\",\"url\":\"https:\\\/\\\/fillersupplies.vip\\\/fr\\\/mon-compte\\\/\",\"name\":\".Mon compte - Acheter des injections de produits de comblement cutan\u00e9 Fillersupplies.vip\",\"isPartOf\":{\"@id\":\"https:\\\/\\\/fillersupplies.vip\\\/fr\\\/#website\"},\"datePublished\":\"2020-10-18T13:09:49+00:00\",\"dateModified\":\"2025-12-02T11:52:26+00:00\",\"breadcrumb\":{\"@id\":\"https:\\\/\\\/fillersupplies.vip\\\/fr\\\/mon-compte\\\/#breadcrumb\"},\"inLanguage\":\"fr-FR\",\"potentialAction\":[{\"@type\":\"ReadAction\",\"target\":[\"https:\\\/\\\/fillersupplies.vip\\\/fr\\\/mon-compte\\\/\"]}]},{\"@type\":\"BreadcrumbList\",\"@id\":\"https:\\\/\\\/fillersupplies.vip\\\/fr\\\/mon-compte\\\/#breadcrumb\",\"itemListElement\":[{\"@type\":\"ListItem\",\"position\":1,\"name\":\"Domicile\",\"item\":\"https:\\\/\\\/sarahandbendrix.com\\\/\"},{\"@type\":\"ListItem\",\"position\":2,\"name\":\"Mon compte\"}]},{\"@type\":\"WebSite\",\"@id\":\"https:\\\/\\\/fillersupplies.vip\\\/fr\\\/#website\",\"url\":\"https:\\\/\\\/fillersupplies.vip\\\/fr\\\/\",\"name\":\"Sarahandbendrix\",\"description\":\"Visitez notre boutique o\u00f9 vous pouvez acheter les meilleures marques de produits de comblement cutan\u00e9, de botox et de produits de m\u00e9soth\u00e9rapie.\",\"potentialAction\":[{\"@type\":\"SearchAction\",\"target\":{\"@type\":\"EntryPoint\",\"urlTemplate\":\"https:\\\/\\\/fillersupplies.vip\\\/fr\\\/?s={search_term_string}\"},\"query-input\":{\"@type\":\"PropertyValueSpecification\",\"valueRequired\":true,\"valueName\":\"search_term_string\"}}],\"inLanguage\":\"fr-FR\"}]}<\/script>\n<!-- \/ Yoast SEO plugin. -->","yoast_head_json":{"title":".Mon compte - Acheter des injections de produits de comblement cutan\u00e9 Fillersupplies.vip","robots":{"index":"index","follow":"follow","max-snippet":"max-snippet:-1","max-image-preview":"max-image-preview:large","max-video-preview":"max-video-preview:-1"},"canonical":"https:\/\/fillersupplies.vip\/fr\/mon-compte\/","og_locale":"fr_FR","og_type":"article","og_title":".Mon compte - Acheter des injections de produits de comblement cutan\u00e9 Fillersupplies.vip","og_url":"https:\/\/fillersupplies.vip\/fr\/mon-compte\/","og_site_name":"Fillersupplies.vip","article_modified_time":"2025-12-02T11:52:26+00:00","twitter_card":"summary_large_image","schema":{"@context":"https:\/\/schema.org","@graph":[{"@type":"WebPage","@id":"https:\/\/fillersupplies.vip\/fr\/mon-compte\/","url":"https:\/\/fillersupplies.vip\/fr\/mon-compte\/","name":".Mon compte - Acheter des injections de produits de comblement cutan\u00e9 Fillersupplies.vip","isPartOf":{"@id":"https:\/\/fillersupplies.vip\/fr\/#website"},"datePublished":"2020-10-18T13:09:49+00:00","dateModified":"2025-12-02T11:52:26+00:00","breadcrumb":{"@id":"https:\/\/fillersupplies.vip\/fr\/mon-compte\/#breadcrumb"},"inLanguage":"fr-FR","potentialAction":[{"@type":"ReadAction","target":["https:\/\/fillersupplies.vip\/fr\/mon-compte\/"]}]},{"@type":"BreadcrumbList","@id":"https:\/\/fillersupplies.vip\/fr\/mon-compte\/#breadcrumb","itemListElement":[{"@type":"ListItem","position":1,"name":"Domicile","item":"https:\/\/sarahandbendrix.com\/"},{"@type":"ListItem","position":2,"name":"Mon compte"}]},{"@type":"WebSite","@id":"https:\/\/fillersupplies.vip\/fr\/#website","url":"https:\/\/fillersupplies.vip\/fr\/","name":"Sarahandbendrix","description":"Visitez notre boutique o\u00f9 vous pouvez acheter les meilleures marques de produits de comblement cutan\u00e9, de botox et de produits de m\u00e9soth\u00e9rapie.","potentialAction":[{"@type":"SearchAction","target":{"@type":"EntryPoint","urlTemplate":"https:\/\/fillersupplies.vip\/fr\/?s={search_term_string}"},"query-input":{"@type":"PropertyValueSpecification","valueRequired":true,"valueName":"search_term_string"}}],"inLanguage":"fr-FR"}]}},"_links":{"self":[{"href":"https:\/\/fillersupplies.vip\/fr\/wp-json\/wp\/v2\/pages\/11472","targetHints":{"allow":["GET"]}}],"collection":[{"href":"https:\/\/fillersupplies.vip\/fr\/wp-json\/wp\/v2\/pages"}],"about":[{"href":"https:\/\/fillersupplies.vip\/fr\/wp-json\/wp\/v2\/types\/page"}],"author":[{"embeddable":true,"href":"https:\/\/fillersupplies.vip\/fr\/wp-json\/wp\/v2\/users\/1"}],"replies":[{"embeddable":true,"href":"https:\/\/fillersupplies.vip\/fr\/wp-json\/wp\/v2\/comments?post=11472"}],"version-history":[{"count":0,"href":"https:\/\/fillersupplies.vip\/fr\/wp-json\/wp\/v2\/pages\/11472\/revisions"}],"wp:attachment":[{"href":"https:\/\/fillersupplies.vip\/fr\/wp-json\/wp\/v2\/media?parent=11472"}],"curies":[{"name":"wp","href":"https:\/\/api.w.org\/{rel}","templated":true}]}}