{"id":12838,"date":"2024-02-12T02:21:31","date_gmt":"2024-02-12T02:21:31","guid":{"rendered":"https:\/\/sarahandbendrix.com\/product\/neuramis-profonds\/"},"modified":"2025-11-24T14:41:58","modified_gmt":"2025-11-24T14:41:58","slug":"neuramis-profonds","status":"publish","type":"product","link":"https:\/\/fillersupplies.vip\/fr\/produit\/neuramis-profonds\/","title":{"rendered":"Neuramis Deep"},"content":{"rendered":"<p><strong>Aper\u00e7u:<\/strong> Neuramis Deep est un produit de comblement dermique haut de gamme con\u00e7u pour traiter les rides profondes et restaurer le volume de la peau. Gr\u00e2ce \u00e0 sa formulation avanc\u00e9e et \u00e0 sa technologie de pointe, Neuramis Deep offre des r\u00e9sultats durables pour un aspect plus jeune et revigor\u00e9. <\/p>\n<p><strong>Caract\u00e9ristiques cl\u00e9s :<\/strong><\/p>\n<ol>\n<li><strong>Formulation avanc\u00e9e :<\/strong> Neuramis Deep est formul\u00e9 \u00e0 base d\u2019acide hyaluronique, une substance naturellement pr\u00e9sente dans la peau qui aide \u00e0 maintenir l\u2019hydratation et l\u2019\u00e9lasticit\u00e9.<\/li>\n<li><strong>Correction profonde des rides :<\/strong> Ce produit de comblement dermique est sp\u00e9cifiquement con\u00e7u pour cibler les rides profondes, telles que les plis nasog\u00e9niens et les rides marionnettes, offrant des r\u00e9sultats lisses et naturels.<\/li>\n<li><strong>Volume am\u00e9lior\u00e9 :<\/strong> Neuramis Deep restaure le volume des zones du visage qui ont perdu leur pl\u00e9nitude \u00e0 cause du vieillissement ou de facteurs environnementaux, ce qui donne un aspect plus jeune et rebondi.<\/li>\n<li><strong>R\u00e9sultats durables :<\/strong> Gr\u00e2ce \u00e0 ses mol\u00e9cules d\u2019acide hyaluronique r\u00e9ticul\u00e9es, Neuramis Deep offre des r\u00e9sultats durables, avec des effets pouvant durer jusqu\u2019\u00e0 12 mois ou plus.<\/li>\n<\/ol>\n<p><strong>Application:<\/strong><\/p>\n<p>Neuramis Deep convient \u00e0 une utilisation dans diverses zones du visage, notamment :<\/p>\n<ul>\n<li>Plis nasolabiaux<\/li>\n<li>Lignes de marionnettes<\/li>\n<li>Joues<\/li>\n<li>Menton<\/li>\n<li>M\u00e2choire<\/li>\n<\/ul>\n<p><strong>Proc\u00e9dure:<\/strong><\/p>\n<p>Le traitement avec Neuramis Deep doit \u00eatre r\u00e9alis\u00e9 par un professionnel de sant\u00e9 qualifi\u00e9 form\u00e9 aux injections de comblement dermique. La proc\u00e9dure comprend g\u00e9n\u00e9ralement les \u00e9tapes suivantes : <\/p>\n<ol>\n<li><strong>Consultation:<\/strong> Les ant\u00e9c\u00e9dents m\u00e9dicaux et les objectifs esth\u00e9tiques du patient sont \u00e9valu\u00e9s afin de d\u00e9terminer l\u2019ad\u00e9quation au traitement.<\/li>\n<li><strong>Pr\u00e9paration:<\/strong> La zone trait\u00e9e est nettoy\u00e9e et une cr\u00e8me anesth\u00e9siante topique peut \u00eatre appliqu\u00e9e pour le soulagement.<\/li>\n<li><strong>Injection:<\/strong> \u00c0 l\u2019aide d\u2019une aiguille fine, Neuramis Deep est inject\u00e9 dans les zones cibl\u00e9es avec pr\u00e9cision et exactitude.<\/li>\n<li><strong>Masser:<\/strong> Un massage doux peut \u00eatre appliqu\u00e9 pour assurer une r\u00e9partition uniforme du produit de comblement et obtenir des r\u00e9sultats optimaux.<\/li>\n<li><strong>Soins post-traitement :<\/strong> Il est conseill\u00e9 aux patients d\u2019\u00e9viter les activit\u00e9s intenses, l\u2019exposition excessive au soleil et certains m\u00e9dicaments apr\u00e8s traitement afin de minimiser le risque de complications.<\/li>\n<\/ol>\n<p><strong>R\u00e9sultats:<\/strong><\/p>\n<p>Les patients peuvent s\u2019attendre \u00e0 une am\u00e9lioration imm\u00e9diate de l\u2019apparence des rides profondes et \u00e0 un volume accru dans les zones trait\u00e9es. Les effets de Neuramis Deep durent g\u00e9n\u00e9ralement 12 mois ou plus, selon des facteurs individuels tels que le m\u00e9tabolisme et le mode de vie. <\/p>\n<p><strong>S\u00e9curit\u00e9:<\/strong><\/p>\n<p>Neuramis Deep est fabriqu\u00e9 avec une technologie de pointe et subit des mesures rigoureuses de contr\u00f4le qualit\u00e9 pour garantir sa s\u00e9curit\u00e9 et son efficacit\u00e9. Cependant, comme pour toute proc\u00e9dure m\u00e9dicale, il existe des risques et des effets secondaires potentiels, qui doivent \u00eatre discut\u00e9s avec un professionnel de sant\u00e9 avant le traitement. <\/p>\n<p><strong>Conclusion:<\/strong><\/p>\n<p>Le comblement dermique profond Neuramis offre une solution fiable pour corriger les rides profondes et restaurer le volume de la peau, ce qui donne un aspect plus jeune et rajeuni. Gr\u00e2ce \u00e0 sa formulation avanc\u00e9e et ses r\u00e9sultats durables, Neuramis Deep est un choix privil\u00e9gi\u00e9 pour les patients recherchant des traitements efficaces de rajeunissement facial. <\/p>\n","protected":false},"excerpt":{"rendered":"<p>Neuramis Deep est un produit de comblement dermique avanc\u00e9 formul\u00e9 \u00e0 l\u2019acide hyaluronique pour traiter les rides profondes et restaurer le volume du visage. Il offre des r\u00e9sultats durables, am\u00e9liorant la jeunesse et la vitalit\u00e9 de la peau. <\/p>\n","protected":false},"featured_media":10863,"comment_status":"open","ping_status":"open","template":"","meta":[],"product_cat":[243],"product_tag":[],"class_list":{"0":"post-12838","1":"product","2":"type-product","3":"status-publish","4":"has-post-thumbnail","6":"product_cat-filler-dermiques","8":"first","9":"instock","10":"shipping-taxable","11":"purchasable","12":"product-type-simple"},"yoast_head":"<!-- This site is optimized with the Yoast SEO plugin v27.3 - https:\/\/yoast.com\/product\/yoast-seo-wordpress\/ -->\n<title>Acheter Neuramis Deep en ligne prix de gros - Fillersupplies.vip<\/title>\n<meta name=\"robots\" content=\"index, follow, max-snippet:-1, max-image-preview:large, max-video-preview:-1\" \/>\n<link rel=\"canonical\" href=\"https:\/\/fillersupplies.vip\/fr\/produit\/neuramis-profonds\/\" \/>\n<meta property=\"og:locale\" content=\"fr_FR\" \/>\n<meta property=\"og:type\" content=\"article\" \/>\n<meta property=\"og:title\" content=\"Acheter Neuramis Deep en ligne prix de gros - Fillersupplies.vip\" \/>\n<meta property=\"og:description\" content=\"Neuramis Deep est un produit de comblement dermique avanc\u00e9 formul\u00e9 \u00e0 l\u2019acide hyaluronique pour traiter les rides profondes et restaurer le volume du visage. Il offre des r\u00e9sultats durables, am\u00e9liorant la jeunesse et la vitalit\u00e9 de la peau.\" \/>\n<meta property=\"og:url\" content=\"https:\/\/fillersupplies.vip\/fr\/produit\/neuramis-profonds\/\" \/>\n<meta property=\"og:site_name\" content=\"Fillersupplies.vip\" \/>\n<meta property=\"article:modified_time\" content=\"2025-11-24T14:41:58+00:00\" \/>\n<meta property=\"og:image\" content=\"https:\/\/fillersupplies.vip\/wp-content\/uploads\/2024\/02\/Neuramis-Deep.jpg\" \/>\n\t<meta property=\"og:image:width\" content=\"600\" \/>\n\t<meta property=\"og:image:height\" content=\"600\" \/>\n\t<meta property=\"og:image:type\" content=\"image\/jpeg\" \/>\n<meta name=\"twitter:card\" content=\"summary_large_image\" \/>\n<meta name=\"twitter:label1\" content=\"Estimation de l\u2019heure de la lecture \" \/>\n\t<meta name=\"twitter:data1\" content=\"3 minute\" \/>\n<script type=\"application\/ld+json\" class=\"yoast-schema-graph\">{\"@context\":\"https:\\\/\\\/schema.org\",\"@graph\":[{\"@type\":\"WebPage\",\"@id\":\"https:\\\/\\\/fillersupplies.vip\\\/fr\\\/produit\\\/neuramis-profonds\\\/\",\"url\":\"https:\\\/\\\/fillersupplies.vip\\\/fr\\\/produit\\\/neuramis-profonds\\\/\",\"name\":\"Acheter Neuramis Deep en ligne prix de gros - Fillersupplies.vip\",\"isPartOf\":{\"@id\":\"https:\\\/\\\/fillersupplies.vip\\\/fr\\\/#website\"},\"primaryImageOfPage\":{\"@id\":\"https:\\\/\\\/fillersupplies.vip\\\/fr\\\/produit\\\/neuramis-profonds\\\/#primaryimage\"},\"image\":{\"@id\":\"https:\\\/\\\/fillersupplies.vip\\\/fr\\\/produit\\\/neuramis-profonds\\\/#primaryimage\"},\"thumbnailUrl\":\"https:\\\/\\\/fillersupplies.vip\\\/wp-content\\\/uploads\\\/2024\\\/02\\\/Neuramis-Deep.jpg\",\"datePublished\":\"2024-02-12T02:21:31+00:00\",\"dateModified\":\"2025-11-24T14:41:58+00:00\",\"breadcrumb\":{\"@id\":\"https:\\\/\\\/fillersupplies.vip\\\/fr\\\/produit\\\/neuramis-profonds\\\/#breadcrumb\"},\"inLanguage\":\"fr-FR\",\"potentialAction\":[{\"@type\":\"ReadAction\",\"target\":[\"https:\\\/\\\/fillersupplies.vip\\\/fr\\\/produit\\\/neuramis-profonds\\\/\"]}]},{\"@type\":\"ImageObject\",\"inLanguage\":\"fr-FR\",\"@id\":\"https:\\\/\\\/fillersupplies.vip\\\/fr\\\/produit\\\/neuramis-profonds\\\/#primaryimage\",\"url\":\"https:\\\/\\\/fillersupplies.vip\\\/wp-content\\\/uploads\\\/2024\\\/02\\\/Neuramis-Deep.jpg\",\"contentUrl\":\"https:\\\/\\\/fillersupplies.vip\\\/wp-content\\\/uploads\\\/2024\\\/02\\\/Neuramis-Deep.jpg\",\"width\":600,\"height\":600},{\"@type\":\"BreadcrumbList\",\"@id\":\"https:\\\/\\\/fillersupplies.vip\\\/fr\\\/produit\\\/neuramis-profonds\\\/#breadcrumb\",\"itemListElement\":[{\"@type\":\"ListItem\",\"position\":1,\"name\":\"Domicile\",\"item\":\"https:\\\/\\\/fillersupplies.vip\\\/fr\\\/\"},{\"@type\":\"ListItem\",\"position\":2,\"name\":\"Boutique\",\"item\":\"https:\\\/\\\/fillersupplies.vip\\\/fr\\\/boutique\\\/\"},{\"@type\":\"ListItem\",\"position\":3,\"name\":\"Neuramis Deep\"}]},{\"@type\":\"WebSite\",\"@id\":\"https:\\\/\\\/fillersupplies.vip\\\/fr\\\/#website\",\"url\":\"https:\\\/\\\/fillersupplies.vip\\\/fr\\\/\",\"name\":\"Sarahandbendrix\",\"description\":\"Visitez notre boutique o\u00f9 vous pouvez acheter les meilleures marques de produits de comblement cutan\u00e9, de botox et de produits de m\u00e9soth\u00e9rapie.\",\"potentialAction\":[{\"@type\":\"SearchAction\",\"target\":{\"@type\":\"EntryPoint\",\"urlTemplate\":\"https:\\\/\\\/fillersupplies.vip\\\/fr\\\/?s={search_term_string}\"},\"query-input\":{\"@type\":\"PropertyValueSpecification\",\"valueRequired\":true,\"valueName\":\"search_term_string\"}}],\"inLanguage\":\"fr-FR\"}]}<\/script>\n<!-- \/ Yoast SEO plugin. -->","yoast_head_json":{"title":"Acheter Neuramis Deep en ligne prix de gros - Fillersupplies.vip","robots":{"index":"index","follow":"follow","max-snippet":"max-snippet:-1","max-image-preview":"max-image-preview:large","max-video-preview":"max-video-preview:-1"},"canonical":"https:\/\/fillersupplies.vip\/fr\/produit\/neuramis-profonds\/","og_locale":"fr_FR","og_type":"article","og_title":"Acheter Neuramis Deep en ligne prix de gros - Fillersupplies.vip","og_description":"Neuramis Deep est un produit de comblement dermique avanc\u00e9 formul\u00e9 \u00e0 l\u2019acide hyaluronique pour traiter les rides profondes et restaurer le volume du visage. Il offre des r\u00e9sultats durables, am\u00e9liorant la jeunesse et la vitalit\u00e9 de la peau.","og_url":"https:\/\/fillersupplies.vip\/fr\/produit\/neuramis-profonds\/","og_site_name":"Fillersupplies.vip","article_modified_time":"2025-11-24T14:41:58+00:00","og_image":[{"width":600,"height":600,"url":"https:\/\/fillersupplies.vip\/wp-content\/uploads\/2024\/02\/Neuramis-Deep.jpg","type":"image\/jpeg"}],"twitter_card":"summary_large_image","twitter_misc":{"Estimation de l\u2019heure de la lecture ":"3 minute"},"schema":{"@context":"https:\/\/schema.org","@graph":[{"@type":"WebPage","@id":"https:\/\/fillersupplies.vip\/fr\/produit\/neuramis-profonds\/","url":"https:\/\/fillersupplies.vip\/fr\/produit\/neuramis-profonds\/","name":"Acheter Neuramis Deep en ligne prix de gros - Fillersupplies.vip","isPartOf":{"@id":"https:\/\/fillersupplies.vip\/fr\/#website"},"primaryImageOfPage":{"@id":"https:\/\/fillersupplies.vip\/fr\/produit\/neuramis-profonds\/#primaryimage"},"image":{"@id":"https:\/\/fillersupplies.vip\/fr\/produit\/neuramis-profonds\/#primaryimage"},"thumbnailUrl":"https:\/\/fillersupplies.vip\/wp-content\/uploads\/2024\/02\/Neuramis-Deep.jpg","datePublished":"2024-02-12T02:21:31+00:00","dateModified":"2025-11-24T14:41:58+00:00","breadcrumb":{"@id":"https:\/\/fillersupplies.vip\/fr\/produit\/neuramis-profonds\/#breadcrumb"},"inLanguage":"fr-FR","potentialAction":[{"@type":"ReadAction","target":["https:\/\/fillersupplies.vip\/fr\/produit\/neuramis-profonds\/"]}]},{"@type":"ImageObject","inLanguage":"fr-FR","@id":"https:\/\/fillersupplies.vip\/fr\/produit\/neuramis-profonds\/#primaryimage","url":"https:\/\/fillersupplies.vip\/wp-content\/uploads\/2024\/02\/Neuramis-Deep.jpg","contentUrl":"https:\/\/fillersupplies.vip\/wp-content\/uploads\/2024\/02\/Neuramis-Deep.jpg","width":600,"height":600},{"@type":"BreadcrumbList","@id":"https:\/\/fillersupplies.vip\/fr\/produit\/neuramis-profonds\/#breadcrumb","itemListElement":[{"@type":"ListItem","position":1,"name":"Domicile","item":"https:\/\/fillersupplies.vip\/fr\/"},{"@type":"ListItem","position":2,"name":"Boutique","item":"https:\/\/fillersupplies.vip\/fr\/boutique\/"},{"@type":"ListItem","position":3,"name":"Neuramis Deep"}]},{"@type":"WebSite","@id":"https:\/\/fillersupplies.vip\/fr\/#website","url":"https:\/\/fillersupplies.vip\/fr\/","name":"Sarahandbendrix","description":"Visitez notre boutique o\u00f9 vous pouvez acheter les meilleures marques de produits de comblement cutan\u00e9, de botox et de produits de m\u00e9soth\u00e9rapie.","potentialAction":[{"@type":"SearchAction","target":{"@type":"EntryPoint","urlTemplate":"https:\/\/fillersupplies.vip\/fr\/?s={search_term_string}"},"query-input":{"@type":"PropertyValueSpecification","valueRequired":true,"valueName":"search_term_string"}}],"inLanguage":"fr-FR"}]}},"_links":{"self":[{"href":"https:\/\/fillersupplies.vip\/fr\/wp-json\/wp\/v2\/product\/12838","targetHints":{"allow":["GET"]}}],"collection":[{"href":"https:\/\/fillersupplies.vip\/fr\/wp-json\/wp\/v2\/product"}],"about":[{"href":"https:\/\/fillersupplies.vip\/fr\/wp-json\/wp\/v2\/types\/product"}],"replies":[{"embeddable":true,"href":"https:\/\/fillersupplies.vip\/fr\/wp-json\/wp\/v2\/comments?post=12838"}],"version-history":[{"count":0,"href":"https:\/\/fillersupplies.vip\/fr\/wp-json\/wp\/v2\/product\/12838\/revisions"}],"wp:featuredmedia":[{"embeddable":true,"href":"https:\/\/fillersupplies.vip\/fr\/wp-json\/wp\/v2\/media\/10863"}],"wp:attachment":[{"href":"https:\/\/fillersupplies.vip\/fr\/wp-json\/wp\/v2\/media?parent=12838"}],"wp:term":[{"taxonomy":"product_cat","embeddable":true,"href":"https:\/\/fillersupplies.vip\/fr\/wp-json\/wp\/v2\/product_cat?post=12838"},{"taxonomy":"product_tag","embeddable":true,"href":"https:\/\/fillersupplies.vip\/fr\/wp-json\/wp\/v2\/product_tag?post=12838"}],"curies":[{"name":"wp","href":"https:\/\/api.w.org\/{rel}","templated":true}]}}