{"id":23764,"date":"2025-11-13T21:49:15","date_gmt":"2025-11-13T21:49:15","guid":{"rendered":"https:\/\/sarahandbendrix.com\/product\/booster-nad-en-bouteille-nmn\/"},"modified":"2026-01-24T04:24:42","modified_gmt":"2026-01-24T04:24:42","slug":"booster-nad-en-bouteille-nmn","status":"publish","type":"product","link":"https:\/\/fillersupplies.vip\/fr\/produit\/booster-nad-en-bouteille-nmn\/","title":{"rendered":"NMN Bottle NAD Booster \u2013 S\u00e9rum anti-\u00e2ge intensif topique (10 x 5 ml)"},"content":{"rendered":"<h2 data-path-to-node=\"3\">NMN NAD Booster : Revitalisant cutan\u00e9 topique intensif<\/h2>\n<p data-path-to-node=\"4\">Red\u00e9finissez vos soins de la peau et d\u00e9gagez un teint radieux et \u00e9nergis\u00e9 avec le <b data-path-to-node=\"4\" data-index-in-node=\"75\">NMN NAD Booster<\/b>. Cette formule topique de qualit\u00e9 professionnelle est con\u00e7ue pour soutenir la sant\u00e9 dermique et favoriser la vitalit\u00e9 visible de l\u2019ext\u00e9rieur vers l\u2019int\u00e9rieur.<\/p>\n<h3 data-path-to-node=\"5\">La science de la long\u00e9vit\u00e9 cutan\u00e9e<\/h3>\n<p data-path-to-node=\"6\"><span class=\"citation-120\">Notre formule utilise <\/span><b data-path-to-node=\"6\" data-index-in-node=\"21\"><span class=\"citation-120\">le NMN (Nicotinamide Mononucl\u00e9otide),<\/span><\/b> <span class=\"citation-120\">un pr\u00e9curseur direct du <\/span><b data-path-to-node=\"6\" data-index-in-node=\"78\"><span class=\"citation-120\">NAD+<\/span><\/b><span class=\"citation-120 citation-end-120\">, une coenzyme essentielle \u00e0 l\u2019\u00e9nergie cellulaire.<\/span> \u00c0 mesure que les niveaux naturels de NAD+ dans la peau diminuent avec l\u2019\u00e2ge, ce booster aide \u00e0 \u00ab renouveler \u00bb l\u2019apparence de votre peau, en soutenant ses processus naturels de r\u00e9paration et de rajeunissement.<\/p>\n<h3 data-path-to-node=\"7\">R\u00e9sultats esth\u00e9tiques cibl\u00e9s<\/h3>\n<ul data-path-to-node=\"8\">\n<li>\n<p data-path-to-node=\"8,0,0\"><b data-path-to-node=\"8,0,0\" data-index-in-node=\"0\">Radiance et \u00e9nergie :<\/b> Soutient l\u2019apparence m\u00e9tabolique naturelle de la peau, aidant \u00e0 r\u00e9duire les signes de fatigue pour un aspect plus \u00e9clatant.<\/p>\n<\/li>\n<li>\n<p data-path-to-node=\"8,1,0\"><b data-path-to-node=\"8,1,0\" data-index-in-node=\"0\">Int\u00e9grit\u00e9 structurelle :<\/b> Am\u00e9liore l\u2019apparence de la fermet\u00e9 et de la texture de la peau en fournissant des cofacteurs essentiels \u00e0 la matrice extracellulaire.<\/p>\n<\/li>\n<li>\n<p data-path-to-node=\"8,2,0\"><b data-path-to-node=\"8,2,0\" data-index-in-node=\"0\">D\u00e9fense environnementale :<\/b><span class=\"citation-119 citation-end-119\"> Soutient la r\u00e9silience de la peau face au stress oxydatif et aux dommages environnementaux.<\/span><\/p>\n<\/li>\n<\/ul>\n<h3 data-path-to-node=\"9\">Pr\u00e9sentation professionnelle et utilisation<\/h3>\n<p data-path-to-node=\"10\">Pr\u00e9sent\u00e9 dans <b data-path-to-node=\"10\" data-index-in-node=\"44\">des flacons pratiques et mesur\u00e9s avec pr\u00e9cision (5 mL x 10 par bo\u00eete),<\/b> notre booster garantit une application r\u00e9guli\u00e8re et une puret\u00e9 maximale des ingr\u00e9dients.<\/p>\n<ul data-path-to-node=\"11\">\n<li>\n<p data-path-to-node=\"11,0,0\"><b data-path-to-node=\"11,0,0\" data-index-in-node=\"0\">Application :<\/b> Appliquez le contenu d\u2019un flacon sur un visage et un cou propres chaque jour.<\/p>\n<\/li>\n<li>\n<p data-path-to-node=\"11,1,0\"><b data-path-to-node=\"11,1,0\" data-index-in-node=\"0\">Absorption :<\/b> Massez doucement jusqu\u2019\u00e0 ce que ce soit compl\u00e8tement absorb\u00e9, puis utilisez votre cr\u00e8me hydratante pr\u00e9f\u00e9r\u00e9e.<\/p>\n<\/li>\n<li>\n<p data-path-to-node=\"11,2,0\"><b data-path-to-node=\"11,2,0\" data-index-in-node=\"0\">Qualit\u00e9 :<\/b> Formul\u00e9 avec des ingr\u00e9dients de premier ordre, sans remplissages inutiles ni additifs artificiels.<\/p>\n<\/li>\n<\/ul>\n<hr data-path-to-node=\"12\">\n<h3 data-path-to-node=\"13\">Utilisation et informations r\u00e9glementaires<\/h3>\n<blockquote data-path-to-node=\"14\">\n<p data-path-to-node=\"14,0\"><b data-path-to-node=\"14,0\" data-index-in-node=\"0\">POUR USAGE EXTERNE UNIQUEMENT POUR LES USAGES TOPIQUES.<\/b>  Ce produit est un traitement esth\u00e9tique et n\u2019est pas destin\u00e9 \u00e0 l\u2019injection ou \u00e0 la consommation interne.<\/p>\n<p data-path-to-node=\"14,1\"><b data-path-to-node=\"14,1\" data-index-in-node=\"0\">AVERTISSEMENT :<\/b> Ces d\u00e9clarations n\u2019ont pas \u00e9t\u00e9 \u00e9valu\u00e9es par les autorit\u00e9s sanitaires. Ce produit n\u2019est pas destin\u00e9 \u00e0 diagnostiquer, traiter, gu\u00e9rir ou pr\u00e9venir une quelconque maladie. Conservez dans un endroit frais et sec pour maintenir la stabilit\u00e9 du NMN.  <\/p>\n<\/blockquote>\n","protected":false},"excerpt":{"rendered":"<p><b data-path-to-node=\"1\" data-index-in-node=\"0\">NMN NAD Booster<\/b> est un traitement topique haut de gamme con\u00e7u pour revitaliser votre peau au niveau cellulaire. Infus\u00e9 avec un mononucl\u00e9otide de nicotinamide de haute puret\u00e9, ce traitement intensif de 10 fioles soutient les niveaux naturels de NAD+ pour fermer, illuminer et rajeunir visiblement votre teint. D\u00e9couvrez des soins bio-\u00e9nerg\u00e9tiques avanc\u00e9s pour un \u00e9clat r\u00e9silient et jeune.    <b data-path-to-node=\"1\" data-index-in-node=\"358\">Usage externe uniquement.<\/b><\/p>\n","protected":false},"featured_media":23766,"comment_status":"closed","ping_status":"closed","template":"","meta":[],"product_cat":[653],"product_tag":[],"class_list":{"0":"post-23764","1":"product","2":"type-product","3":"status-publish","4":"has-post-thumbnail","6":"product_cat-recherche-sur-iles-peptides","8":"first","9":"instock","10":"shipping-taxable","11":"purchasable","12":"product-type-simple"},"yoast_head":"<!-- This site is optimized with the Yoast SEO plugin v27.3 - https:\/\/yoast.com\/product\/yoast-seo-wordpress\/ -->\n<title>Acheter NMN Bottle NAD Booster \u2013 S\u00e9rum anti-\u00e2ge intensif topique (10 x 5 ml) en ligne - Fillersupplies.vip<\/title>\n<meta name=\"robots\" content=\"index, follow, max-snippet:-1, max-image-preview:large, max-video-preview:-1\" \/>\n<link rel=\"canonical\" href=\"https:\/\/fillersupplies.vip\/fr\/produit\/booster-nad-en-bouteille-nmn\/\" \/>\n<meta property=\"og:locale\" content=\"fr_FR\" \/>\n<meta property=\"og:type\" content=\"article\" \/>\n<meta property=\"og:title\" content=\"Acheter NMN Bottle NAD Booster \u2013 S\u00e9rum anti-\u00e2ge intensif topique (10 x 5 ml) en ligne - Fillersupplies.vip\" \/>\n<meta property=\"og:description\" content=\"NMN NAD Booster est un traitement topique haut de gamme con\u00e7u pour revitaliser votre peau au niveau cellulaire. Infus\u00e9 avec un mononucl\u00e9otide de nicotinamide de haute puret\u00e9, ce traitement intensif de 10 fioles soutient les niveaux naturels de NAD+ pour fermer, illuminer et rajeunir visiblement votre teint. D\u00e9couvrez des soins bio-\u00e9nerg\u00e9tiques avanc\u00e9s pour un \u00e9clat r\u00e9silient et jeune.  Usage externe uniquement.\" \/>\n<meta property=\"og:url\" content=\"https:\/\/fillersupplies.vip\/fr\/produit\/booster-nad-en-bouteille-nmn\/\" \/>\n<meta property=\"og:site_name\" content=\"Fillersupplies.vip\" \/>\n<meta property=\"article:modified_time\" content=\"2026-01-24T04:24:42+00:00\" \/>\n<meta property=\"og:image\" content=\"https:\/\/sarahandbendrix.com\/wp-content\/uploads\/2025\/11\/NMN-Bottle-NAD-Booster.png\" \/>\n\t<meta property=\"og:image:width\" content=\"1024\" \/>\n\t<meta property=\"og:image:height\" content=\"1024\" \/>\n\t<meta property=\"og:image:type\" content=\"image\/png\" \/>\n<meta name=\"twitter:card\" content=\"summary_large_image\" \/>\n<meta name=\"twitter:label1\" content=\"Estimation de l\u2019heure de la lecture \" \/>\n\t<meta name=\"twitter:data1\" content=\"2 minute\" \/>\n<script type=\"application\/ld+json\" class=\"yoast-schema-graph\">{\"@context\":\"https:\\\/\\\/schema.org\",\"@graph\":[{\"@type\":\"WebPage\",\"@id\":\"https:\\\/\\\/fillersupplies.vip\\\/fr\\\/produit\\\/booster-nad-en-bouteille-nmn\\\/\",\"url\":\"https:\\\/\\\/fillersupplies.vip\\\/fr\\\/produit\\\/booster-nad-en-bouteille-nmn\\\/\",\"name\":\"Acheter NMN Bottle NAD Booster \u2013 S\u00e9rum anti-\u00e2ge intensif topique (10 x 5 ml) en ligne - Fillersupplies.vip\",\"isPartOf\":{\"@id\":\"https:\\\/\\\/fillersupplies.vip\\\/fr\\\/#website\"},\"primaryImageOfPage\":{\"@id\":\"https:\\\/\\\/fillersupplies.vip\\\/fr\\\/produit\\\/booster-nad-en-bouteille-nmn\\\/#primaryimage\"},\"image\":{\"@id\":\"https:\\\/\\\/fillersupplies.vip\\\/fr\\\/produit\\\/booster-nad-en-bouteille-nmn\\\/#primaryimage\"},\"thumbnailUrl\":\"https:\\\/\\\/fillersupplies.vip\\\/wp-content\\\/uploads\\\/2025\\\/11\\\/NMN-Bottle-NAD-Booster.png\",\"datePublished\":\"2025-11-13T21:49:15+00:00\",\"dateModified\":\"2026-01-24T04:24:42+00:00\",\"breadcrumb\":{\"@id\":\"https:\\\/\\\/fillersupplies.vip\\\/fr\\\/produit\\\/booster-nad-en-bouteille-nmn\\\/#breadcrumb\"},\"inLanguage\":\"fr-FR\",\"potentialAction\":[{\"@type\":\"ReadAction\",\"target\":[\"https:\\\/\\\/fillersupplies.vip\\\/fr\\\/produit\\\/booster-nad-en-bouteille-nmn\\\/\"]}]},{\"@type\":\"ImageObject\",\"inLanguage\":\"fr-FR\",\"@id\":\"https:\\\/\\\/fillersupplies.vip\\\/fr\\\/produit\\\/booster-nad-en-bouteille-nmn\\\/#primaryimage\",\"url\":\"https:\\\/\\\/fillersupplies.vip\\\/wp-content\\\/uploads\\\/2025\\\/11\\\/NMN-Bottle-NAD-Booster.png\",\"contentUrl\":\"https:\\\/\\\/fillersupplies.vip\\\/wp-content\\\/uploads\\\/2025\\\/11\\\/NMN-Bottle-NAD-Booster.png\",\"width\":1024,\"height\":1024},{\"@type\":\"BreadcrumbList\",\"@id\":\"https:\\\/\\\/fillersupplies.vip\\\/fr\\\/produit\\\/booster-nad-en-bouteille-nmn\\\/#breadcrumb\",\"itemListElement\":[{\"@type\":\"ListItem\",\"position\":1,\"name\":\"Domicile\",\"item\":\"https:\\\/\\\/sarahandbendrix.com\\\/\"},{\"@type\":\"ListItem\",\"position\":2,\"name\":\"Boutique\",\"item\":\"https:\\\/\\\/sarahandbendrix.com\\\/fr\\\/?page_id=11808\"},{\"@type\":\"ListItem\",\"position\":3,\"name\":\"NMN Bottle NAD Booster \u2013 S\u00e9rum anti-\u00e2ge intensif topique (10 x 5 ml)\"}]},{\"@type\":\"WebSite\",\"@id\":\"https:\\\/\\\/fillersupplies.vip\\\/fr\\\/#website\",\"url\":\"https:\\\/\\\/fillersupplies.vip\\\/fr\\\/\",\"name\":\"Sarahandbendrix\",\"description\":\"Visitez notre boutique o\u00f9 vous pouvez acheter les meilleures marques de produits de comblement cutan\u00e9, de botox et de produits de m\u00e9soth\u00e9rapie.\",\"potentialAction\":[{\"@type\":\"SearchAction\",\"target\":{\"@type\":\"EntryPoint\",\"urlTemplate\":\"https:\\\/\\\/fillersupplies.vip\\\/fr\\\/?s={search_term_string}\"},\"query-input\":{\"@type\":\"PropertyValueSpecification\",\"valueRequired\":true,\"valueName\":\"search_term_string\"}}],\"inLanguage\":\"fr-FR\"}]}<\/script>\n<!-- \/ Yoast SEO plugin. -->","yoast_head_json":{"title":"Acheter NMN Bottle NAD Booster \u2013 S\u00e9rum anti-\u00e2ge intensif topique (10 x 5 ml) en ligne - Fillersupplies.vip","robots":{"index":"index","follow":"follow","max-snippet":"max-snippet:-1","max-image-preview":"max-image-preview:large","max-video-preview":"max-video-preview:-1"},"canonical":"https:\/\/fillersupplies.vip\/fr\/produit\/booster-nad-en-bouteille-nmn\/","og_locale":"fr_FR","og_type":"article","og_title":"Acheter NMN Bottle NAD Booster \u2013 S\u00e9rum anti-\u00e2ge intensif topique (10 x 5 ml) en ligne - Fillersupplies.vip","og_description":"NMN NAD Booster est un traitement topique haut de gamme con\u00e7u pour revitaliser votre peau au niveau cellulaire. Infus\u00e9 avec un mononucl\u00e9otide de nicotinamide de haute puret\u00e9, ce traitement intensif de 10 fioles soutient les niveaux naturels de NAD+ pour fermer, illuminer et rajeunir visiblement votre teint. D\u00e9couvrez des soins bio-\u00e9nerg\u00e9tiques avanc\u00e9s pour un \u00e9clat r\u00e9silient et jeune.  Usage externe uniquement.","og_url":"https:\/\/fillersupplies.vip\/fr\/produit\/booster-nad-en-bouteille-nmn\/","og_site_name":"Fillersupplies.vip","article_modified_time":"2026-01-24T04:24:42+00:00","og_image":[{"width":1024,"height":1024,"url":"https:\/\/sarahandbendrix.com\/wp-content\/uploads\/2025\/11\/NMN-Bottle-NAD-Booster.png","type":"image\/png"}],"twitter_card":"summary_large_image","twitter_misc":{"Estimation de l\u2019heure de la lecture ":"2 minute"},"schema":{"@context":"https:\/\/schema.org","@graph":[{"@type":"WebPage","@id":"https:\/\/fillersupplies.vip\/fr\/produit\/booster-nad-en-bouteille-nmn\/","url":"https:\/\/fillersupplies.vip\/fr\/produit\/booster-nad-en-bouteille-nmn\/","name":"Acheter NMN Bottle NAD Booster \u2013 S\u00e9rum anti-\u00e2ge intensif topique (10 x 5 ml) en ligne - Fillersupplies.vip","isPartOf":{"@id":"https:\/\/fillersupplies.vip\/fr\/#website"},"primaryImageOfPage":{"@id":"https:\/\/fillersupplies.vip\/fr\/produit\/booster-nad-en-bouteille-nmn\/#primaryimage"},"image":{"@id":"https:\/\/fillersupplies.vip\/fr\/produit\/booster-nad-en-bouteille-nmn\/#primaryimage"},"thumbnailUrl":"https:\/\/fillersupplies.vip\/wp-content\/uploads\/2025\/11\/NMN-Bottle-NAD-Booster.png","datePublished":"2025-11-13T21:49:15+00:00","dateModified":"2026-01-24T04:24:42+00:00","breadcrumb":{"@id":"https:\/\/fillersupplies.vip\/fr\/produit\/booster-nad-en-bouteille-nmn\/#breadcrumb"},"inLanguage":"fr-FR","potentialAction":[{"@type":"ReadAction","target":["https:\/\/fillersupplies.vip\/fr\/produit\/booster-nad-en-bouteille-nmn\/"]}]},{"@type":"ImageObject","inLanguage":"fr-FR","@id":"https:\/\/fillersupplies.vip\/fr\/produit\/booster-nad-en-bouteille-nmn\/#primaryimage","url":"https:\/\/fillersupplies.vip\/wp-content\/uploads\/2025\/11\/NMN-Bottle-NAD-Booster.png","contentUrl":"https:\/\/fillersupplies.vip\/wp-content\/uploads\/2025\/11\/NMN-Bottle-NAD-Booster.png","width":1024,"height":1024},{"@type":"BreadcrumbList","@id":"https:\/\/fillersupplies.vip\/fr\/produit\/booster-nad-en-bouteille-nmn\/#breadcrumb","itemListElement":[{"@type":"ListItem","position":1,"name":"Domicile","item":"https:\/\/sarahandbendrix.com\/"},{"@type":"ListItem","position":2,"name":"Boutique","item":"https:\/\/sarahandbendrix.com\/fr\/?page_id=11808"},{"@type":"ListItem","position":3,"name":"NMN Bottle NAD Booster \u2013 S\u00e9rum anti-\u00e2ge intensif topique (10 x 5 ml)"}]},{"@type":"WebSite","@id":"https:\/\/fillersupplies.vip\/fr\/#website","url":"https:\/\/fillersupplies.vip\/fr\/","name":"Sarahandbendrix","description":"Visitez notre boutique o\u00f9 vous pouvez acheter les meilleures marques de produits de comblement cutan\u00e9, de botox et de produits de m\u00e9soth\u00e9rapie.","potentialAction":[{"@type":"SearchAction","target":{"@type":"EntryPoint","urlTemplate":"https:\/\/fillersupplies.vip\/fr\/?s={search_term_string}"},"query-input":{"@type":"PropertyValueSpecification","valueRequired":true,"valueName":"search_term_string"}}],"inLanguage":"fr-FR"}]}},"_links":{"self":[{"href":"https:\/\/fillersupplies.vip\/fr\/wp-json\/wp\/v2\/product\/23764","targetHints":{"allow":["GET"]}}],"collection":[{"href":"https:\/\/fillersupplies.vip\/fr\/wp-json\/wp\/v2\/product"}],"about":[{"href":"https:\/\/fillersupplies.vip\/fr\/wp-json\/wp\/v2\/types\/product"}],"replies":[{"embeddable":true,"href":"https:\/\/fillersupplies.vip\/fr\/wp-json\/wp\/v2\/comments?post=23764"}],"version-history":[{"count":3,"href":"https:\/\/fillersupplies.vip\/fr\/wp-json\/wp\/v2\/product\/23764\/revisions"}],"predecessor-version":[{"id":25333,"href":"https:\/\/fillersupplies.vip\/fr\/wp-json\/wp\/v2\/product\/23764\/revisions\/25333"}],"wp:featuredmedia":[{"embeddable":true,"href":"https:\/\/fillersupplies.vip\/fr\/wp-json\/wp\/v2\/media\/23766"}],"wp:attachment":[{"href":"https:\/\/fillersupplies.vip\/fr\/wp-json\/wp\/v2\/media?parent=23764"}],"wp:term":[{"taxonomy":"product_cat","embeddable":true,"href":"https:\/\/fillersupplies.vip\/fr\/wp-json\/wp\/v2\/product_cat?post=23764"},{"taxonomy":"product_tag","embeddable":true,"href":"https:\/\/fillersupplies.vip\/fr\/wp-json\/wp\/v2\/product_tag?post=23764"}],"curies":[{"name":"wp","href":"https:\/\/api.w.org\/{rel}","templated":true}]}}