{"id":24527,"date":"2025-12-11T10:49:00","date_gmt":"2025-12-11T10:49:00","guid":{"rendered":"https:\/\/sarahandbendrix.com\/product\/ghk-cu-blauw-koper-peptide-huidreparatie\/"},"modified":"2025-12-12T22:01:56","modified_gmt":"2025-12-12T22:01:56","slug":"ghk-cu-blauw-koper-peptide-huidreparatie","status":"publish","type":"product","link":"https:\/\/fillersupplies.vip\/nl\/product\/ghk-cu-blauw-koper-peptide-huidreparatie\/","title":{"rendered":"GHK-Cu Blue Copper Peptide Skin Repair (10 flesjes)"},"content":{"rendered":"<h3 data-path-to-node=\"3\">Ontgrendel het potentieel van je huid met geavanceerde peptidetechnologie<\/h3>\n<p data-path-to-node=\"4\">Ervaar de volgende generatie huidverzorging met dit innovatieve tweedelige systeem. Het is zorgvuldig ontworpen om krachtige, huidverfijnende en kalmerende ingredi\u00ebnten te leveren precies op het moment dat ze het krachtigst zijn. Perfect voor alle huidtypes, vooral voor degenen die irritatie willen kalmeren, de elasticiteit willen verbeteren en een jeugdige gloed willen herstellen.  <\/p>\n<h3 data-path-to-node=\"5\">\u2728 De kracht van blauwe koperpeptiden<\/h3>\n<p data-path-to-node=\"6\">In het hart van deze set staat Blue <b>Copper Peptide (GHK-Cu),<\/b> een natuurlijk voorkomend peptide dat in de wetenschappelijke gemeenschap bekendstaat om zijn diepgaande regeneratieve vermogens.<\/p>\n<p data-path-to-node=\"7\"><b>Belangrijkste Voordelen:<\/b><\/p>\n<ul data-path-to-node=\"8\">\n<li>\n<p data-path-to-node=\"8,0,0\"><b>Kalmerend en kalmerend:<\/b> Helpt snel om de gevoelige of gestreste huid te kalmeren, waardoor roodheid en ongemak minder zichtbaar worden.<\/p>\n<\/li>\n<li>\n<p data-path-to-node=\"8,1,0\"><b>Verfijning van textuur:<\/b> Ondersteunt het natuurlijke vernieuwingsproces van de huid, wat leidt tot een gladdere, meer verfijnde textuur en kleinere pori\u00ebn.<\/p>\n<\/li>\n<li>\n<p data-path-to-node=\"8,2,0\"><b>Anti-verouderingsondersteuning:<\/b> Bevordert het gevoel van stevigere, elastischere huid, waardoor fijne lijntjes en rimpels zichtbaar worden verminderd voor een veerkrachtigere teint.<\/p>\n<\/li>\n<\/ul>\n<h3 data-path-to-node=\"9\">\ud83d\udd2c Lyophilisatie: Behoud voor maximale potentie<\/h3>\n<p data-path-to-node=\"10\">Het geheim van de effectiviteit van dit product ligt in de <b>Lyophilization (Freeze-Drying) methode voor conservering<\/b> .<\/p>\n<p data-path-to-node=\"11\">De kernpeptide-ingredi\u00ebnten worden zorgvuldig verwerkt tot een gevriesdroogd poeder om vocht te verwijderen terwijl de actieve componenten intact en stabiel blijven. Ze blijven in <b>een slapende toestand<\/b> totdat ze worden geactiveerd door de bijbehorende Blue Copper Freeze-Dried Solution. <\/p>\n<p data-path-to-node=\"12\"><b>Hoe het werkt:<\/b><\/p>\n<ol start=\"1\" data-path-to-node=\"13\">\n<li>\n<p data-path-to-node=\"13,0,0\"><b>Gevriesdroogd poeder (netto: 1g):<\/b> Bevat de geconcentreerde Blue Copper Peptides.<\/p>\n<\/li>\n<li>\n<p data-path-to-node=\"13,1,0\"><b>Gevriesdroogde oplossing (netto: 5ml):<\/b> De steriele, activerende vloeistof die het poeder onmiddellijk oplost.<\/p>\n<\/li>\n<\/ol>\n<p data-path-to-node=\"14\">Door de twee flesjes direct voor gebruik te mengen, wordt de ingredi\u00ebnten op de <b>hoogst mogelijke concentratie en versheid<\/b> toegepast, wat optimale resultaten garandeert die traditionele voorgemengde serums simpelweg niet kunnen evenaren.<\/p>\n<h3 data-path-to-node=\"15\">\ud83d\udca7 Hoe te gebruiken voor optimale resultaten<\/h3>\n<p data-path-to-node=\"16\">Deze set bevat <span class=\"math-inline\" data-math=\"10\">10<\/span> paar Powder and Solution flesjes (<span class=\"math-inline\" data-math=\"5\\text&lt;wpml_curved wpml_value='ml'&gt;&lt;\/wpml_curved&gt; \\times 10\\text&lt;wpml_curved wpml_value='pcs'&gt;&lt;\/wpml_curved&gt;\">5 ml<\/span>).<\/p>\n<ol start=\"1\" data-path-to-node=\"17\">\n<li>\n<p data-path-to-node=\"17,0,0\"><b>Mengen:<\/b> Open \u00e9\u00e9n flesje van het gevriesdroogde poeder en \u00e9\u00e9n flesje van de gevriesdroogde oplossing. Giet de oplossing in het poederflesje. <\/p>\n<\/li>\n<li>\n<p data-path-to-node=\"17,1,0\"><b>Schudden:<\/b> Plaats de stop terug op het poederflesje en schud voorzichtig totdat het poeder volledig is opgelost, waardoor een verse, actieve serum ontstaat.<\/p>\n<\/li>\n<li>\n<p data-path-to-node=\"17,2,0\"><b>Toepassen:<\/b> Breng het gemengde serum gelijkmatig aan op gereinigd gezicht en hals, met de focus op de gebieden die verfijning of verzachting nodig hebben. Gebruik &#8217;s ochtends en &#8217;s avonds. <\/p>\n<\/li>\n<\/ol>\n<p data-path-to-node=\"18\">Tilt je routine op met deze professionele behandeling en laat een zichtbaar gladdere, rustigere en stralendere teint zien.<\/p>\n","protected":false},"excerpt":{"rendered":"<p>Dit innovatieve tweedelige systeem levert krachtige Blue Copper Peptides (GHK-Cu) via vriesdroogtechnologie voor maximale versheid. Meng direct het poeder en de oplossing om een krachtig serum te activeren dat de huidtextuur verfijnt, irritatie verzacht en stevigheid en elasticiteit bevordert voor een gladdere, stralendere teint. <\/p>\n","protected":false},"featured_media":24529,"comment_status":"closed","ping_status":"closed","template":"","meta":[],"product_cat":[661],"product_tag":[],"class_list":{"0":"post-24527","1":"product","2":"type-product","3":"status-publish","4":"has-post-thumbnail","6":"product_cat-peptideonderzoek","8":"first","9":"instock","10":"shipping-taxable","11":"purchasable","12":"product-type-simple"},"yoast_head":"<!-- This site is optimized with the Yoast SEO plugin v27.3 - https:\/\/yoast.com\/product\/yoast-seo-wordpress\/ -->\n<title>Koop GHK-Cu Blue Copper Peptide Skin Repair (10 flesjes) online Groothandelsleverancier - Fillersupplies.vip<\/title>\n<meta name=\"robots\" content=\"index, follow, max-snippet:-1, max-image-preview:large, max-video-preview:-1\" \/>\n<link rel=\"canonical\" href=\"https:\/\/fillersupplies.vip\/nl\/product\/ghk-cu-blauw-koper-peptide-huidreparatie\/\" \/>\n<meta property=\"og:locale\" content=\"nl_NL\" \/>\n<meta property=\"og:type\" content=\"article\" \/>\n<meta property=\"og:title\" content=\"Koop GHK-Cu Blue Copper Peptide Skin Repair (10 flesjes) online Groothandelsleverancier - Fillersupplies.vip\" \/>\n<meta property=\"og:description\" content=\"Dit innovatieve tweedelige systeem levert krachtige Blue Copper Peptides (GHK-Cu) via vriesdroogtechnologie voor maximale versheid. Meng direct het poeder en de oplossing om een krachtig serum te activeren dat de huidtextuur verfijnt, irritatie verzacht en stevigheid en elasticiteit bevordert voor een gladdere, stralendere teint.\" \/>\n<meta property=\"og:url\" content=\"https:\/\/fillersupplies.vip\/nl\/product\/ghk-cu-blauw-koper-peptide-huidreparatie\/\" \/>\n<meta property=\"og:site_name\" content=\"Fillersupplies.vip\" \/>\n<meta property=\"article:modified_time\" content=\"2025-12-12T22:01:56+00:00\" \/>\n<meta property=\"og:image\" content=\"https:\/\/fillersupplies.vip\/wp-content\/uploads\/2025\/12\/Blue-Copper-Peptides-GHK-Cu.jpg\" \/>\n\t<meta property=\"og:image:width\" content=\"1024\" \/>\n\t<meta property=\"og:image:height\" content=\"1024\" \/>\n\t<meta property=\"og:image:type\" content=\"image\/jpeg\" \/>\n<meta name=\"twitter:card\" content=\"summary_large_image\" \/>\n<meta name=\"twitter:label1\" content=\"Geschatte leestijd \" \/>\n\t<meta name=\"twitter:data1\" content=\"2 minuten\" \/>\n<script type=\"application\/ld+json\" class=\"yoast-schema-graph\">{\"@context\":\"https:\\\/\\\/schema.org\",\"@graph\":[{\"@type\":\"WebPage\",\"@id\":\"https:\\\/\\\/fillersupplies.vip\\\/nl\\\/product\\\/ghk-cu-blauw-koper-peptide-huidreparatie\\\/\",\"url\":\"https:\\\/\\\/fillersupplies.vip\\\/nl\\\/product\\\/ghk-cu-blauw-koper-peptide-huidreparatie\\\/\",\"name\":\"Koop GHK-Cu Blue Copper Peptide Skin Repair (10 flesjes) online Groothandelsleverancier - Fillersupplies.vip\",\"isPartOf\":{\"@id\":\"https:\\\/\\\/fillersupplies.vip\\\/nl\\\/#website\"},\"primaryImageOfPage\":{\"@id\":\"https:\\\/\\\/fillersupplies.vip\\\/nl\\\/product\\\/ghk-cu-blauw-koper-peptide-huidreparatie\\\/#primaryimage\"},\"image\":{\"@id\":\"https:\\\/\\\/fillersupplies.vip\\\/nl\\\/product\\\/ghk-cu-blauw-koper-peptide-huidreparatie\\\/#primaryimage\"},\"thumbnailUrl\":\"https:\\\/\\\/fillersupplies.vip\\\/wp-content\\\/uploads\\\/2025\\\/12\\\/Blue-Copper-Peptides-GHK-Cu.jpg\",\"datePublished\":\"2025-12-11T10:49:00+00:00\",\"dateModified\":\"2025-12-12T22:01:56+00:00\",\"breadcrumb\":{\"@id\":\"https:\\\/\\\/fillersupplies.vip\\\/nl\\\/product\\\/ghk-cu-blauw-koper-peptide-huidreparatie\\\/#breadcrumb\"},\"inLanguage\":\"nl-NL\",\"potentialAction\":[{\"@type\":\"ReadAction\",\"target\":[\"https:\\\/\\\/fillersupplies.vip\\\/nl\\\/product\\\/ghk-cu-blauw-koper-peptide-huidreparatie\\\/\"]}]},{\"@type\":\"ImageObject\",\"inLanguage\":\"nl-NL\",\"@id\":\"https:\\\/\\\/fillersupplies.vip\\\/nl\\\/product\\\/ghk-cu-blauw-koper-peptide-huidreparatie\\\/#primaryimage\",\"url\":\"https:\\\/\\\/fillersupplies.vip\\\/wp-content\\\/uploads\\\/2025\\\/12\\\/Blue-Copper-Peptides-GHK-Cu.jpg\",\"contentUrl\":\"https:\\\/\\\/fillersupplies.vip\\\/wp-content\\\/uploads\\\/2025\\\/12\\\/Blue-Copper-Peptides-GHK-Cu.jpg\",\"width\":1024,\"height\":1024},{\"@type\":\"BreadcrumbList\",\"@id\":\"https:\\\/\\\/fillersupplies.vip\\\/nl\\\/product\\\/ghk-cu-blauw-koper-peptide-huidreparatie\\\/#breadcrumb\",\"itemListElement\":[{\"@type\":\"ListItem\",\"position\":1,\"name\":\"Thuis\",\"item\":\"https:\\\/\\\/fillersupplies.vip\\\/nl\\\/\"},{\"@type\":\"ListItem\",\"position\":2,\"name\":\"Winkel op\",\"item\":\"https:\\\/\\\/fillersupplies.vip\\\/nl\\\/winkel-op\\\/\"},{\"@type\":\"ListItem\",\"position\":3,\"name\":\"GHK-Cu Blue Copper Peptide Skin Repair (10 flesjes)\"}]},{\"@type\":\"WebSite\",\"@id\":\"https:\\\/\\\/fillersupplies.vip\\\/nl\\\/#website\",\"url\":\"https:\\\/\\\/fillersupplies.vip\\\/nl\\\/\",\"name\":\"Sarahandbendrix\",\"description\":\"Bezoek onze winkel waar u de beste merken fillers, botox en mesotherapieproducten kunt kopen\",\"potentialAction\":[{\"@type\":\"SearchAction\",\"target\":{\"@type\":\"EntryPoint\",\"urlTemplate\":\"https:\\\/\\\/fillersupplies.vip\\\/nl\\\/?s={search_term_string}\"},\"query-input\":{\"@type\":\"PropertyValueSpecification\",\"valueRequired\":true,\"valueName\":\"search_term_string\"}}],\"inLanguage\":\"nl-NL\"}]}<\/script>\n<!-- \/ Yoast SEO plugin. -->","yoast_head_json":{"title":"Koop GHK-Cu Blue Copper Peptide Skin Repair (10 flesjes) online Groothandelsleverancier - Fillersupplies.vip","robots":{"index":"index","follow":"follow","max-snippet":"max-snippet:-1","max-image-preview":"max-image-preview:large","max-video-preview":"max-video-preview:-1"},"canonical":"https:\/\/fillersupplies.vip\/nl\/product\/ghk-cu-blauw-koper-peptide-huidreparatie\/","og_locale":"nl_NL","og_type":"article","og_title":"Koop GHK-Cu Blue Copper Peptide Skin Repair (10 flesjes) online Groothandelsleverancier - Fillersupplies.vip","og_description":"Dit innovatieve tweedelige systeem levert krachtige Blue Copper Peptides (GHK-Cu) via vriesdroogtechnologie voor maximale versheid. Meng direct het poeder en de oplossing om een krachtig serum te activeren dat de huidtextuur verfijnt, irritatie verzacht en stevigheid en elasticiteit bevordert voor een gladdere, stralendere teint.","og_url":"https:\/\/fillersupplies.vip\/nl\/product\/ghk-cu-blauw-koper-peptide-huidreparatie\/","og_site_name":"Fillersupplies.vip","article_modified_time":"2025-12-12T22:01:56+00:00","og_image":[{"width":1024,"height":1024,"url":"https:\/\/fillersupplies.vip\/wp-content\/uploads\/2025\/12\/Blue-Copper-Peptides-GHK-Cu.jpg","type":"image\/jpeg"}],"twitter_card":"summary_large_image","twitter_misc":{"Geschatte leestijd ":"2 minuten"},"schema":{"@context":"https:\/\/schema.org","@graph":[{"@type":"WebPage","@id":"https:\/\/fillersupplies.vip\/nl\/product\/ghk-cu-blauw-koper-peptide-huidreparatie\/","url":"https:\/\/fillersupplies.vip\/nl\/product\/ghk-cu-blauw-koper-peptide-huidreparatie\/","name":"Koop GHK-Cu Blue Copper Peptide Skin Repair (10 flesjes) online Groothandelsleverancier - Fillersupplies.vip","isPartOf":{"@id":"https:\/\/fillersupplies.vip\/nl\/#website"},"primaryImageOfPage":{"@id":"https:\/\/fillersupplies.vip\/nl\/product\/ghk-cu-blauw-koper-peptide-huidreparatie\/#primaryimage"},"image":{"@id":"https:\/\/fillersupplies.vip\/nl\/product\/ghk-cu-blauw-koper-peptide-huidreparatie\/#primaryimage"},"thumbnailUrl":"https:\/\/fillersupplies.vip\/wp-content\/uploads\/2025\/12\/Blue-Copper-Peptides-GHK-Cu.jpg","datePublished":"2025-12-11T10:49:00+00:00","dateModified":"2025-12-12T22:01:56+00:00","breadcrumb":{"@id":"https:\/\/fillersupplies.vip\/nl\/product\/ghk-cu-blauw-koper-peptide-huidreparatie\/#breadcrumb"},"inLanguage":"nl-NL","potentialAction":[{"@type":"ReadAction","target":["https:\/\/fillersupplies.vip\/nl\/product\/ghk-cu-blauw-koper-peptide-huidreparatie\/"]}]},{"@type":"ImageObject","inLanguage":"nl-NL","@id":"https:\/\/fillersupplies.vip\/nl\/product\/ghk-cu-blauw-koper-peptide-huidreparatie\/#primaryimage","url":"https:\/\/fillersupplies.vip\/wp-content\/uploads\/2025\/12\/Blue-Copper-Peptides-GHK-Cu.jpg","contentUrl":"https:\/\/fillersupplies.vip\/wp-content\/uploads\/2025\/12\/Blue-Copper-Peptides-GHK-Cu.jpg","width":1024,"height":1024},{"@type":"BreadcrumbList","@id":"https:\/\/fillersupplies.vip\/nl\/product\/ghk-cu-blauw-koper-peptide-huidreparatie\/#breadcrumb","itemListElement":[{"@type":"ListItem","position":1,"name":"Thuis","item":"https:\/\/fillersupplies.vip\/nl\/"},{"@type":"ListItem","position":2,"name":"Winkel op","item":"https:\/\/fillersupplies.vip\/nl\/winkel-op\/"},{"@type":"ListItem","position":3,"name":"GHK-Cu Blue Copper Peptide Skin Repair (10 flesjes)"}]},{"@type":"WebSite","@id":"https:\/\/fillersupplies.vip\/nl\/#website","url":"https:\/\/fillersupplies.vip\/nl\/","name":"Sarahandbendrix","description":"Bezoek onze winkel waar u de beste merken fillers, botox en mesotherapieproducten kunt kopen","potentialAction":[{"@type":"SearchAction","target":{"@type":"EntryPoint","urlTemplate":"https:\/\/fillersupplies.vip\/nl\/?s={search_term_string}"},"query-input":{"@type":"PropertyValueSpecification","valueRequired":true,"valueName":"search_term_string"}}],"inLanguage":"nl-NL"}]}},"_links":{"self":[{"href":"https:\/\/fillersupplies.vip\/nl\/wp-json\/wp\/v2\/product\/24527","targetHints":{"allow":["GET"]}}],"collection":[{"href":"https:\/\/fillersupplies.vip\/nl\/wp-json\/wp\/v2\/product"}],"about":[{"href":"https:\/\/fillersupplies.vip\/nl\/wp-json\/wp\/v2\/types\/product"}],"replies":[{"embeddable":true,"href":"https:\/\/fillersupplies.vip\/nl\/wp-json\/wp\/v2\/comments?post=24527"}],"version-history":[{"count":1,"href":"https:\/\/fillersupplies.vip\/nl\/wp-json\/wp\/v2\/product\/24527\/revisions"}],"predecessor-version":[{"id":24846,"href":"https:\/\/fillersupplies.vip\/nl\/wp-json\/wp\/v2\/product\/24527\/revisions\/24846"}],"wp:featuredmedia":[{"embeddable":true,"href":"https:\/\/fillersupplies.vip\/nl\/wp-json\/wp\/v2\/media\/24529"}],"wp:attachment":[{"href":"https:\/\/fillersupplies.vip\/nl\/wp-json\/wp\/v2\/media?parent=24527"}],"wp:term":[{"taxonomy":"product_cat","embeddable":true,"href":"https:\/\/fillersupplies.vip\/nl\/wp-json\/wp\/v2\/product_cat?post=24527"},{"taxonomy":"product_tag","embeddable":true,"href":"https:\/\/fillersupplies.vip\/nl\/wp-json\/wp\/v2\/product_tag?post=24527"}],"curies":[{"name":"wp","href":"https:\/\/api.w.org\/{rel}","templated":true}]}}